{"id":54406,"date":"2025-12-11T17:47:24","date_gmt":"2025-12-11T16:47:24","guid":{"rendered":"https:\/\/tablaoflamenco1911.com\/es\/?page_id=54406"},"modified":"2025-12-18T18:46:27","modified_gmt":"2025-12-18T17:46:27","slug":"oferta-exclusiva-parking-para-tablao-flamenco-1911","status":"publish","type":"page","link":"https:\/\/tablaoflamenco1911.com\/pt\/oferta-estacionamento\/","title":{"rendered":"O seu bilhete do estacionamento Santa Ana tem pr\u00e9mio"},"content":{"rendered":"<p><\/p>\n<h3 data-start=\"2236\" data-end=\"2254\">Como funciona?<\/h3>\n<ol>\n<li data-start=\"2236\" data-end=\"2254\"><strong data-start=\"2256\" data-end=\"2283\">Garanta o seu lugar:<\/strong> Compre o seu bilhete <strong data-start=\"2305\" data-end=\"2322\">no nosso site<\/strong> ou diretamente na <strong data-start=\"2341\" data-end=\"2355\">bilheteira<\/strong> do tablao (Plaza Santa Ana, 15).<\/li>\n<li data-start=\"2236\" data-end=\"2254\"><strong data-start=\"2390\" data-end=\"2417\">Guarde o seu ticket:<\/strong> N\u00e3o se esque\u00e7a de trazer o ticket <strong data-start=\"2452\" data-end=\"2471\">f\u00edsico em papel<\/strong> entregue pela m\u00e1quina do estacionamento.<\/li>\n<li data-start=\"2236\" data-end=\"2254\"><strong data-start=\"2514\" data-end=\"2537\">Mostre e brinde:<\/strong> Ao validar a entrada, entregue o seu <strong data-start=\"2575\" data-end=\"2603\">ticket de estacionamento<\/strong> e receba a sua garrafa de oferta durante o espet\u00e1culo.<\/li>\n<\/ol>\n<p data-start=\"760\" data-end=\"878\"><em data-start=\"760\" data-end=\"878\">\u2731 Convite limitado a um n\u00famero di\u00e1rio por sess\u00e3o. Recomendamos chegar com anteced\u00eancia para garantir o seu presente.<\/em><\/p>\n<p><\/p>","protected":false},"excerpt":{"rendered":"Como funciona? Garanta o seu lugar: Compre o seu bilhete no nosso site ou diretamente na bilheteira do tablao (Plaza Santa Ana, 15). Guarde o seu ticket: N\u00e3o se esque\u00e7a de trazer o ticket f\u00edsico em papel entregue pela m\u00e1quina do estacionamento. Mostre e brinde: Ao validar a entrada, entregue o seu ticket de estacionamento&#8230;","protected":false},"author":8,"featured_media":0,"parent":0,"menu_order":0,"comment_status":"closed","ping_status":"closed","template":"templates\/primary.php","meta":{"_acf_changed":false,"inline_featured_image":false,"footnotes":""},"class_list":["post-54406","page","type-page","status-publish","hentry"],"acf":[],"yoast_head":"<!-- This site is optimized with the Yoast SEO plugin v27.5 - https:\/\/yoast.com\/product\/yoast-seo-wordpress\/ -->\n<title>O seu bilhete do estacionamento Santa Ana tem pr\u00e9mio - Tablao Flamenco 1911<\/title>\n<meta name=\"description\" content=\"Aproveite a nossa oferta de estacionamento no centro de Madrid e desfrute do melhor flamenco sem preocupa\u00e7\u00f5es. Estacione com conforto e seguran\u00e7a a poucos minutos do Cardamomo.\" \/>\n<meta name=\"robots\" content=\"index, follow, max-snippet:-1, max-image-preview:large, max-video-preview:-1\" \/>\n<link rel=\"canonical\" href=\"\/\" \/>\n<meta property=\"og:locale\" content=\"pt_PT\" \/>\n<meta property=\"og:type\" content=\"article\" \/>\n<meta property=\"og:title\" content=\"O seu bilhete do estacionamento Santa Ana tem pr\u00e9mio - Tablao Flamenco 1911\" \/>\n<meta property=\"og:description\" content=\"Aproveite a nossa oferta de estacionamento no centro de Madrid e desfrute do melhor flamenco sem preocupa\u00e7\u00f5es. Estacione com conforto e seguran\u00e7a a poucos minutos do Cardamomo.\" \/>\n<meta property=\"og:url\" content=\"https:\/\/tablaoflamenco1911.com\/pt\/oferta-parking\/\" \/>\n<meta property=\"og:site_name\" content=\"Tablao Flamenco 1911\" \/>\n<meta property=\"article:modified_time\" content=\"2025-12-18T17:46:27+00:00\" \/>\n<meta name=\"twitter:card\" content=\"summary_large_image\" \/>\n<meta name=\"twitter:label1\" content=\"Tempo estimado de leitura\" \/>\n\t<meta name=\"twitter:data1\" content=\"1 minuto\" \/>\n<script type=\"application\/ld+json\" class=\"yoast-schema-graph\">{\"@context\":\"https:\\\/\\\/schema.org\",\"@graph\":[{\"@type\":\"WebPage\",\"@id\":\"https:\\\/\\\/tablaoflamenco1911.com\\\/pt\\\/oferta-parking\\\/\",\"url\":\"https:\\\/\\\/tablaoflamenco1911.com\\\/pt\\\/oferta-parking\\\/\",\"name\":\"O seu bilhete do estacionamento Santa Ana tem pr\u00e9mio - Tablao Flamenco 1911\",\"isPartOf\":{\"@id\":\"https:\\\/\\\/tablaoflamenco1911.com\\\/pt\\\/#website\"},\"datePublished\":\"2025-12-11T16:47:24+00:00\",\"dateModified\":\"2025-12-18T17:46:27+00:00\",\"description\":\"Aproveite a nossa oferta de estacionamento no centro de Madrid e desfrute do melhor flamenco sem preocupa\u00e7\u00f5es. Estacione com conforto e seguran\u00e7a a poucos minutos do Cardamomo.\",\"breadcrumb\":{\"@id\":\"https:\\\/\\\/tablaoflamenco1911.com\\\/pt\\\/oferta-parking\\\/#breadcrumb\"},\"inLanguage\":\"pt-PT\",\"potentialAction\":[{\"@type\":\"ReadAction\",\"target\":[[\"https:\\\/\\\/tablaoflamenco1911.com\\\/pt\\\/oferta-parking\\\/\"]]}]},{\"@type\":\"BreadcrumbList\",\"@id\":\"https:\\\/\\\/tablaoflamenco1911.com\\\/pt\\\/oferta-parking\\\/#breadcrumb\",\"itemListElement\":[{\"@type\":\"ListItem\",\"position\":1,\"name\":\"Portada\",\"item\":\"https:\\\/\\\/tablaoflamenco1911.com\\\/pt\\\/\"},{\"@type\":\"ListItem\",\"position\":2,\"name\":\"Tu ticket del Parking Santa Ana tiene premio\"}]},{\"@type\":\"WebSite\",\"@id\":\"https:\\\/\\\/tablaoflamenco1911.com\\\/pt\\\/#website\",\"url\":\"https:\\\/\\\/tablaoflamenco1911.com\\\/pt\\\/\",\"name\":\"Tablao Flamenco 1911\",\"description\":\"La Catedral del Flamenco en Madrid\",\"potentialAction\":[{\"@type\":\"SearchAction\",\"target\":{\"@type\":\"EntryPoint\",\"urlTemplate\":\"https:\\\/\\\/tablaoflamenco1911.com\\\/pt\\\/?s={search_term_string}\"},\"query-input\":{\"@type\":\"PropertyValueSpecification\",\"valueRequired\":true,\"valueName\":\"search_term_string\"}}],\"inLanguage\":\"pt-PT\"}]}<\/script>\n<!-- \/ Yoast SEO plugin. -->","yoast_head_json":{"title":"O seu bilhete do estacionamento Santa Ana tem pr\u00e9mio - Tablao Flamenco 1911","description":"Aproveite a nossa oferta de estacionamento no centro de Madrid e desfrute do melhor flamenco sem preocupa\u00e7\u00f5es. Estacione com conforto e seguran\u00e7a a poucos minutos do Cardamomo.","robots":{"index":"index","follow":"follow","max-snippet":"max-snippet:-1","max-image-preview":"max-image-preview:large","max-video-preview":"max-video-preview:-1"},"canonical":"\/","og_locale":"pt_PT","og_type":"article","og_title":"O seu bilhete do estacionamento Santa Ana tem pr\u00e9mio - Tablao Flamenco 1911","og_description":"Aproveite a nossa oferta de estacionamento no centro de Madrid e desfrute do melhor flamenco sem preocupa\u00e7\u00f5es. Estacione com conforto e seguran\u00e7a a poucos minutos do Cardamomo.","og_url":"https:\/\/tablaoflamenco1911.com\/pt\/oferta-parking\/","og_site_name":"Tablao Flamenco 1911","article_modified_time":"2025-12-18T17:46:27+00:00","twitter_card":"summary_large_image","twitter_misc":{"Tempo estimado de leitura":"1 minuto"},"schema":{"@context":"https:\/\/schema.org","@graph":[{"@type":"WebPage","@id":"https:\/\/tablaoflamenco1911.com\/pt\/oferta-parking\/","url":"https:\/\/tablaoflamenco1911.com\/pt\/oferta-parking\/","name":"O seu bilhete do estacionamento Santa Ana tem pr\u00e9mio - Tablao Flamenco 1911","isPartOf":{"@id":"https:\/\/tablaoflamenco1911.com\/pt\/#website"},"datePublished":"2025-12-11T16:47:24+00:00","dateModified":"2025-12-18T17:46:27+00:00","description":"Aproveite a nossa oferta de estacionamento no centro de Madrid e desfrute do melhor flamenco sem preocupa\u00e7\u00f5es. Estacione com conforto e seguran\u00e7a a poucos minutos do Cardamomo.","breadcrumb":{"@id":"https:\/\/tablaoflamenco1911.com\/pt\/oferta-parking\/#breadcrumb"},"inLanguage":"pt-PT","potentialAction":[{"@type":"ReadAction","target":[["https:\/\/tablaoflamenco1911.com\/pt\/oferta-parking\/"]]}]},{"@type":"BreadcrumbList","@id":"https:\/\/tablaoflamenco1911.com\/pt\/oferta-parking\/#breadcrumb","itemListElement":[{"@type":"ListItem","position":1,"name":"Portada","item":"https:\/\/tablaoflamenco1911.com\/pt\/"},{"@type":"ListItem","position":2,"name":"Tu ticket del Parking Santa Ana tiene premio"}]},{"@type":"WebSite","@id":"https:\/\/tablaoflamenco1911.com\/pt\/#website","url":"https:\/\/tablaoflamenco1911.com\/pt\/","name":"Tablao Flamenco 1911","description":"La Catedral del Flamenco en Madrid","potentialAction":[{"@type":"SearchAction","target":{"@type":"EntryPoint","urlTemplate":"https:\/\/tablaoflamenco1911.com\/pt\/?s={search_term_string}"},"query-input":{"@type":"PropertyValueSpecification","valueRequired":true,"valueName":"search_term_string"}}],"inLanguage":"pt-PT"}]}},"_links":{"self":[{"href":"https:\/\/tablaoflamenco1911.com\/pt\/wp-json\/wp\/v2\/pages\/54406","targetHints":{"allow":["GET"]}}],"collection":[{"href":"https:\/\/tablaoflamenco1911.com\/pt\/wp-json\/wp\/v2\/pages"}],"about":[{"href":"https:\/\/tablaoflamenco1911.com\/pt\/wp-json\/wp\/v2\/types\/page"}],"author":[{"embeddable":true,"href":"https:\/\/tablaoflamenco1911.com\/pt\/wp-json\/wp\/v2\/users\/8"}],"replies":[{"embeddable":true,"href":"https:\/\/tablaoflamenco1911.com\/pt\/wp-json\/wp\/v2\/comments?post=54406"}],"version-history":[{"count":92,"href":"https:\/\/tablaoflamenco1911.com\/pt\/wp-json\/wp\/v2\/pages\/54406\/revisions"}],"predecessor-version":[{"id":54526,"href":"https:\/\/tablaoflamenco1911.com\/pt\/wp-json\/wp\/v2\/pages\/54406\/revisions\/54526"}],"wp:attachment":[{"href":"https:\/\/tablaoflamenco1911.com\/pt\/wp-json\/wp\/v2\/media?parent=54406"}],"curies":[{"name":"wp","href":"https:\/\/api.w.org\/{rel}","templated":true}]}}