{"id":4019,"date":"2022-09-14T19:11:49","date_gmt":"2022-09-14T17:11:49","guid":{"rendered":"https:\/\/tablaoflamenco1911.com\/es\/?page_id=4019"},"modified":"2025-04-01T18:06:10","modified_gmt":"2025-04-01T16:06:10","slug":"error-en-la-compra","status":"publish","type":"page","link":"https:\/\/tablaoflamenco1911.com\/pt\/erro-na-compra\/","title":{"rendered":"Erro na compra"},"content":{"rendered":"<p><\/p>\n<p class=\"\" data-start=\"540\" data-end=\"635\">N\u00e3o foi poss\u00edvel processar o pagamento com o seu cart\u00e3o de cr\u00e9dito. Por favor, tente novamente.<\/p>\n<p><\/p>","protected":false},"excerpt":{"rendered":"N\u00e3o foi poss\u00edvel processar o pagamento com o seu cart\u00e3o de cr\u00e9dito. Por favor, tente novamente.","protected":false},"author":1,"featured_media":0,"parent":0,"menu_order":0,"comment_status":"closed","ping_status":"closed","template":"","meta":{"_acf_changed":false,"inline_featured_image":false,"footnotes":""},"class_list":["post-4019","page","type-page","status-publish","hentry"],"acf":[],"yoast_head":"<!-- This site is optimized with the Yoast SEO plugin v27.5 - https:\/\/yoast.com\/product\/yoast-seo-wordpress\/ -->\n<title>Erro na compra - Tablao Flamenco 1911<\/title>\n<meta name=\"robots\" content=\"index, follow, max-snippet:-1, max-image-preview:large, max-video-preview:-1\" \/>\n<link rel=\"canonical\" href=\"\/\" \/>\n<meta property=\"og:locale\" content=\"pt_PT\" \/>\n<meta property=\"og:type\" content=\"article\" \/>\n<meta property=\"og:title\" content=\"Erro na compra - Tablao Flamenco 1911\" \/>\n<meta property=\"og:description\" content=\"N\u00e3o foi poss\u00edvel processar o pagamento com o seu cart\u00e3o de cr\u00e9dito. Por favor, tente novamente.\" \/>\n<meta property=\"og:url\" content=\"https:\/\/tablaoflamenco1911.com\/pt\/error-en-la-compra\/\" \/>\n<meta property=\"og:site_name\" content=\"Tablao Flamenco 1911\" \/>\n<meta property=\"article:modified_time\" content=\"2025-04-01T16:06:10+00:00\" \/>\n<meta name=\"twitter:card\" content=\"summary_large_image\" \/>\n<meta name=\"twitter:label1\" content=\"Tempo estimado de leitura\" \/>\n\t<meta name=\"twitter:data1\" content=\"1 minuto\" \/>\n<script type=\"application\/ld+json\" class=\"yoast-schema-graph\">{\"@context\":\"https:\\\/\\\/schema.org\",\"@graph\":[{\"@type\":\"WebPage\",\"@id\":\"https:\\\/\\\/tablaoflamenco1911.com\\\/pt\\\/error-en-la-compra\\\/\",\"url\":\"https:\\\/\\\/tablaoflamenco1911.com\\\/pt\\\/error-en-la-compra\\\/\",\"name\":\"Erro na compra - Tablao Flamenco 1911\",\"isPartOf\":{\"@id\":\"https:\\\/\\\/tablaoflamenco1911.com\\\/pt\\\/#website\"},\"datePublished\":\"2022-09-14T17:11:49+00:00\",\"dateModified\":\"2025-04-01T16:06:10+00:00\",\"breadcrumb\":{\"@id\":\"https:\\\/\\\/tablaoflamenco1911.com\\\/pt\\\/error-en-la-compra\\\/#breadcrumb\"},\"inLanguage\":\"pt-PT\",\"potentialAction\":[{\"@type\":\"ReadAction\",\"target\":[[\"https:\\\/\\\/tablaoflamenco1911.com\\\/pt\\\/error-en-la-compra\\\/\"]]}]},{\"@type\":\"BreadcrumbList\",\"@id\":\"https:\\\/\\\/tablaoflamenco1911.com\\\/pt\\\/error-en-la-compra\\\/#breadcrumb\",\"itemListElement\":[{\"@type\":\"ListItem\",\"position\":1,\"name\":\"Portada\",\"item\":\"https:\\\/\\\/tablaoflamenco1911.com\\\/pt\\\/\"},{\"@type\":\"ListItem\",\"position\":2,\"name\":\"Error en la compra\"}]},{\"@type\":\"WebSite\",\"@id\":\"https:\\\/\\\/tablaoflamenco1911.com\\\/pt\\\/#website\",\"url\":\"https:\\\/\\\/tablaoflamenco1911.com\\\/pt\\\/\",\"name\":\"Tablao Flamenco 1911\",\"description\":\"La Catedral del Flamenco en Madrid\",\"potentialAction\":[{\"@type\":\"SearchAction\",\"target\":{\"@type\":\"EntryPoint\",\"urlTemplate\":\"https:\\\/\\\/tablaoflamenco1911.com\\\/pt\\\/?s={search_term_string}\"},\"query-input\":{\"@type\":\"PropertyValueSpecification\",\"valueRequired\":true,\"valueName\":\"search_term_string\"}}],\"inLanguage\":\"pt-PT\"}]}<\/script>\n<!-- \/ Yoast SEO plugin. -->","yoast_head_json":{"title":"Erro na compra - Tablao Flamenco 1911","robots":{"index":"index","follow":"follow","max-snippet":"max-snippet:-1","max-image-preview":"max-image-preview:large","max-video-preview":"max-video-preview:-1"},"canonical":"\/","og_locale":"pt_PT","og_type":"article","og_title":"Erro na compra - Tablao Flamenco 1911","og_description":"N\u00e3o foi poss\u00edvel processar o pagamento com o seu cart\u00e3o de cr\u00e9dito. Por favor, tente novamente.","og_url":"https:\/\/tablaoflamenco1911.com\/pt\/error-en-la-compra\/","og_site_name":"Tablao Flamenco 1911","article_modified_time":"2025-04-01T16:06:10+00:00","twitter_card":"summary_large_image","twitter_misc":{"Tempo estimado de leitura":"1 minuto"},"schema":{"@context":"https:\/\/schema.org","@graph":[{"@type":"WebPage","@id":"https:\/\/tablaoflamenco1911.com\/pt\/error-en-la-compra\/","url":"https:\/\/tablaoflamenco1911.com\/pt\/error-en-la-compra\/","name":"Erro na compra - Tablao Flamenco 1911","isPartOf":{"@id":"https:\/\/tablaoflamenco1911.com\/pt\/#website"},"datePublished":"2022-09-14T17:11:49+00:00","dateModified":"2025-04-01T16:06:10+00:00","breadcrumb":{"@id":"https:\/\/tablaoflamenco1911.com\/pt\/error-en-la-compra\/#breadcrumb"},"inLanguage":"pt-PT","potentialAction":[{"@type":"ReadAction","target":[["https:\/\/tablaoflamenco1911.com\/pt\/error-en-la-compra\/"]]}]},{"@type":"BreadcrumbList","@id":"https:\/\/tablaoflamenco1911.com\/pt\/error-en-la-compra\/#breadcrumb","itemListElement":[{"@type":"ListItem","position":1,"name":"Portada","item":"https:\/\/tablaoflamenco1911.com\/pt\/"},{"@type":"ListItem","position":2,"name":"Error en la compra"}]},{"@type":"WebSite","@id":"https:\/\/tablaoflamenco1911.com\/pt\/#website","url":"https:\/\/tablaoflamenco1911.com\/pt\/","name":"Tablao Flamenco 1911","description":"La Catedral del Flamenco en Madrid","potentialAction":[{"@type":"SearchAction","target":{"@type":"EntryPoint","urlTemplate":"https:\/\/tablaoflamenco1911.com\/pt\/?s={search_term_string}"},"query-input":{"@type":"PropertyValueSpecification","valueRequired":true,"valueName":"search_term_string"}}],"inLanguage":"pt-PT"}]}},"_links":{"self":[{"href":"https:\/\/tablaoflamenco1911.com\/pt\/wp-json\/wp\/v2\/pages\/4019","targetHints":{"allow":["GET"]}}],"collection":[{"href":"https:\/\/tablaoflamenco1911.com\/pt\/wp-json\/wp\/v2\/pages"}],"about":[{"href":"https:\/\/tablaoflamenco1911.com\/pt\/wp-json\/wp\/v2\/types\/page"}],"author":[{"embeddable":true,"href":"https:\/\/tablaoflamenco1911.com\/pt\/wp-json\/wp\/v2\/users\/1"}],"replies":[{"embeddable":true,"href":"https:\/\/tablaoflamenco1911.com\/pt\/wp-json\/wp\/v2\/comments?post=4019"}],"version-history":[{"count":5,"href":"https:\/\/tablaoflamenco1911.com\/pt\/wp-json\/wp\/v2\/pages\/4019\/revisions"}],"predecessor-version":[{"id":53744,"href":"https:\/\/tablaoflamenco1911.com\/pt\/wp-json\/wp\/v2\/pages\/4019\/revisions\/53744"}],"wp:attachment":[{"href":"https:\/\/tablaoflamenco1911.com\/pt\/wp-json\/wp\/v2\/media?parent=4019"}],"curies":[{"name":"wp","href":"https:\/\/api.w.org\/{rel}","templated":true}]}}