{"id":3421,"date":"2022-09-07T14:39:40","date_gmt":"2022-09-07T14:39:40","guid":{"rendered":"https:\/\/tablaoflamenco1911.com\/?page_id=3421"},"modified":"2025-04-02T15:36:00","modified_gmt":"2025-04-02T13:36:00","slug":"terminos-condiciones-proteccion-de-datos-politica-de-devoluciones-y-reintegros","status":"publish","type":"page","link":"https:\/\/tablaoflamenco1911.com\/pt\/termos-e-condicoes-de-uso\/","title":{"rendered":"Termos e condi\u00e7\u00f5es de uso"},"content":{"rendered":"<p><\/p>\n<h2 data-pm-slice=\"1 1 []\"><strong>Termos, Condi\u00e7\u00f5es, Prote\u00e7\u00e3o de Dados, Pol\u00edtica de Reembolsos e Devolu\u00e7\u00f5es<\/strong><\/h2>\n<h3><strong>Prote\u00e7\u00e3o de Dados<\/strong><\/h3>\n<p>De acordo com a legisla\u00e7\u00e3o em vigor sobre Prote\u00e7\u00e3o de Dados Pessoais, informamos que os seus dados ser\u00e3o incorporados ao sistema de tratamento pertencente \u00e0 CINCOASES PROYECTO SL, com NIF B87292736 e sede em C. ECHEGARAY 15, 1\u00ba, 28014, MADRID, com a finalidade de atender \u00e0s suas solicita\u00e7\u00f5es e enviar informa\u00e7\u00f5es relevantes que possam ser do seu interesse. Em cumprimento \u00e0 legisla\u00e7\u00e3o vigente, a CINCOASES PROYECTO SL informa que os dados ser\u00e3o mantidos apenas pelo tempo estritamente necess\u00e1rio para cumprir os prop\u00f3sitos anteriormente mencionados.<\/p>\n<p>Salvo comunica\u00e7\u00e3o em contr\u00e1rio, entenderemos que seus dados n\u00e3o foram modificados, que voc\u00ea se compromete a nos informar qualquer altera\u00e7\u00e3o e que temos seu consentimento para us\u00e1-los para os fins mencionados.<\/p>\n<p>A CINCOASES PROYECTO SL declara que tratar\u00e1 os dados de forma l\u00edcita, leal, transparente, adequada, pertinente, limitada, exata e atualizada. Por isso, compromete-se a adotar todas as medidas razo\u00e1veis para que esses dados sejam eliminados ou corrigidos sem demora, caso estejam incorretos.<\/p>\n<p>Conforme os direitos conferidos pela legisla\u00e7\u00e3o em vigor sobre prote\u00e7\u00e3o de dados, voc\u00ea poder\u00e1 exercer os direitos de acesso, retifica\u00e7\u00e3o, limita\u00e7\u00e3o do tratamento, elimina\u00e7\u00e3o, portabilidade e oposi\u00e7\u00e3o ao tratamento de seus dados pessoais, bem como retirar o consentimento prestado, enviando seu pedido para o endere\u00e7o postal indicado acima ou para o e-mail <a>reservas@tablaoflamenco1911.com<\/a>.<\/p>\n<p>Voc\u00ea tamb\u00e9m pode entrar em contato com o Encarregado de Prote\u00e7\u00e3o de Dados da CINCOASES PROYECTO SL atrav\u00e9s do e-mail <a>dpo.cliente@conversia.es<\/a> ou pelo telefone 902877192.<\/p>\n<p>Voc\u00ea tem o direito de apresentar uma reclama\u00e7\u00e3o \u00e0 autoridade de controle competente, caso considere necess\u00e1rio.<\/p>\n<p>Ao enviar o formul\u00e1rio de recolha de dados, voc\u00ea aceita a pol\u00edtica de privacidade da CINCOASES PROYECTO SL.<\/p>\n<p>Este texto pode fazer refer\u00eancia \u00e0 CINCOASES PROYECTO SL como Tablao Flamenco 1911.<\/p>\n<h3><strong>Pol\u00edtica de Reembolsos e Devolu\u00e7\u00f5es<\/strong><\/h3>\n<p>A troca de data pode ser solicitada at\u00e9 24 horas antes do in\u00edcio do espet\u00e1culo.<\/p>\n<p>Em caso de cancelamento do bilhete, o Tablao Flamenco 1911 reembolsar\u00e1 100% do valor se o aviso for dado pelo menos 24 horas antes do espet\u00e1culo. Se o aviso for dado entre 24 e 12 horas antes do in\u00edcio, o reembolso ser\u00e1 de 50%.<\/p>\n<p>N\u00e3o haver\u00e1 direito a reembolso se o cancelamento for comunicado com menos de 12 horas de anteced\u00eancia.<\/p>\n<p>O bilhete n\u00e3o \u00e9 nominal e pode ser transferido.<\/p>\n<p>O Tablao Flamenco 1911 n\u00e3o se responsabiliza em caso de perda, roubo ou extravio do bilhete.<\/p>\n<p>O Tablao Flamenco 1911 reserva-se o direito de modificar (data, hor\u00e1rio e artistas) ou cancelar o espet\u00e1culo programado se assim o exigirem circunst\u00e2ncias t\u00e9cnicas, art\u00edsticas ou de for\u00e7a maior.<\/p>\n<p>Em caso de altera\u00e7\u00e3o ou cancelamento do espet\u00e1culo por motivos imput\u00e1veis ao Tablao Flamenco 1911, o cliente ter\u00e1 direito ao reembolso do valor do(s) bilhete(s).<\/p>\n<p>Se for adquirido seguro de cancelamento, o cliente ter\u00e1 direito ao reembolso do bilhete se comunicar o desejo de cancelar a reserva at\u00e9 3 horas antes do espet\u00e1culo. O valor do seguro n\u00e3o \u00e9 reembols\u00e1vel.<\/p>\n<p>Bilhetes para eventos especiais com valor superior a 55\u20ac ter\u00e3o uma pol\u00edtica de cancelamento diferente. Por sua natureza excepcional, poder\u00e3o ser reembolsados at\u00e9 10 dias antes do evento ou at\u00e9 uma semana antes, caso tenha sido adquirido seguro de cancelamento.<\/p>\n<p>Os reembolsos ser\u00e3o feitos pelo mesmo m\u00e9todo de pagamento utilizado na compra. No entanto, o Tablao Flamenco 1911 reserva-se o direito de efetuar o reembolso por outro meio, se houver justificativa para tal.<\/p>\n<h3><strong>Pagamentos<\/strong><\/h3>\n<p>O Tablao Flamenco 1911 garante que o pagamento e a experi\u00eancia de compra online em nosso site (tablaoflamenco1911.com) s\u00e3o seguros e confi\u00e1veis por meio de nossos gateways de pagamento como PayPal, Stripe, etc. Clientes internacionais e da Uni\u00e3o Europeia podem usar PayPal \/ Stripe como forma de pagamento. N\u00e3o \u00e9 necess\u00e1rio ter conta com essas entidades: \u00e9 poss\u00edvel vincular seu cart\u00e3o de d\u00e9bito, cr\u00e9dito ou at\u00e9 mesmo sua conta banc\u00e1ria.<\/p>\n<p>PayPal \/ Stripe \u00e9 uma maneira f\u00e1cil e segura de pagar e receber pagamentos sem precisar divulgar suas informa\u00e7\u00f5es financeiras. Estes sistemas s\u00e3o protegidos com criptografia autom\u00e1tica e os sistemas antifraude mais avan\u00e7ados do mercado.<\/p>\n<h3><strong>Bilhete Presente<\/strong><\/h3>\n<p>A altera\u00e7\u00e3o de data de um Bilhete Presente pode ser solicitada at\u00e9 24 horas antes do in\u00edcio do espet\u00e1culo.<\/p>\n<p>Em caso de cancelamento do Bilhete Presente, o Tablao Flamenco 1911 reembolsar\u00e1 100% do valor se for comunicado at\u00e9 24 horas antes do in\u00edcio do espet\u00e1culo. Se comunicado 12 horas antes, o reembolso ser\u00e1 de 50%.<\/p>\n<p>N\u00e3o haver\u00e1 direito a reembolso do Bilhete Presente se o cancelamento for comunicado com menos de 12 horas de anteced\u00eancia.<\/p>\n<p>O Bilhete Presente n\u00e3o \u00e9 nominal e \u00e9 transfer\u00edvel.<\/p>\n<p>O Tablao Flamenco 1911 n\u00e3o se responsabiliza por perda, roubo ou extravio do Bilhete Presente.<\/p>\n<p>O Tablao Flamenco 1911 reserva-se o direito de modificar (data, hor\u00e1rio e artistas) ou cancelar o espet\u00e1culo por motivos t\u00e9cnicos, art\u00edsticos ou de for\u00e7a maior.<\/p>\n<p>Em caso de modifica\u00e7\u00e3o ou cancelamento por motivos imput\u00e1veis ao Tablao Flamenco 1911, o cliente ter\u00e1 direito ao reembolso.<\/p>\n<h3><strong>Promo\u00e7\u00f5es \u2013 Crian\u00e7as e Beb\u00eas<\/strong><\/h3>\n<p>Descontos promocionais n\u00e3o s\u00e3o cumulativos, salvo indica\u00e7\u00e3o contr\u00e1ria.<\/p>\n<p>Crian\u00e7as entre 3 e 12 anos ter\u00e3o 50% de desconto em muitos espet\u00e1culos, salvo aviso pr\u00e9vio do Tablao Flamenco 1911.<\/p>\n<p>Em eventos com 100% de desconto para crian\u00e7as menores de 3 anos, estas n\u00e3o poder\u00e3o ocupar assento e dever\u00e3o permanecer no colo dos pais.<\/p>\n<p>O n\u00famero de crian\u00e7as por reserva (considerando todas com menos de 12 anos) n\u00e3o poder\u00e1 exceder o n\u00famero de adultos.<\/p>\n<h3><strong>Cancelamento de Promo\u00e7\u00f5es<\/strong><\/h3>\n<p>O Tablao Flamenco 1911 reserva-se o direito de cancelar uma promo\u00e7\u00e3o e n\u00e3o aplic\u00e1-la, seja para bilhetes j\u00e1 adquiridos ou n\u00e3o, se entender que n\u00e3o deve ser aplic\u00e1vel.<\/p>\n<p>Se um bilhete foi comprado com uma promo\u00e7\u00e3o n\u00e3o aplic\u00e1vel e o cliente for informado que esta n\u00e3o se aplica, poder\u00e1 solicitar o reembolso total.<\/p>\n<h3><strong>Contato<\/strong><\/h3>\n<p>Para d\u00favidas, altera\u00e7\u00f5es ou cancelamentos, entre em contato com o Atendimento ao Cliente do Tablao Flamenco 1911 pelos telefones +34 914 91 50 56 ou +34 650 635 125 (das 10h00 \u00e0s 00h00) ou pelo e-mail <a>reservas@tablaoflamenco1911.com<\/a>.<\/p>","protected":false},"excerpt":{"rendered":"Termos, Condi\u00e7\u00f5es, Prote\u00e7\u00e3o de Dados, Pol\u00edtica de Reembolsos e Devolu\u00e7\u00f5es Prote\u00e7\u00e3o de Dados De acordo com a legisla\u00e7\u00e3o em vigor sobre Prote\u00e7\u00e3o de Dados Pessoais, informamos que os seus dados ser\u00e3o incorporados ao sistema de tratamento pertencente \u00e0 CINCOASES PROYECTO SL, com NIF B87292736 e sede em C. ECHEGARAY 15, 1\u00ba, 28014, MADRID, com a&#8230;","protected":false},"author":1,"featured_media":0,"parent":0,"menu_order":20,"comment_status":"closed","ping_status":"closed","template":"","meta":{"_acf_changed":false,"inline_featured_image":false,"footnotes":""},"class_list":["post-3421","page","type-page","status-publish","hentry"],"acf":[],"yoast_head":"<!-- This site is optimized with the Yoast SEO plugin v27.3 - https:\/\/yoast.com\/product\/yoast-seo-wordpress\/ -->\n<title>Termos e condi\u00e7\u00f5es de uso - Tablao Flamenco 1911<\/title>\n<meta name=\"robots\" content=\"index, follow, max-snippet:-1, max-image-preview:large, max-video-preview:-1\" \/>\n<link rel=\"canonical\" href=\"\/\" \/>\n<meta property=\"og:locale\" content=\"pt_PT\" \/>\n<meta property=\"og:type\" content=\"article\" \/>\n<meta property=\"og:title\" content=\"Termos e condi\u00e7\u00f5es de uso - Tablao Flamenco 1911\" \/>\n<meta property=\"og:description\" content=\"Termos, Condi\u00e7\u00f5es, Prote\u00e7\u00e3o de Dados, Pol\u00edtica de Reembolsos e Devolu\u00e7\u00f5es Prote\u00e7\u00e3o de Dados De acordo com a legisla\u00e7\u00e3o em vigor sobre Prote\u00e7\u00e3o de Dados Pessoais, informamos que os seus dados ser\u00e3o incorporados ao sistema de tratamento pertencente \u00e0 CINCOASES PROYECTO SL, com NIF B87292736 e sede em C. ECHEGARAY 15, 1\u00ba, 28014, MADRID, com a...\" \/>\n<meta property=\"og:url\" content=\"https:\/\/tablaoflamenco1911.com\/pt\/terminos-y-condiciones-de-uso\/\" \/>\n<meta property=\"og:site_name\" content=\"Tablao Flamenco 1911\" \/>\n<meta property=\"article:modified_time\" content=\"2025-04-02T13:36:00+00:00\" \/>\n<meta name=\"twitter:card\" content=\"summary_large_image\" \/>\n<meta name=\"twitter:label1\" content=\"Tempo estimado de leitura\" \/>\n\t<meta name=\"twitter:data1\" content=\"5 minutos\" \/>\n<script type=\"application\/ld+json\" class=\"yoast-schema-graph\">{\"@context\":\"https:\\\/\\\/schema.org\",\"@graph\":[{\"@type\":\"WebPage\",\"@id\":\"https:\\\/\\\/tablaoflamenco1911.com\\\/pt\\\/terminos-y-condiciones-de-uso\\\/\",\"url\":\"https:\\\/\\\/tablaoflamenco1911.com\\\/pt\\\/terminos-y-condiciones-de-uso\\\/\",\"name\":\"Termos e condi\u00e7\u00f5es de uso - Tablao Flamenco 1911\",\"isPartOf\":{\"@id\":\"https:\\\/\\\/tablaoflamenco1911.com\\\/pt\\\/#website\"},\"datePublished\":\"2022-09-07T14:39:40+00:00\",\"dateModified\":\"2025-04-02T13:36:00+00:00\",\"breadcrumb\":{\"@id\":\"https:\\\/\\\/tablaoflamenco1911.com\\\/pt\\\/terminos-y-condiciones-de-uso\\\/#breadcrumb\"},\"inLanguage\":\"pt-PT\",\"potentialAction\":[{\"@type\":\"ReadAction\",\"target\":[[\"https:\\\/\\\/tablaoflamenco1911.com\\\/pt\\\/terminos-y-condiciones-de-uso\\\/\"]]}]},{\"@type\":\"BreadcrumbList\",\"@id\":\"https:\\\/\\\/tablaoflamenco1911.com\\\/pt\\\/terminos-y-condiciones-de-uso\\\/#breadcrumb\",\"itemListElement\":[{\"@type\":\"ListItem\",\"position\":1,\"name\":\"Portada\",\"item\":\"https:\\\/\\\/tablaoflamenco1911.com\\\/pt\\\/\"},{\"@type\":\"ListItem\",\"position\":2,\"name\":\"T\u00e9rminos y condiciones de uso\"}]},{\"@type\":\"WebSite\",\"@id\":\"https:\\\/\\\/tablaoflamenco1911.com\\\/pt\\\/#website\",\"url\":\"https:\\\/\\\/tablaoflamenco1911.com\\\/pt\\\/\",\"name\":\"Tablao Flamenco 1911\",\"description\":\"La Catedral del Flamenco en Madrid\",\"potentialAction\":[{\"@type\":\"SearchAction\",\"target\":{\"@type\":\"EntryPoint\",\"urlTemplate\":\"https:\\\/\\\/tablaoflamenco1911.com\\\/pt\\\/?s={search_term_string}\"},\"query-input\":{\"@type\":\"PropertyValueSpecification\",\"valueRequired\":true,\"valueName\":\"search_term_string\"}}],\"inLanguage\":\"pt-PT\"}]}<\/script>\n<!-- \/ Yoast SEO plugin. -->","yoast_head_json":{"title":"Termos e condi\u00e7\u00f5es de uso - Tablao Flamenco 1911","robots":{"index":"index","follow":"follow","max-snippet":"max-snippet:-1","max-image-preview":"max-image-preview:large","max-video-preview":"max-video-preview:-1"},"canonical":"\/","og_locale":"pt_PT","og_type":"article","og_title":"Termos e condi\u00e7\u00f5es de uso - Tablao Flamenco 1911","og_description":"Termos, Condi\u00e7\u00f5es, Prote\u00e7\u00e3o de Dados, Pol\u00edtica de Reembolsos e Devolu\u00e7\u00f5es Prote\u00e7\u00e3o de Dados De acordo com a legisla\u00e7\u00e3o em vigor sobre Prote\u00e7\u00e3o de Dados Pessoais, informamos que os seus dados ser\u00e3o incorporados ao sistema de tratamento pertencente \u00e0 CINCOASES PROYECTO SL, com NIF B87292736 e sede em C. ECHEGARAY 15, 1\u00ba, 28014, MADRID, com a...","og_url":"https:\/\/tablaoflamenco1911.com\/pt\/terminos-y-condiciones-de-uso\/","og_site_name":"Tablao Flamenco 1911","article_modified_time":"2025-04-02T13:36:00+00:00","twitter_card":"summary_large_image","twitter_misc":{"Tempo estimado de leitura":"5 minutos"},"schema":{"@context":"https:\/\/schema.org","@graph":[{"@type":"WebPage","@id":"https:\/\/tablaoflamenco1911.com\/pt\/terminos-y-condiciones-de-uso\/","url":"https:\/\/tablaoflamenco1911.com\/pt\/terminos-y-condiciones-de-uso\/","name":"Termos e condi\u00e7\u00f5es de uso - Tablao Flamenco 1911","isPartOf":{"@id":"https:\/\/tablaoflamenco1911.com\/pt\/#website"},"datePublished":"2022-09-07T14:39:40+00:00","dateModified":"2025-04-02T13:36:00+00:00","breadcrumb":{"@id":"https:\/\/tablaoflamenco1911.com\/pt\/terminos-y-condiciones-de-uso\/#breadcrumb"},"inLanguage":"pt-PT","potentialAction":[{"@type":"ReadAction","target":[["https:\/\/tablaoflamenco1911.com\/pt\/terminos-y-condiciones-de-uso\/"]]}]},{"@type":"BreadcrumbList","@id":"https:\/\/tablaoflamenco1911.com\/pt\/terminos-y-condiciones-de-uso\/#breadcrumb","itemListElement":[{"@type":"ListItem","position":1,"name":"Portada","item":"https:\/\/tablaoflamenco1911.com\/pt\/"},{"@type":"ListItem","position":2,"name":"T\u00e9rminos y condiciones de uso"}]},{"@type":"WebSite","@id":"https:\/\/tablaoflamenco1911.com\/pt\/#website","url":"https:\/\/tablaoflamenco1911.com\/pt\/","name":"Tablao Flamenco 1911","description":"La Catedral del Flamenco en Madrid","potentialAction":[{"@type":"SearchAction","target":{"@type":"EntryPoint","urlTemplate":"https:\/\/tablaoflamenco1911.com\/pt\/?s={search_term_string}"},"query-input":{"@type":"PropertyValueSpecification","valueRequired":true,"valueName":"search_term_string"}}],"inLanguage":"pt-PT"}]}},"_links":{"self":[{"href":"https:\/\/tablaoflamenco1911.com\/pt\/wp-json\/wp\/v2\/pages\/3421","targetHints":{"allow":["GET"]}}],"collection":[{"href":"https:\/\/tablaoflamenco1911.com\/pt\/wp-json\/wp\/v2\/pages"}],"about":[{"href":"https:\/\/tablaoflamenco1911.com\/pt\/wp-json\/wp\/v2\/types\/page"}],"author":[{"embeddable":true,"href":"https:\/\/tablaoflamenco1911.com\/pt\/wp-json\/wp\/v2\/users\/1"}],"replies":[{"embeddable":true,"href":"https:\/\/tablaoflamenco1911.com\/pt\/wp-json\/wp\/v2\/comments?post=3421"}],"version-history":[{"count":12,"href":"https:\/\/tablaoflamenco1911.com\/pt\/wp-json\/wp\/v2\/pages\/3421\/revisions"}],"predecessor-version":[{"id":53764,"href":"https:\/\/tablaoflamenco1911.com\/pt\/wp-json\/wp\/v2\/pages\/3421\/revisions\/53764"}],"wp:attachment":[{"href":"https:\/\/tablaoflamenco1911.com\/pt\/wp-json\/wp\/v2\/media?parent=3421"}],"curies":[{"name":"wp","href":"https:\/\/api.w.org\/{rel}","templated":true}]}}