{"id":3012,"date":"2022-09-02T12:34:22","date_gmt":"2022-09-02T12:34:22","guid":{"rendered":"https:\/\/tablaoflamenco1911.com\/?page_id=3012"},"modified":"2025-12-03T15:48:36","modified_gmt":"2025-12-03T14:48:36","slug":"los-secretos-del-tablao","status":"publish","type":"page","link":"https:\/\/tablaoflamenco1911.com\/pt\/o-tablao\/os-segredos-do-tablao\/","title":{"rendered":"Os segredos do tablao"},"content":{"rendered":"<p><\/p>\n<p class=\"\" data-start=\"655\" data-end=\"789\">Desde o in\u00edcio, o nosso espa\u00e7o guarda muitas hist\u00f3rias e segredos que, em sussurros ou bem alto, deram alma \u00e0s noites do nosso tablao.<\/p>\n<p class=\"\" data-start=\"791\" data-end=\"978\">Estes s\u00e3o alguns dos boatos mais famosos\u2026 mas j\u00e1 sabes, a hist\u00f3ria est\u00e1 s\u00f3 a come\u00e7ar, e cada \u00e9poca traz uma nova leva de anedotas que continuam a moldar a personalidade deste lugar \u00fanico.<\/p>\n<p><\/p>","protected":false},"excerpt":{"rendered":"Desde o in\u00edcio, o nosso espa\u00e7o guarda muitas hist\u00f3rias e segredos que, em sussurros ou bem alto, deram alma \u00e0s noites do nosso tablao. Estes s\u00e3o alguns dos boatos mais famosos\u2026 mas j\u00e1 sabes, a hist\u00f3ria est\u00e1 s\u00f3 a come\u00e7ar, e cada \u00e9poca traz uma nova leva de anedotas que continuam a moldar a personalidade&#8230;","protected":false},"author":1,"featured_media":3164,"parent":3008,"menu_order":2,"comment_status":"closed","ping_status":"closed","template":"templates\/primary.php","meta":{"_acf_changed":false,"inline_featured_image":false,"footnotes":""},"class_list":["post-3012","page","type-page","status-publish","has-post-thumbnail","hentry"],"acf":[],"yoast_head":"<!-- This site is optimized with the Yoast SEO plugin v27.3 - https:\/\/yoast.com\/product\/yoast-seo-wordpress\/ -->\n<title>Os segredos do tablao - Tablao Flamenco 1911<\/title>\n<meta name=\"description\" content=\"Pasadizos secretos desde el Palacio Real, la visita de estrellas de Hollywood en sus juergas madrile\u00f1as o el escenario de pel\u00edculas. Estos son los secretos del 1911\" \/>\n<meta name=\"robots\" content=\"index, follow, max-snippet:-1, max-image-preview:large, max-video-preview:-1\" \/>\n<link rel=\"canonical\" href=\"\/\" \/>\n<meta property=\"og:locale\" content=\"pt_PT\" \/>\n<meta property=\"og:type\" content=\"article\" \/>\n<meta property=\"og:title\" content=\"Os segredos do tablao - Tablao Flamenco 1911\" \/>\n<meta property=\"og:description\" content=\"Pasadizos secretos desde el Palacio Real, la visita de estrellas de Hollywood en sus juergas madrile\u00f1as o el escenario de pel\u00edculas. Estos son los secretos del 1911\" \/>\n<meta property=\"og:url\" content=\"https:\/\/tablaoflamenco1911.com\/pt\/el-tablao\/los-secretos-del-tablao\/\" \/>\n<meta property=\"og:site_name\" content=\"Tablao Flamenco 1911\" \/>\n<meta property=\"article:modified_time\" content=\"2025-12-03T14:48:36+00:00\" \/>\n<meta property=\"og:image\" content=\"https:\/\/tablaoflamenco1911.com\/wp-content\/uploads\/2022\/09\/charla-portrait-card-1.png\" \/>\n\t<meta property=\"og:image:width\" content=\"400\" \/>\n\t<meta property=\"og:image:height\" content=\"500\" \/>\n\t<meta property=\"og:image:type\" content=\"image\/png\" \/>\n<meta name=\"twitter:card\" content=\"summary_large_image\" \/>\n<meta name=\"twitter:label1\" content=\"Tempo estimado de leitura\" \/>\n\t<meta name=\"twitter:data1\" content=\"1 minuto\" \/>\n<script type=\"application\/ld+json\" class=\"yoast-schema-graph\">{\"@context\":\"https:\\\/\\\/schema.org\",\"@graph\":[{\"@type\":\"WebPage\",\"@id\":\"https:\\\/\\\/tablaoflamenco1911.com\\\/pt\\\/el-tablao\\\/los-secretos-del-tablao\\\/\",\"url\":\"https:\\\/\\\/tablaoflamenco1911.com\\\/pt\\\/el-tablao\\\/los-secretos-del-tablao\\\/\",\"name\":\"Os segredos do tablao - Tablao Flamenco 1911\",\"isPartOf\":{\"@id\":\"https:\\\/\\\/tablaoflamenco1911.com\\\/pt\\\/#website\"},\"primaryImageOfPage\":{\"@id\":\"https:\\\/\\\/tablaoflamenco1911.com\\\/pt\\\/el-tablao\\\/los-secretos-del-tablao\\\/#primaryimage\"},\"image\":{\"@id\":\"https:\\\/\\\/tablaoflamenco1911.com\\\/es\\\/el-tablao\\\/los-secretos-del-tablao\\\/#primaryimage\"},\"thumbnailUrl\":\"https:\\\/\\\/tablaoflamenco1911.com\\\/wp-content\\\/uploads\\\/2022\\\/09\\\/charla-portrait-card-1.png\",\"datePublished\":\"2022-09-02T12:34:22+00:00\",\"dateModified\":\"2025-12-03T14:48:36+00:00\",\"description\":\"Pasadizos secretos desde el Palacio Real, la visita de estrellas de Hollywood en sus juergas madrile\u00f1as o el escenario de pel\u00edculas. Estos son los secretos del 1911\",\"breadcrumb\":{\"@id\":\"https:\\\/\\\/tablaoflamenco1911.com\\\/pt\\\/el-tablao\\\/los-secretos-del-tablao\\\/#breadcrumb\"},\"inLanguage\":\"pt-PT\",\"potentialAction\":[{\"@type\":\"ReadAction\",\"target\":[[\"https:\\\/\\\/tablaoflamenco1911.com\\\/pt\\\/el-tablao\\\/los-secretos-del-tablao\\\/\"]]}]},{\"@type\":\"ImageObject\",\"inLanguage\":\"pt-PT\",\"@id\":\"https:\\\/\\\/tablaoflamenco1911.com\\\/pt\\\/el-tablao\\\/los-secretos-del-tablao\\\/#primaryimage\",\"url\":\"https:\\\/\\\/tablaoflamenco1911.com\\\/wp-content\\\/uploads\\\/2022\\\/09\\\/charla-portrait-card-1.png\",\"contentUrl\":\"https:\\\/\\\/tablaoflamenco1911.com\\\/wp-content\\\/uploads\\\/2022\\\/09\\\/charla-portrait-card-1.png\",\"width\":400,\"height\":500,\"caption\":\"Conversacion entre famosos en Tablao 1911\"},{\"@type\":\"BreadcrumbList\",\"@id\":\"https:\\\/\\\/tablaoflamenco1911.com\\\/pt\\\/el-tablao\\\/los-secretos-del-tablao\\\/#breadcrumb\",\"itemListElement\":[{\"@type\":\"ListItem\",\"position\":1,\"name\":\"Portada\",\"item\":\"https:\\\/\\\/tablaoflamenco1911.com\\\/pt\\\/\"},{\"@type\":\"ListItem\",\"position\":2,\"name\":\"El tablao\",\"item\":\"https:\\\/\\\/tablaoflamenco1911.com\\\/pt\\\/el-tablao\\\/\"},{\"@type\":\"ListItem\",\"position\":3,\"name\":\"Los secretos del tablao\"}]},{\"@type\":\"WebSite\",\"@id\":\"https:\\\/\\\/tablaoflamenco1911.com\\\/pt\\\/#website\",\"url\":\"https:\\\/\\\/tablaoflamenco1911.com\\\/pt\\\/\",\"name\":\"Tablao Flamenco 1911\",\"description\":\"La Catedral del Flamenco en Madrid\",\"potentialAction\":[{\"@type\":\"SearchAction\",\"target\":{\"@type\":\"EntryPoint\",\"urlTemplate\":\"https:\\\/\\\/tablaoflamenco1911.com\\\/pt\\\/?s={search_term_string}\"},\"query-input\":{\"@type\":\"PropertyValueSpecification\",\"valueRequired\":true,\"valueName\":\"search_term_string\"}}],\"inLanguage\":\"pt-PT\"}]}<\/script>\n<!-- \/ Yoast SEO plugin. -->","yoast_head_json":{"title":"Os segredos do tablao - Tablao Flamenco 1911","description":"Pasadizos secretos desde el Palacio Real, la visita de estrellas de Hollywood en sus juergas madrile\u00f1as o el escenario de pel\u00edculas. Estos son los secretos del 1911","robots":{"index":"index","follow":"follow","max-snippet":"max-snippet:-1","max-image-preview":"max-image-preview:large","max-video-preview":"max-video-preview:-1"},"canonical":"\/","og_locale":"pt_PT","og_type":"article","og_title":"Os segredos do tablao - Tablao Flamenco 1911","og_description":"Pasadizos secretos desde el Palacio Real, la visita de estrellas de Hollywood en sus juergas madrile\u00f1as o el escenario de pel\u00edculas. Estos son los secretos del 1911","og_url":"https:\/\/tablaoflamenco1911.com\/pt\/el-tablao\/los-secretos-del-tablao\/","og_site_name":"Tablao Flamenco 1911","article_modified_time":"2025-12-03T14:48:36+00:00","og_image":[{"width":400,"height":500,"url":"https:\/\/tablaoflamenco1911.com\/wp-content\/uploads\/2022\/09\/charla-portrait-card-1.png","type":"image\/png"}],"twitter_card":"summary_large_image","twitter_misc":{"Tempo estimado de leitura":"1 minuto"},"schema":{"@context":"https:\/\/schema.org","@graph":[{"@type":"WebPage","@id":"https:\/\/tablaoflamenco1911.com\/pt\/el-tablao\/los-secretos-del-tablao\/","url":"https:\/\/tablaoflamenco1911.com\/pt\/el-tablao\/los-secretos-del-tablao\/","name":"Os segredos do tablao - Tablao Flamenco 1911","isPartOf":{"@id":"https:\/\/tablaoflamenco1911.com\/pt\/#website"},"primaryImageOfPage":{"@id":"https:\/\/tablaoflamenco1911.com\/pt\/el-tablao\/los-secretos-del-tablao\/#primaryimage"},"image":{"@id":"https:\/\/tablaoflamenco1911.com\/es\/el-tablao\/los-secretos-del-tablao\/#primaryimage"},"thumbnailUrl":"https:\/\/tablaoflamenco1911.com\/wp-content\/uploads\/2022\/09\/charla-portrait-card-1.png","datePublished":"2022-09-02T12:34:22+00:00","dateModified":"2025-12-03T14:48:36+00:00","description":"Pasadizos secretos desde el Palacio Real, la visita de estrellas de Hollywood en sus juergas madrile\u00f1as o el escenario de pel\u00edculas. Estos son los secretos del 1911","breadcrumb":{"@id":"https:\/\/tablaoflamenco1911.com\/pt\/el-tablao\/los-secretos-del-tablao\/#breadcrumb"},"inLanguage":"pt-PT","potentialAction":[{"@type":"ReadAction","target":[["https:\/\/tablaoflamenco1911.com\/pt\/el-tablao\/los-secretos-del-tablao\/"]]}]},{"@type":"ImageObject","inLanguage":"pt-PT","@id":"https:\/\/tablaoflamenco1911.com\/pt\/el-tablao\/los-secretos-del-tablao\/#primaryimage","url":"https:\/\/tablaoflamenco1911.com\/wp-content\/uploads\/2022\/09\/charla-portrait-card-1.png","contentUrl":"https:\/\/tablaoflamenco1911.com\/wp-content\/uploads\/2022\/09\/charla-portrait-card-1.png","width":400,"height":500,"caption":"Conversacion entre famosos en Tablao 1911"},{"@type":"BreadcrumbList","@id":"https:\/\/tablaoflamenco1911.com\/pt\/el-tablao\/los-secretos-del-tablao\/#breadcrumb","itemListElement":[{"@type":"ListItem","position":1,"name":"Portada","item":"https:\/\/tablaoflamenco1911.com\/pt\/"},{"@type":"ListItem","position":2,"name":"El tablao","item":"https:\/\/tablaoflamenco1911.com\/pt\/el-tablao\/"},{"@type":"ListItem","position":3,"name":"Los secretos del tablao"}]},{"@type":"WebSite","@id":"https:\/\/tablaoflamenco1911.com\/pt\/#website","url":"https:\/\/tablaoflamenco1911.com\/pt\/","name":"Tablao Flamenco 1911","description":"La Catedral del Flamenco en Madrid","potentialAction":[{"@type":"SearchAction","target":{"@type":"EntryPoint","urlTemplate":"https:\/\/tablaoflamenco1911.com\/pt\/?s={search_term_string}"},"query-input":{"@type":"PropertyValueSpecification","valueRequired":true,"valueName":"search_term_string"}}],"inLanguage":"pt-PT"}]}},"_links":{"self":[{"href":"https:\/\/tablaoflamenco1911.com\/pt\/wp-json\/wp\/v2\/pages\/3012","targetHints":{"allow":["GET"]}}],"collection":[{"href":"https:\/\/tablaoflamenco1911.com\/pt\/wp-json\/wp\/v2\/pages"}],"about":[{"href":"https:\/\/tablaoflamenco1911.com\/pt\/wp-json\/wp\/v2\/types\/page"}],"author":[{"embeddable":true,"href":"https:\/\/tablaoflamenco1911.com\/pt\/wp-json\/wp\/v2\/users\/1"}],"replies":[{"embeddable":true,"href":"https:\/\/tablaoflamenco1911.com\/pt\/wp-json\/wp\/v2\/comments?post=3012"}],"version-history":[{"count":63,"href":"https:\/\/tablaoflamenco1911.com\/pt\/wp-json\/wp\/v2\/pages\/3012\/revisions"}],"predecessor-version":[{"id":54396,"href":"https:\/\/tablaoflamenco1911.com\/pt\/wp-json\/wp\/v2\/pages\/3012\/revisions\/54396"}],"up":[{"embeddable":true,"href":"https:\/\/tablaoflamenco1911.com\/pt\/wp-json\/wp\/v2\/pages\/3008"}],"wp:featuredmedia":[{"embeddable":true,"href":"https:\/\/tablaoflamenco1911.com\/pt\/wp-json\/wp\/v2\/media\/3164"}],"wp:attachment":[{"href":"https:\/\/tablaoflamenco1911.com\/pt\/wp-json\/wp\/v2\/media?parent=3012"}],"curies":[{"name":"wp","href":"https:\/\/api.w.org\/{rel}","templated":true}]}}