{"id":3008,"date":"2022-09-02T12:32:29","date_gmt":"2022-09-02T12:32:29","guid":{"rendered":"https:\/\/tablaoflamenco1911.com\/?page_id=3008"},"modified":"2026-02-02T17:25:27","modified_gmt":"2026-02-02T16:25:27","slug":"el-tablao","status":"publish","type":"page","link":"https:\/\/tablaoflamenco1911.com\/pt\/o-tablao\/","title":{"rendered":"O tablao"},"content":{"rendered":"<p><\/p>\n<p class=\"\" data-start=\"216\" data-end=\"336\"><strong data-start=\"216\" data-end=\"240\">Tablao Flamenco 1911<\/strong> est\u00e1 localizado na famosa <strong data-start=\"267\" data-end=\"289\">Plaza de Santa Ana<\/strong>, no cora\u00e7\u00e3o do <strong data-start=\"305\" data-end=\"326\">Bairro das Letras<\/strong> de Madri.<\/p>\n<p class=\"\" data-start=\"338\" data-end=\"564\">Conhecido anteriormente pelo nome que ainda decora a hist\u00f3rica <strong data-start=\"401\" data-end=\"424\">fachada de azulejos<\/strong> do local, este espa\u00e7o singular apresenta espet\u00e1culos de flamenco desde <strong data-start=\"496\" data-end=\"504\">1911<\/strong> \u2013 sendo reconhecido como o <strong data-start=\"532\" data-end=\"563\">tablao mais antigo do mundo<\/strong>.<\/p>\n<p><\/p>","protected":false},"excerpt":{"rendered":"Tablao Flamenco 1911 est\u00e1 localizado na famosa Plaza de Santa Ana, no cora\u00e7\u00e3o do Bairro das Letras de Madri. Conhecido anteriormente pelo nome que ainda decora a hist\u00f3rica fachada de azulejos do local, este espa\u00e7o singular apresenta espet\u00e1culos de flamenco desde 1911 \u2013 sendo reconhecido como o tablao mais antigo do mundo.","protected":false},"author":1,"featured_media":21667,"parent":0,"menu_order":1,"comment_status":"closed","ping_status":"closed","template":"templates\/primary.php","meta":{"_acf_changed":false,"inline_featured_image":false,"footnotes":""},"class_list":["post-3008","page","type-page","status-publish","has-post-thumbnail","hentry"],"acf":[],"yoast_head":"<!-- This site is optimized with the Yoast SEO plugin v27.4 - https:\/\/yoast.com\/product\/yoast-seo-wordpress\/ -->\n<title>O tablao - Tablao Flamenco 1911<\/title>\n<meta name=\"description\" content=\"El Tablao Flamenco 1911, est\u00e1 en la Plaza de Santa Ana de Madrid. Tablao flamenco desde 1911, es conocido como el tablao\u00a0m\u00e1s antiguo del mundo.\" \/>\n<meta name=\"robots\" content=\"index, follow, max-snippet:-1, max-image-preview:large, max-video-preview:-1\" \/>\n<link rel=\"canonical\" href=\"\/\" \/>\n<meta property=\"og:locale\" content=\"pt_PT\" \/>\n<meta property=\"og:type\" content=\"article\" \/>\n<meta property=\"og:title\" content=\"O tablao - Tablao Flamenco 1911\" \/>\n<meta property=\"og:description\" content=\"El Tablao Flamenco 1911, est\u00e1 en la Plaza de Santa Ana de Madrid. Tablao flamenco desde 1911, es conocido como el tablao\u00a0m\u00e1s antiguo del mundo.\" \/>\n<meta property=\"og:url\" content=\"https:\/\/tablaoflamenco1911.com\/pt\/el-tablao\/\" \/>\n<meta property=\"og:site_name\" content=\"Tablao Flamenco 1911\" \/>\n<meta property=\"article:modified_time\" content=\"2026-02-02T16:25:27+00:00\" \/>\n<meta property=\"og:image\" content=\"https:\/\/tablaoflamenco1911.com\/wp-content\/uploads\/2023\/08\/ana-jpg-scaled.jpg\" \/>\n\t<meta property=\"og:image:width\" content=\"2560\" \/>\n\t<meta property=\"og:image:height\" content=\"1440\" \/>\n\t<meta property=\"og:image:type\" content=\"image\/jpeg\" \/>\n<meta name=\"twitter:card\" content=\"summary_large_image\" \/>\n<meta name=\"twitter:label1\" content=\"Tempo estimado de leitura\" \/>\n\t<meta name=\"twitter:data1\" content=\"1 minuto\" \/>\n<script type=\"application\/ld+json\" class=\"yoast-schema-graph\">{\"@context\":\"https:\\\/\\\/schema.org\",\"@graph\":[{\"@type\":\"WebPage\",\"@id\":\"https:\\\/\\\/tablaoflamenco1911.com\\\/pt\\\/el-tablao\\\/\",\"url\":\"https:\\\/\\\/tablaoflamenco1911.com\\\/pt\\\/el-tablao\\\/\",\"name\":\"O tablao - Tablao Flamenco 1911\",\"isPartOf\":{\"@id\":\"https:\\\/\\\/tablaoflamenco1911.com\\\/pt\\\/#website\"},\"primaryImageOfPage\":{\"@id\":\"https:\\\/\\\/tablaoflamenco1911.com\\\/pt\\\/el-tablao\\\/#primaryimage\"},\"image\":{\"@id\":\"https:\\\/\\\/tablaoflamenco1911.com\\\/es\\\/el-tablao\\\/#primaryimage\"},\"thumbnailUrl\":\"https:\\\/\\\/tablaoflamenco1911.com\\\/wp-content\\\/uploads\\\/2023\\\/08\\\/ana-jpg-scaled.jpg\",\"datePublished\":\"2022-09-02T12:32:29+00:00\",\"dateModified\":\"2026-02-02T16:25:27+00:00\",\"description\":\"El Tablao Flamenco 1911, est\u00e1 en la Plaza de Santa Ana de Madrid. Tablao flamenco desde 1911, es conocido como el tablao\u00a0m\u00e1s antiguo del mundo.\",\"breadcrumb\":{\"@id\":\"https:\\\/\\\/tablaoflamenco1911.com\\\/pt\\\/el-tablao\\\/#breadcrumb\"},\"inLanguage\":\"pt-PT\",\"potentialAction\":[{\"@type\":\"ReadAction\",\"target\":[[\"https:\\\/\\\/tablaoflamenco1911.com\\\/pt\\\/el-tablao\\\/\"]]}]},{\"@type\":\"ImageObject\",\"inLanguage\":\"pt-PT\",\"@id\":\"https:\\\/\\\/tablaoflamenco1911.com\\\/pt\\\/el-tablao\\\/#primaryimage\",\"url\":\"https:\\\/\\\/tablaoflamenco1911.com\\\/wp-content\\\/uploads\\\/2023\\\/08\\\/ana-jpg-scaled.jpg\",\"contentUrl\":\"https:\\\/\\\/tablaoflamenco1911.com\\\/wp-content\\\/uploads\\\/2023\\\/08\\\/ana-jpg-scaled.jpg\",\"width\":2560,\"height\":1440},{\"@type\":\"BreadcrumbList\",\"@id\":\"https:\\\/\\\/tablaoflamenco1911.com\\\/pt\\\/el-tablao\\\/#breadcrumb\",\"itemListElement\":[{\"@type\":\"ListItem\",\"position\":1,\"name\":\"Portada\",\"item\":\"https:\\\/\\\/tablaoflamenco1911.com\\\/pt\\\/\"},{\"@type\":\"ListItem\",\"position\":2,\"name\":\"El tablao\"}]},{\"@type\":\"WebSite\",\"@id\":\"https:\\\/\\\/tablaoflamenco1911.com\\\/pt\\\/#website\",\"url\":\"https:\\\/\\\/tablaoflamenco1911.com\\\/pt\\\/\",\"name\":\"Tablao Flamenco 1911\",\"description\":\"La Catedral del Flamenco en Madrid\",\"potentialAction\":[{\"@type\":\"SearchAction\",\"target\":{\"@type\":\"EntryPoint\",\"urlTemplate\":\"https:\\\/\\\/tablaoflamenco1911.com\\\/pt\\\/?s={search_term_string}\"},\"query-input\":{\"@type\":\"PropertyValueSpecification\",\"valueRequired\":true,\"valueName\":\"search_term_string\"}}],\"inLanguage\":\"pt-PT\"}]}<\/script>\n<!-- \/ Yoast SEO plugin. -->","yoast_head_json":{"title":"O tablao - Tablao Flamenco 1911","description":"El Tablao Flamenco 1911, est\u00e1 en la Plaza de Santa Ana de Madrid. Tablao flamenco desde 1911, es conocido como el tablao\u00a0m\u00e1s antiguo del mundo.","robots":{"index":"index","follow":"follow","max-snippet":"max-snippet:-1","max-image-preview":"max-image-preview:large","max-video-preview":"max-video-preview:-1"},"canonical":"\/","og_locale":"pt_PT","og_type":"article","og_title":"O tablao - Tablao Flamenco 1911","og_description":"El Tablao Flamenco 1911, est\u00e1 en la Plaza de Santa Ana de Madrid. Tablao flamenco desde 1911, es conocido como el tablao\u00a0m\u00e1s antiguo del mundo.","og_url":"https:\/\/tablaoflamenco1911.com\/pt\/el-tablao\/","og_site_name":"Tablao Flamenco 1911","article_modified_time":"2026-02-02T16:25:27+00:00","og_image":[{"width":2560,"height":1440,"url":"https:\/\/tablaoflamenco1911.com\/wp-content\/uploads\/2023\/08\/ana-jpg-scaled.jpg","type":"image\/jpeg"}],"twitter_card":"summary_large_image","twitter_misc":{"Tempo estimado de leitura":"1 minuto"},"schema":{"@context":"https:\/\/schema.org","@graph":[{"@type":"WebPage","@id":"https:\/\/tablaoflamenco1911.com\/pt\/el-tablao\/","url":"https:\/\/tablaoflamenco1911.com\/pt\/el-tablao\/","name":"O tablao - Tablao Flamenco 1911","isPartOf":{"@id":"https:\/\/tablaoflamenco1911.com\/pt\/#website"},"primaryImageOfPage":{"@id":"https:\/\/tablaoflamenco1911.com\/pt\/el-tablao\/#primaryimage"},"image":{"@id":"https:\/\/tablaoflamenco1911.com\/es\/el-tablao\/#primaryimage"},"thumbnailUrl":"https:\/\/tablaoflamenco1911.com\/wp-content\/uploads\/2023\/08\/ana-jpg-scaled.jpg","datePublished":"2022-09-02T12:32:29+00:00","dateModified":"2026-02-02T16:25:27+00:00","description":"El Tablao Flamenco 1911, est\u00e1 en la Plaza de Santa Ana de Madrid. Tablao flamenco desde 1911, es conocido como el tablao\u00a0m\u00e1s antiguo del mundo.","breadcrumb":{"@id":"https:\/\/tablaoflamenco1911.com\/pt\/el-tablao\/#breadcrumb"},"inLanguage":"pt-PT","potentialAction":[{"@type":"ReadAction","target":[["https:\/\/tablaoflamenco1911.com\/pt\/el-tablao\/"]]}]},{"@type":"ImageObject","inLanguage":"pt-PT","@id":"https:\/\/tablaoflamenco1911.com\/pt\/el-tablao\/#primaryimage","url":"https:\/\/tablaoflamenco1911.com\/wp-content\/uploads\/2023\/08\/ana-jpg-scaled.jpg","contentUrl":"https:\/\/tablaoflamenco1911.com\/wp-content\/uploads\/2023\/08\/ana-jpg-scaled.jpg","width":2560,"height":1440},{"@type":"BreadcrumbList","@id":"https:\/\/tablaoflamenco1911.com\/pt\/el-tablao\/#breadcrumb","itemListElement":[{"@type":"ListItem","position":1,"name":"Portada","item":"https:\/\/tablaoflamenco1911.com\/pt\/"},{"@type":"ListItem","position":2,"name":"El tablao"}]},{"@type":"WebSite","@id":"https:\/\/tablaoflamenco1911.com\/pt\/#website","url":"https:\/\/tablaoflamenco1911.com\/pt\/","name":"Tablao Flamenco 1911","description":"La Catedral del Flamenco en Madrid","potentialAction":[{"@type":"SearchAction","target":{"@type":"EntryPoint","urlTemplate":"https:\/\/tablaoflamenco1911.com\/pt\/?s={search_term_string}"},"query-input":{"@type":"PropertyValueSpecification","valueRequired":true,"valueName":"search_term_string"}}],"inLanguage":"pt-PT"}]}},"_links":{"self":[{"href":"https:\/\/tablaoflamenco1911.com\/pt\/wp-json\/wp\/v2\/pages\/3008","targetHints":{"allow":["GET"]}}],"collection":[{"href":"https:\/\/tablaoflamenco1911.com\/pt\/wp-json\/wp\/v2\/pages"}],"about":[{"href":"https:\/\/tablaoflamenco1911.com\/pt\/wp-json\/wp\/v2\/types\/page"}],"author":[{"embeddable":true,"href":"https:\/\/tablaoflamenco1911.com\/pt\/wp-json\/wp\/v2\/users\/1"}],"replies":[{"embeddable":true,"href":"https:\/\/tablaoflamenco1911.com\/pt\/wp-json\/wp\/v2\/comments?post=3008"}],"version-history":[{"count":180,"href":"https:\/\/tablaoflamenco1911.com\/pt\/wp-json\/wp\/v2\/pages\/3008\/revisions"}],"predecessor-version":[{"id":54682,"href":"https:\/\/tablaoflamenco1911.com\/pt\/wp-json\/wp\/v2\/pages\/3008\/revisions\/54682"}],"wp:featuredmedia":[{"embeddable":true,"href":"https:\/\/tablaoflamenco1911.com\/pt\/wp-json\/wp\/v2\/media\/21667"}],"wp:attachment":[{"href":"https:\/\/tablaoflamenco1911.com\/pt\/wp-json\/wp\/v2\/media?parent=3008"}],"curies":[{"name":"wp","href":"https:\/\/api.w.org\/{rel}","templated":true}]}}