{"id":3006,"date":"2022-09-02T12:32:06","date_gmt":"2022-09-02T12:32:06","guid":{"rendered":"https:\/\/tablaoflamenco1911.com\/?page_id=3006"},"modified":"2025-11-05T10:52:20","modified_gmt":"2025-11-05T09:52:20","slug":"tablao-flamenco-1911","status":"publish","type":"page","link":"https:\/\/tablaoflamenco1911.com\/pt\/","title":{"rendered":"Tablao Flamenco 1911"},"content":{"rendered":"<p><\/p>\n<h2>O mais antigo <em>Tablao<br \/>\nFlamenco <\/em>do mundo<br \/>\n<b>desde 1911<\/b><\/h2>\n<p>Desde 1911, o <a href=\"https:\/\/es.wikipedia.org\/wiki\/Villa_Rosa_(Madrid)\" target=\"_blank\" rel=\"noopener\">Tablao Flamenco Villa Rosa<\/a> tem sido a alma da arte pura em Madrid. Todos os dias, artistas consagrados e jovens promessas oferecem um espet\u00e1culo de flamenco inesquec\u00edvel. Sem d\u00favida, o show de flamenco mais antigo do mundo.<\/p>","protected":false},"excerpt":{"rendered":"O mais antigo Tablao Flamenco do mundo desde 1911 Desde 1911, o Tablao Flamenco Villa Rosa tem sido a alma da arte pura em Madrid. Todos os dias, artistas consagrados e jovens promessas oferecem um espet\u00e1culo de flamenco inesquec\u00edvel. Sem d\u00favida, o show de flamenco mais antigo do mundo.","protected":false},"author":1,"featured_media":0,"parent":0,"menu_order":0,"comment_status":"closed","ping_status":"closed","template":"templates\/home.php","meta":{"_acf_changed":false,"inline_featured_image":false,"footnotes":""},"class_list":["post-3006","page","type-page","status-publish","hentry"],"acf":[],"yoast_head":"<!-- This site is optimized with the Yoast SEO plugin v27.4 - https:\/\/yoast.com\/product\/yoast-seo-wordpress\/ -->\n<title>Tablao Flamenco 1911 | A catedral do flamenco em Madrid<\/title>\n<meta name=\"description\" content=\"Viva a ess\u00eancia do flamenco no tablao mais antigo do mundo. Tradi\u00e7\u00e3o, cultura e espet\u00e1culo todas as semanas no cora\u00e7\u00e3o de Madrid.\" \/>\n<meta name=\"robots\" content=\"index, follow, max-snippet:-1, max-image-preview:large, max-video-preview:-1\" \/>\n<link rel=\"canonical\" href=\"\/\" \/>\n<meta property=\"og:locale\" content=\"pt_PT\" \/>\n<meta property=\"og:type\" content=\"article\" \/>\n<meta property=\"og:title\" content=\"Tablao Flamenco 1911 | A catedral do flamenco em Madrid\" \/>\n<meta property=\"og:description\" content=\"Viva a ess\u00eancia do flamenco no tablao mais antigo do mundo. Tradi\u00e7\u00e3o, cultura e espet\u00e1culo todas as semanas no cora\u00e7\u00e3o de Madrid.\" \/>\n<meta property=\"og:url\" content=\"https:\/\/tablaoflamenco1911.com\/pt\/\" \/>\n<meta property=\"og:site_name\" content=\"Tablao Flamenco 1911\" \/>\n<meta property=\"article:modified_time\" content=\"2025-11-05T09:52:20+00:00\" \/>\n<meta name=\"twitter:card\" content=\"summary_large_image\" \/>\n<meta name=\"twitter:label1\" content=\"Tempo estimado de leitura\" \/>\n\t<meta name=\"twitter:data1\" content=\"1 minuto\" \/>\n<script type=\"application\/ld+json\" class=\"yoast-schema-graph\">{\"@context\":\"https:\\\/\\\/schema.org\",\"@graph\":[{\"@type\":\"WebPage\",\"@id\":\"https:\\\/\\\/tablaoflamenco1911.com\\\/pt\\\/\",\"url\":\"https:\\\/\\\/tablaoflamenco1911.com\\\/pt\\\/\",\"name\":\"Tablao Flamenco 1911 | A catedral do flamenco em Madrid\",\"isPartOf\":{\"@id\":\"https:\\\/\\\/tablaoflamenco1911.com\\\/pt\\\/#website\"},\"datePublished\":\"2022-09-02T12:32:06+00:00\",\"dateModified\":\"2025-11-05T09:52:20+00:00\",\"description\":\"Viva a ess\u00eancia do flamenco no tablao mais antigo do mundo. Tradi\u00e7\u00e3o, cultura e espet\u00e1culo todas as semanas no cora\u00e7\u00e3o de Madrid.\",\"breadcrumb\":{\"@id\":\"https:\\\/\\\/tablaoflamenco1911.com\\\/pt\\\/#breadcrumb\"},\"inLanguage\":\"pt-PT\",\"potentialAction\":[{\"@type\":\"ReadAction\",\"target\":[[\"https:\\\/\\\/tablaoflamenco1911.com\\\/pt\\\/\"]]}]},{\"@type\":\"BreadcrumbList\",\"@id\":\"https:\\\/\\\/tablaoflamenco1911.com\\\/pt\\\/#breadcrumb\",\"itemListElement\":[{\"@type\":\"ListItem\",\"position\":1,\"name\":\"Portada\",\"item\":\"https:\\\/\\\/tablaoflamenco1911.com\\\/pt\\\/\"},{\"@type\":\"ListItem\",\"position\":2,\"name\":\"Tablao Flamenco 1911\"}]},{\"@type\":\"WebSite\",\"@id\":\"https:\\\/\\\/tablaoflamenco1911.com\\\/pt\\\/#website\",\"url\":\"https:\\\/\\\/tablaoflamenco1911.com\\\/pt\\\/\",\"name\":\"Tablao Flamenco 1911\",\"description\":\"La Catedral del Flamenco en Madrid\",\"potentialAction\":[{\"@type\":\"SearchAction\",\"target\":{\"@type\":\"EntryPoint\",\"urlTemplate\":\"https:\\\/\\\/tablaoflamenco1911.com\\\/pt\\\/?s={search_term_string}\"},\"query-input\":{\"@type\":\"PropertyValueSpecification\",\"valueRequired\":true,\"valueName\":\"search_term_string\"}}],\"inLanguage\":\"pt-PT\"}]}<\/script>\n<!-- \/ Yoast SEO plugin. -->","yoast_head_json":{"title":"Tablao Flamenco 1911 | A catedral do flamenco em Madrid","description":"Viva a ess\u00eancia do flamenco no tablao mais antigo do mundo. Tradi\u00e7\u00e3o, cultura e espet\u00e1culo todas as semanas no cora\u00e7\u00e3o de Madrid.","robots":{"index":"index","follow":"follow","max-snippet":"max-snippet:-1","max-image-preview":"max-image-preview:large","max-video-preview":"max-video-preview:-1"},"canonical":"\/","og_locale":"pt_PT","og_type":"article","og_title":"Tablao Flamenco 1911 | A catedral do flamenco em Madrid","og_description":"Viva a ess\u00eancia do flamenco no tablao mais antigo do mundo. Tradi\u00e7\u00e3o, cultura e espet\u00e1culo todas as semanas no cora\u00e7\u00e3o de Madrid.","og_url":"https:\/\/tablaoflamenco1911.com\/pt\/","og_site_name":"Tablao Flamenco 1911","article_modified_time":"2025-11-05T09:52:20+00:00","twitter_card":"summary_large_image","twitter_misc":{"Tempo estimado de leitura":"1 minuto"},"schema":{"@context":"https:\/\/schema.org","@graph":[{"@type":"WebPage","@id":"https:\/\/tablaoflamenco1911.com\/pt\/","url":"https:\/\/tablaoflamenco1911.com\/pt\/","name":"Tablao Flamenco 1911 | A catedral do flamenco em Madrid","isPartOf":{"@id":"https:\/\/tablaoflamenco1911.com\/pt\/#website"},"datePublished":"2022-09-02T12:32:06+00:00","dateModified":"2025-11-05T09:52:20+00:00","description":"Viva a ess\u00eancia do flamenco no tablao mais antigo do mundo. Tradi\u00e7\u00e3o, cultura e espet\u00e1culo todas as semanas no cora\u00e7\u00e3o de Madrid.","breadcrumb":{"@id":"https:\/\/tablaoflamenco1911.com\/pt\/#breadcrumb"},"inLanguage":"pt-PT","potentialAction":[{"@type":"ReadAction","target":[["https:\/\/tablaoflamenco1911.com\/pt\/"]]}]},{"@type":"BreadcrumbList","@id":"https:\/\/tablaoflamenco1911.com\/pt\/#breadcrumb","itemListElement":[{"@type":"ListItem","position":1,"name":"Portada","item":"https:\/\/tablaoflamenco1911.com\/pt\/"},{"@type":"ListItem","position":2,"name":"Tablao Flamenco 1911"}]},{"@type":"WebSite","@id":"https:\/\/tablaoflamenco1911.com\/pt\/#website","url":"https:\/\/tablaoflamenco1911.com\/pt\/","name":"Tablao Flamenco 1911","description":"La Catedral del Flamenco en Madrid","potentialAction":[{"@type":"SearchAction","target":{"@type":"EntryPoint","urlTemplate":"https:\/\/tablaoflamenco1911.com\/pt\/?s={search_term_string}"},"query-input":{"@type":"PropertyValueSpecification","valueRequired":true,"valueName":"search_term_string"}}],"inLanguage":"pt-PT"}]}},"_links":{"self":[{"href":"https:\/\/tablaoflamenco1911.com\/pt\/wp-json\/wp\/v2\/pages\/3006","targetHints":{"allow":["GET"]}}],"collection":[{"href":"https:\/\/tablaoflamenco1911.com\/pt\/wp-json\/wp\/v2\/pages"}],"about":[{"href":"https:\/\/tablaoflamenco1911.com\/pt\/wp-json\/wp\/v2\/types\/page"}],"author":[{"embeddable":true,"href":"https:\/\/tablaoflamenco1911.com\/pt\/wp-json\/wp\/v2\/users\/1"}],"replies":[{"embeddable":true,"href":"https:\/\/tablaoflamenco1911.com\/pt\/wp-json\/wp\/v2\/comments?post=3006"}],"version-history":[{"count":127,"href":"https:\/\/tablaoflamenco1911.com\/pt\/wp-json\/wp\/v2\/pages\/3006\/revisions"}],"predecessor-version":[{"id":54305,"href":"https:\/\/tablaoflamenco1911.com\/pt\/wp-json\/wp\/v2\/pages\/3006\/revisions\/54305"}],"wp:attachment":[{"href":"https:\/\/tablaoflamenco1911.com\/pt\/wp-json\/wp\/v2\/media?parent=3006"}],"curies":[{"name":"wp","href":"https:\/\/api.w.org\/{rel}","templated":true}]}}