{"id":2734,"date":"2022-06-28T08:30:02","date_gmt":"2022-06-28T08:30:02","guid":{"rendered":"https:\/\/tablaoflamenco1911.com\/?page_id=2734"},"modified":"2026-02-17T18:42:35","modified_gmt":"2026-02-17T17:42:35","slug":"show","status":"publish","type":"page","link":"https:\/\/tablaoflamenco1911.com\/pt\/espectaculos\/","title":{"rendered":"Espet\u00e1culos de flamenco em Madrid"},"content":{"rendered":"<p><\/p>\n<p class=\"\" data-start=\"747\" data-end=\"1045\">Como templo do flamenco em Madrid, <strong data-start=\"782\" data-end=\"797\">Tablao 1911<\/strong> tem como objetivo preservar a ess\u00eancia da festa do flamenco. Seus espet\u00e1culos n\u00e3o deixar\u00e3o indiferentes nem os novatos nem os experientes, devido \u00e0 sua qualidade e pureza. <strong data-start=\"970\" data-end=\"978\">1911<\/strong> se apresenta novamente como a Catedral da arte flamenca em Madrid.<\/p>\n<p class=\"\" data-start=\"1047\" data-end=\"1317\">Cantores, guitarristas e m\u00fasicos desvendam as notas de pe\u00e7as cl\u00e1ssicas ao ritmo de bailarinos e bailaoras que vestem cada estilo do flamenco com precis\u00e3o; sole\u00e1s, buler\u00edas ou tarantas; saltos, volantes e batas de cauda transmitem a ess\u00eancia do flamenco do in\u00edcio ao fim.<\/p>\n<p><\/p>","protected":false},"excerpt":{"rendered":"Como templo do flamenco em Madrid, Tablao 1911 tem como objetivo preservar a ess\u00eancia da festa do flamenco. Seus espet\u00e1culos n\u00e3o deixar\u00e3o indiferentes nem os novatos nem os experientes, devido \u00e0 sua qualidade e pureza. 1911 se apresenta novamente como a Catedral da arte flamenca em Madrid. Cantores, guitarristas e m\u00fasicos desvendam as notas de&#8230;","protected":false},"author":1,"featured_media":3411,"parent":0,"menu_order":2,"comment_status":"closed","ping_status":"closed","template":"templates\/shows.php","meta":{"_acf_changed":false,"inline_featured_image":false,"footnotes":""},"class_list":["post-2734","page","type-page","status-publish","has-post-thumbnail","hentry"],"acf":[],"yoast_head":"<!-- This site is optimized with the Yoast SEO plugin v27.3 - https:\/\/yoast.com\/product\/yoast-seo-wordpress\/ -->\n<title>Espet\u00e1culos de flamenco em Madrid | Tablao 1911<\/title>\n<meta name=\"description\" content=\"Descubra a magia do flamenco no Tablao 1911 atrav\u00e9s dos seus espet\u00e1culos \u00fanicos. Paix\u00e3o, autenticidade e tradi\u00e7\u00e3o todos os dias.\" \/>\n<meta name=\"robots\" content=\"index, follow, max-snippet:-1, max-image-preview:large, max-video-preview:-1\" \/>\n<link rel=\"canonical\" href=\"\/\" \/>\n<meta property=\"og:locale\" content=\"pt_PT\" \/>\n<meta property=\"og:type\" content=\"article\" \/>\n<meta property=\"og:title\" content=\"Espet\u00e1culos de flamenco em Madrid | Tablao 1911\" \/>\n<meta property=\"og:description\" content=\"Descubra a magia do flamenco no Tablao 1911 atrav\u00e9s dos seus espet\u00e1culos \u00fanicos. Paix\u00e3o, autenticidade e tradi\u00e7\u00e3o todos os dias.\" \/>\n<meta property=\"og:url\" content=\"https:\/\/tablaoflamenco1911.com\/pt\/espectaculos\/\" \/>\n<meta property=\"og:site_name\" content=\"Tablao Flamenco 1911\" \/>\n<meta property=\"article:modified_time\" content=\"2026-02-17T17:42:35+00:00\" \/>\n<meta property=\"og:image\" content=\"https:\/\/tablaoflamenco1911.com\/wp-content\/uploads\/2022\/09\/bailaor-iluminado-perfil.jpg\" \/>\n\t<meta property=\"og:image:width\" content=\"1400\" \/>\n\t<meta property=\"og:image:height\" content=\"500\" \/>\n\t<meta property=\"og:image:type\" content=\"image\/jpeg\" \/>\n<meta name=\"twitter:card\" content=\"summary_large_image\" \/>\n<meta name=\"twitter:label1\" content=\"Tempo estimado de leitura\" \/>\n\t<meta name=\"twitter:data1\" content=\"1 minuto\" \/>\n<script type=\"application\/ld+json\" class=\"yoast-schema-graph\">{\"@context\":\"https:\\\/\\\/schema.org\",\"@graph\":[{\"@type\":\"WebPage\",\"@id\":\"https:\\\/\\\/tablaoflamenco1911.com\\\/pt\\\/espectaculos\\\/\",\"url\":\"https:\\\/\\\/tablaoflamenco1911.com\\\/pt\\\/espectaculos\\\/\",\"name\":\"Espet\u00e1culos de flamenco em Madrid | Tablao 1911\",\"isPartOf\":{\"@id\":\"https:\\\/\\\/tablaoflamenco1911.com\\\/pt\\\/#website\"},\"primaryImageOfPage\":{\"@id\":\"https:\\\/\\\/tablaoflamenco1911.com\\\/pt\\\/espectaculos\\\/#primaryimage\"},\"image\":{\"@id\":\"https:\\\/\\\/tablaoflamenco1911.com\\\/es\\\/espectaculos\\\/#primaryimage\"},\"thumbnailUrl\":\"https:\\\/\\\/tablaoflamenco1911.com\\\/wp-content\\\/uploads\\\/2022\\\/09\\\/bailaor-iluminado-perfil.jpg\",\"datePublished\":\"2022-06-28T08:30:02+00:00\",\"dateModified\":\"2026-02-17T17:42:35+00:00\",\"description\":\"Descubra a magia do flamenco no Tablao 1911 atrav\u00e9s dos seus espet\u00e1culos \u00fanicos. Paix\u00e3o, autenticidade e tradi\u00e7\u00e3o todos os dias.\",\"breadcrumb\":{\"@id\":\"https:\\\/\\\/tablaoflamenco1911.com\\\/pt\\\/espectaculos\\\/#breadcrumb\"},\"inLanguage\":\"pt-PT\",\"potentialAction\":[{\"@type\":\"ReadAction\",\"target\":[[\"https:\\\/\\\/tablaoflamenco1911.com\\\/pt\\\/espectaculos\\\/\"]]}]},{\"@type\":\"ImageObject\",\"inLanguage\":\"pt-PT\",\"@id\":\"https:\\\/\\\/tablaoflamenco1911.com\\\/pt\\\/espectaculos\\\/#primaryimage\",\"url\":\"https:\\\/\\\/tablaoflamenco1911.com\\\/wp-content\\\/uploads\\\/2022\\\/09\\\/bailaor-iluminado-perfil.jpg\",\"contentUrl\":\"https:\\\/\\\/tablaoflamenco1911.com\\\/wp-content\\\/uploads\\\/2022\\\/09\\\/bailaor-iluminado-perfil.jpg\",\"width\":1400,\"height\":500,\"caption\":\"Bailaor iluminado de perfil\"},{\"@type\":\"BreadcrumbList\",\"@id\":\"https:\\\/\\\/tablaoflamenco1911.com\\\/pt\\\/espectaculos\\\/#breadcrumb\",\"itemListElement\":[{\"@type\":\"ListItem\",\"position\":1,\"name\":\"Portada\",\"item\":\"https:\\\/\\\/tablaoflamenco1911.com\\\/pt\\\/\"},{\"@type\":\"ListItem\",\"position\":2,\"name\":\"Shows de Flamenco en Madrid\"}]},{\"@type\":\"WebSite\",\"@id\":\"https:\\\/\\\/tablaoflamenco1911.com\\\/pt\\\/#website\",\"url\":\"https:\\\/\\\/tablaoflamenco1911.com\\\/pt\\\/\",\"name\":\"Tablao Flamenco 1911\",\"description\":\"La Catedral del Flamenco en Madrid\",\"potentialAction\":[{\"@type\":\"SearchAction\",\"target\":{\"@type\":\"EntryPoint\",\"urlTemplate\":\"https:\\\/\\\/tablaoflamenco1911.com\\\/pt\\\/?s={search_term_string}\"},\"query-input\":{\"@type\":\"PropertyValueSpecification\",\"valueRequired\":true,\"valueName\":\"search_term_string\"}}],\"inLanguage\":\"pt-PT\"}]}<\/script>\n<!-- \/ Yoast SEO plugin. -->","yoast_head_json":{"title":"Espet\u00e1culos de flamenco em Madrid | Tablao 1911","description":"Descubra a magia do flamenco no Tablao 1911 atrav\u00e9s dos seus espet\u00e1culos \u00fanicos. Paix\u00e3o, autenticidade e tradi\u00e7\u00e3o todos os dias.","robots":{"index":"index","follow":"follow","max-snippet":"max-snippet:-1","max-image-preview":"max-image-preview:large","max-video-preview":"max-video-preview:-1"},"canonical":"\/","og_locale":"pt_PT","og_type":"article","og_title":"Espet\u00e1culos de flamenco em Madrid | Tablao 1911","og_description":"Descubra a magia do flamenco no Tablao 1911 atrav\u00e9s dos seus espet\u00e1culos \u00fanicos. Paix\u00e3o, autenticidade e tradi\u00e7\u00e3o todos os dias.","og_url":"https:\/\/tablaoflamenco1911.com\/pt\/espectaculos\/","og_site_name":"Tablao Flamenco 1911","article_modified_time":"2026-02-17T17:42:35+00:00","og_image":[{"width":1400,"height":500,"url":"https:\/\/tablaoflamenco1911.com\/wp-content\/uploads\/2022\/09\/bailaor-iluminado-perfil.jpg","type":"image\/jpeg"}],"twitter_card":"summary_large_image","twitter_misc":{"Tempo estimado de leitura":"1 minuto"},"schema":{"@context":"https:\/\/schema.org","@graph":[{"@type":"WebPage","@id":"https:\/\/tablaoflamenco1911.com\/pt\/espectaculos\/","url":"https:\/\/tablaoflamenco1911.com\/pt\/espectaculos\/","name":"Espet\u00e1culos de flamenco em Madrid | Tablao 1911","isPartOf":{"@id":"https:\/\/tablaoflamenco1911.com\/pt\/#website"},"primaryImageOfPage":{"@id":"https:\/\/tablaoflamenco1911.com\/pt\/espectaculos\/#primaryimage"},"image":{"@id":"https:\/\/tablaoflamenco1911.com\/es\/espectaculos\/#primaryimage"},"thumbnailUrl":"https:\/\/tablaoflamenco1911.com\/wp-content\/uploads\/2022\/09\/bailaor-iluminado-perfil.jpg","datePublished":"2022-06-28T08:30:02+00:00","dateModified":"2026-02-17T17:42:35+00:00","description":"Descubra a magia do flamenco no Tablao 1911 atrav\u00e9s dos seus espet\u00e1culos \u00fanicos. Paix\u00e3o, autenticidade e tradi\u00e7\u00e3o todos os dias.","breadcrumb":{"@id":"https:\/\/tablaoflamenco1911.com\/pt\/espectaculos\/#breadcrumb"},"inLanguage":"pt-PT","potentialAction":[{"@type":"ReadAction","target":[["https:\/\/tablaoflamenco1911.com\/pt\/espectaculos\/"]]}]},{"@type":"ImageObject","inLanguage":"pt-PT","@id":"https:\/\/tablaoflamenco1911.com\/pt\/espectaculos\/#primaryimage","url":"https:\/\/tablaoflamenco1911.com\/wp-content\/uploads\/2022\/09\/bailaor-iluminado-perfil.jpg","contentUrl":"https:\/\/tablaoflamenco1911.com\/wp-content\/uploads\/2022\/09\/bailaor-iluminado-perfil.jpg","width":1400,"height":500,"caption":"Bailaor iluminado de perfil"},{"@type":"BreadcrumbList","@id":"https:\/\/tablaoflamenco1911.com\/pt\/espectaculos\/#breadcrumb","itemListElement":[{"@type":"ListItem","position":1,"name":"Portada","item":"https:\/\/tablaoflamenco1911.com\/pt\/"},{"@type":"ListItem","position":2,"name":"Shows de Flamenco en Madrid"}]},{"@type":"WebSite","@id":"https:\/\/tablaoflamenco1911.com\/pt\/#website","url":"https:\/\/tablaoflamenco1911.com\/pt\/","name":"Tablao Flamenco 1911","description":"La Catedral del Flamenco en Madrid","potentialAction":[{"@type":"SearchAction","target":{"@type":"EntryPoint","urlTemplate":"https:\/\/tablaoflamenco1911.com\/pt\/?s={search_term_string}"},"query-input":{"@type":"PropertyValueSpecification","valueRequired":true,"valueName":"search_term_string"}}],"inLanguage":"pt-PT"}]}},"_links":{"self":[{"href":"https:\/\/tablaoflamenco1911.com\/pt\/wp-json\/wp\/v2\/pages\/2734","targetHints":{"allow":["GET"]}}],"collection":[{"href":"https:\/\/tablaoflamenco1911.com\/pt\/wp-json\/wp\/v2\/pages"}],"about":[{"href":"https:\/\/tablaoflamenco1911.com\/pt\/wp-json\/wp\/v2\/types\/page"}],"author":[{"embeddable":true,"href":"https:\/\/tablaoflamenco1911.com\/pt\/wp-json\/wp\/v2\/users\/1"}],"replies":[{"embeddable":true,"href":"https:\/\/tablaoflamenco1911.com\/pt\/wp-json\/wp\/v2\/comments?post=2734"}],"version-history":[{"count":43,"href":"https:\/\/tablaoflamenco1911.com\/pt\/wp-json\/wp\/v2\/pages\/2734\/revisions"}],"predecessor-version":[{"id":54752,"href":"https:\/\/tablaoflamenco1911.com\/pt\/wp-json\/wp\/v2\/pages\/2734\/revisions\/54752"}],"wp:featuredmedia":[{"embeddable":true,"href":"https:\/\/tablaoflamenco1911.com\/pt\/wp-json\/wp\/v2\/media\/3411"}],"wp:attachment":[{"href":"https:\/\/tablaoflamenco1911.com\/pt\/wp-json\/wp\/v2\/media?parent=2734"}],"curies":[{"name":"wp","href":"https:\/\/api.w.org\/{rel}","templated":true}]}}