{"id":3421,"date":"2022-09-07T14:39:40","date_gmt":"2022-09-07T14:39:40","guid":{"rendered":"https:\/\/tablaoflamenco1911.com\/?page_id=3421"},"modified":"2025-04-02T15:36:00","modified_gmt":"2025-04-02T13:36:00","slug":"terminos-condiciones-proteccion-de-datos-politica-de-devoluciones-y-reintegros","status":"publish","type":"page","link":"https:\/\/tablaoflamenco1911.com\/it\/termini-e-condizioni-d-uso\/","title":{"rendered":"Termini e condizioni d\u2019uso"},"content":{"rendered":"<p><\/p>\n<h2 data-pm-slice=\"1 1 []\"><strong>Termini, Condizioni, Protezione dei Dati, Politica di Rimborso e Reso<\/strong><\/h2>\n<h3><strong>Protezione dei Dati<\/strong><\/h3>\n<p>In conformit\u00e0 con le normative vigenti sulla Protezione dei Dati Personali, ti informiamo che i tuoi dati saranno inseriti nel sistema di trattamento di propriet\u00e0 di CINCOASES PROYECTO SL con NIF B87292736 e sede legale in C. ECHEGARAY 15, 1\u00ba, 28014, MADRID, al fine di rispondere alle tue richieste e inviarti informazioni correlate che potrebbero essere di tuo interesse. In conformit\u00e0 con la normativa vigente, CINCOASES PROYECTO SL informa che i dati saranno conservati per il tempo strettamente necessario a soddisfare gli scopi sopra menzionati.<\/p>\n<p>Salvo diversa comunicazione, considereremo che i tuoi dati non sono stati modificati, che ti impegni a comunicarci qualsiasi variazione e che abbiamo il tuo consenso per utilizzarli per le finalit\u00e0 indicate.<\/p>\n<p>CINCOASES PROYECTO SL informa che tratter\u00e0 i dati in modo lecito, equo, trasparente, adeguato, pertinente, limitato, esatto e aggiornato. Per questo motivo, si impegna ad adottare tutte le misure ragionevoli affinch\u00e9 tali dati vengano cancellati o rettificati tempestivamente se inesatti.<\/p>\n<p>In base ai tuoi diritti previsti dalla normativa vigente, puoi esercitare i diritti di accesso, rettifica, limitazione del trattamento, cancellazione, portabilit\u00e0 e opposizione al trattamento dei tuoi dati personali, nonch\u00e9 revocare il consenso prestato, scrivendo all\u2019indirizzo postale sopra indicato o all\u2019e-mail <a>reservas@tablaoflamenco1911.com<\/a>.<\/p>\n<p>Inoltre, puoi contattare il Responsabile della Protezione dei Dati di CINCOASES PROYECTO SL all\u2019indirizzo <a>dpo.cliente@conversia.es<\/a> o al numero 902877192.<\/p>\n<p>Hai il diritto di rivolgerti all\u2019Autorit\u00e0 di controllo competente per presentare un reclamo, se lo ritieni opportuno.<\/p>\n<p>Inviando il modulo di raccolta dati accetti la politica sulla privacy di CINCOASES PROYECTO SL.<\/p>\n<p>Questo testo pu\u00f2 riferirsi a CINCOASES PROYECTO SL come Tablao Flamenco 1911.<\/p>\n<h3><strong>Politica di Rimborso e Reso<\/strong><\/h3>\n<p>\u00c8 possibile richiedere un cambio data fino a 24 ore prima dell\u2019inizio dello spettacolo.<\/p>\n<p>In caso di annullamento di un biglietto, Tablao Flamenco 1911 rimborser\u00e0 il 100% dell\u2019importo se comunicato almeno 24 ore prima dell\u2019inizio dello spettacolo. Se comunicato tra 24 e 12 ore prima, verr\u00e0 rimborsato il 50% dell\u2019importo.<\/p>\n<p>Non \u00e8 previsto alcun rimborso se la cancellazione viene comunicata a meno di 12 ore dall\u2019inizio dello spettacolo.<\/p>\n<p>Il biglietto non \u00e8 nominativo ed \u00e8 trasferibile.<\/p>\n<p>Tablao Flamenco 1911 non \u00e8 responsabile in caso di smarrimento, furto o perdita del biglietto.<\/p>\n<p>Tablao Flamenco 1911 si riserva il diritto di modificare (data, orario, artisti) o sospendere lo spettacolo programmato per motivi tecnici, artistici o di forza maggiore.<\/p>\n<p>In caso di modifica o annullamento dello spettacolo imputabile a Tablao Flamenco 1911, il cliente avr\u00e0 diritto al rimborso dell\u2019importo del\/dei biglietto\/i.<\/p>\n<p>Se \u00e8 stata acquistata un\u2019assicurazione di cancellazione, il cliente avr\u00e0 diritto al rimborso del biglietto se comunica l\u2019intenzione di annullare la prenotazione fino a 3 ore prima dello spettacolo. L\u2019importo dell\u2019assicurazione non \u00e8 rimborsabile.<\/p>\n<p>I biglietti per eventi speciali, il cui importo superi i 55\u20ac, avranno una politica di cancellazione diversa. Per la loro eccezionalit\u00e0, saranno rimborsabili fino a 10 giorni prima dell\u2019evento o fino a una settimana prima se \u00e8 stata acquistata l\u2019assicurazione.<\/p>\n<p>I rimborsi saranno effettuati con lo stesso metodo di pagamento utilizzato per l\u2019acquisto. Tuttavia, Tablao Flamenco 1911 si riserva il diritto di rimborsare con un altro metodo, se vi \u00e8 una motivazione valida.<\/p>\n<h3><strong>Pagamenti<\/strong><\/h3>\n<p>Tablao Flamenco 1911 garantisce che il pagamento e l\u2019esperienza di acquisto online sul nostro sito (tablaoflamenco1911.com) siano sicuri e affidabili tramite i nostri gateway di pagamento come PayPal, Stripe, ecc. Sia i clienti internazionali che quelli dell\u2019Unione Europea possono utilizzare PayPal \/ Stripe come metodo di pagamento. Non \u00e8 necessario possedere un account presso queste piattaforme: \u00e8 possibile collegare la propria carta di debito, carta di credito o anche il conto bancario.<\/p>\n<p>PayPal \/ Stripe \u00e8 un modo semplice e sicuro per pagare e ricevere denaro senza condividere le proprie informazioni finanziarie. \u00c8 protetto da sistemi di crittografia automatica e dalle tecnologie antifrode pi\u00f9 avanzate sul mercato.<\/p>\n<h3><strong>Biglietto Regalo<\/strong><\/h3>\n<p>\u00c8 possibile richiedere un cambio data per un Biglietto Regalo fino a 24 ore prima dell\u2019inizio dello spettacolo.<\/p>\n<p>In caso di annullamento del Biglietto Regalo, Tablao Flamenco 1911 rimborser\u00e0 il 100% dell\u2019importo se comunicato almeno 24 ore prima dell\u2019inizio dello spettacolo. Se comunicato 12 ore prima, verr\u00e0 rimborsato il 50%.<\/p>\n<p>Non \u00e8 previsto alcun rimborso se la cancellazione del Biglietto Regalo viene comunicata con meno di 12 ore di anticipo.<\/p>\n<p>Il Biglietto Regalo non \u00e8 nominativo ed \u00e8 trasferibile.<\/p>\n<p>Tablao Flamenco 1911 non \u00e8 responsabile in caso di smarrimento, furto o perdita del Biglietto Regalo.<\/p>\n<p>Tablao Flamenco 1911 si riserva il diritto di modificare (data, orario, artisti) o sospendere lo spettacolo per motivi tecnici, artistici o di forza maggiore.<\/p>\n<p>In caso di modifica o annullamento per cause imputabili a Tablao Flamenco 1911, il cliente avr\u00e0 diritto al rimborso.<\/p>\n<h3><strong>Promozioni \u2013 Bambini e Neonati<\/strong><\/h3>\n<p>Gli sconti promozionali non sono cumulabili, salvo diversa indicazione.<\/p>\n<p>I bambini tra i 3 e i 12 anni avranno uno sconto del 50% in molti spettacoli, salvo diversa comunicazione da parte di Tablao Flamenco 1911.<\/p>\n<p>Negli eventi in cui ai bambini sotto i 3 anni \u00e8 applicato uno sconto del 100%, non potranno occupare un posto a sedere e dovranno restare in braccio ai genitori.<\/p>\n<p>Il numero di bambini in una prenotazione (considerando tutti i minori di 12 anni) non potr\u00e0 superare il numero di adulti.<\/p>\n<h3><strong>Cancellazione delle Promozioni<\/strong><\/h3>\n<p>Tablao Flamenco 1911 si riserva il diritto di annullare una promozione e non applicarla se ritiene che non sia opportuna, sia per biglietti acquistati che non.<\/p>\n<p>Nel caso in cui sia stato acquistato un biglietto con una promozione non valida e Tablao Flamenco 1911 comunichi al cliente che la promozione non doveva essere applicata, il cliente potr\u00e0 richiedere il rimborso totale.<\/p>\n<h3><strong>Contatti<\/strong><\/h3>\n<p>Per richieste, modifiche o cancellazioni, contatta il Servizio Clienti di Tablao Flamenco 1911 al numero +34 914 91 50 56 o +34 650 635 125 (dalle 10:00 alle 24:00) oppure scrivi a <a>reservas@tablaoflamenco1911.com<\/a>.<\/p>","protected":false},"excerpt":{"rendered":"Termini, Condizioni, Protezione dei Dati, Politica di Rimborso e Reso Protezione dei Dati In conformit\u00e0 con le normative vigenti sulla Protezione dei Dati Personali, ti informiamo che i tuoi dati saranno inseriti nel sistema di trattamento di propriet\u00e0 di CINCOASES PROYECTO SL con NIF B87292736 e sede legale in C. ECHEGARAY 15, 1\u00ba, 28014, MADRID,&#8230;","protected":false},"author":1,"featured_media":0,"parent":0,"menu_order":20,"comment_status":"closed","ping_status":"closed","template":"","meta":{"_acf_changed":false,"inline_featured_image":false,"footnotes":""},"class_list":["post-3421","page","type-page","status-publish","hentry"],"acf":[],"yoast_head":"<!-- This site is optimized with the Yoast SEO plugin v27.4 - https:\/\/yoast.com\/product\/yoast-seo-wordpress\/ -->\n<title>Termini e condizioni d\u2019uso - Tablao Flamenco 1911<\/title>\n<meta name=\"robots\" content=\"index, follow, max-snippet:-1, max-image-preview:large, max-video-preview:-1\" \/>\n<link rel=\"canonical\" href=\"\/\" \/>\n<meta property=\"og:locale\" content=\"it_IT\" \/>\n<meta property=\"og:type\" content=\"article\" \/>\n<meta property=\"og:title\" content=\"Termini e condizioni d\u2019uso - Tablao Flamenco 1911\" \/>\n<meta property=\"og:description\" content=\"Termini, Condizioni, Protezione dei Dati, Politica di Rimborso e Reso Protezione dei Dati In conformit\u00e0 con le normative vigenti sulla Protezione dei Dati Personali, ti informiamo che i tuoi dati saranno inseriti nel sistema di trattamento di propriet\u00e0 di CINCOASES PROYECTO SL con NIF B87292736 e sede legale in C. ECHEGARAY 15, 1\u00ba, 28014, MADRID,...\" \/>\n<meta property=\"og:url\" content=\"https:\/\/tablaoflamenco1911.com\/it\/terminos-y-condiciones-de-uso\/\" \/>\n<meta property=\"og:site_name\" content=\"Tablao Flamenco 1911\" \/>\n<meta property=\"article:modified_time\" content=\"2025-04-02T13:36:00+00:00\" \/>\n<meta name=\"twitter:card\" content=\"summary_large_image\" \/>\n<meta name=\"twitter:label1\" content=\"Tempo di lettura stimato\" \/>\n\t<meta name=\"twitter:data1\" content=\"5 minuti\" \/>\n<script type=\"application\/ld+json\" class=\"yoast-schema-graph\">{\"@context\":\"https:\\\/\\\/schema.org\",\"@graph\":[{\"@type\":\"WebPage\",\"@id\":\"https:\\\/\\\/tablaoflamenco1911.com\\\/it\\\/terminos-y-condiciones-de-uso\\\/\",\"url\":\"https:\\\/\\\/tablaoflamenco1911.com\\\/it\\\/terminos-y-condiciones-de-uso\\\/\",\"name\":\"Termini e condizioni d\u2019uso - Tablao Flamenco 1911\",\"isPartOf\":{\"@id\":\"https:\\\/\\\/tablaoflamenco1911.com\\\/it\\\/#website\"},\"datePublished\":\"2022-09-07T14:39:40+00:00\",\"dateModified\":\"2025-04-02T13:36:00+00:00\",\"breadcrumb\":{\"@id\":\"https:\\\/\\\/tablaoflamenco1911.com\\\/it\\\/terminos-y-condiciones-de-uso\\\/#breadcrumb\"},\"inLanguage\":\"it-IT\",\"potentialAction\":[{\"@type\":\"ReadAction\",\"target\":[[\"https:\\\/\\\/tablaoflamenco1911.com\\\/it\\\/terminos-y-condiciones-de-uso\\\/\"]]}]},{\"@type\":\"BreadcrumbList\",\"@id\":\"https:\\\/\\\/tablaoflamenco1911.com\\\/it\\\/terminos-y-condiciones-de-uso\\\/#breadcrumb\",\"itemListElement\":[{\"@type\":\"ListItem\",\"position\":1,\"name\":\"Portada\",\"item\":\"https:\\\/\\\/tablaoflamenco1911.com\\\/it\\\/\"},{\"@type\":\"ListItem\",\"position\":2,\"name\":\"T\u00e9rminos y condiciones de uso\"}]},{\"@type\":\"WebSite\",\"@id\":\"https:\\\/\\\/tablaoflamenco1911.com\\\/it\\\/#website\",\"url\":\"https:\\\/\\\/tablaoflamenco1911.com\\\/it\\\/\",\"name\":\"Tablao Flamenco 1911\",\"description\":\"La Catedral del Flamenco en Madrid\",\"potentialAction\":[{\"@type\":\"SearchAction\",\"target\":{\"@type\":\"EntryPoint\",\"urlTemplate\":\"https:\\\/\\\/tablaoflamenco1911.com\\\/it\\\/?s={search_term_string}\"},\"query-input\":{\"@type\":\"PropertyValueSpecification\",\"valueRequired\":true,\"valueName\":\"search_term_string\"}}],\"inLanguage\":\"it-IT\"}]}<\/script>\n<!-- \/ Yoast SEO plugin. -->","yoast_head_json":{"title":"Termini e condizioni d\u2019uso - Tablao Flamenco 1911","robots":{"index":"index","follow":"follow","max-snippet":"max-snippet:-1","max-image-preview":"max-image-preview:large","max-video-preview":"max-video-preview:-1"},"canonical":"\/","og_locale":"it_IT","og_type":"article","og_title":"Termini e condizioni d\u2019uso - Tablao Flamenco 1911","og_description":"Termini, Condizioni, Protezione dei Dati, Politica di Rimborso e Reso Protezione dei Dati In conformit\u00e0 con le normative vigenti sulla Protezione dei Dati Personali, ti informiamo che i tuoi dati saranno inseriti nel sistema di trattamento di propriet\u00e0 di CINCOASES PROYECTO SL con NIF B87292736 e sede legale in C. ECHEGARAY 15, 1\u00ba, 28014, MADRID,...","og_url":"https:\/\/tablaoflamenco1911.com\/it\/terminos-y-condiciones-de-uso\/","og_site_name":"Tablao Flamenco 1911","article_modified_time":"2025-04-02T13:36:00+00:00","twitter_card":"summary_large_image","twitter_misc":{"Tempo di lettura stimato":"5 minuti"},"schema":{"@context":"https:\/\/schema.org","@graph":[{"@type":"WebPage","@id":"https:\/\/tablaoflamenco1911.com\/it\/terminos-y-condiciones-de-uso\/","url":"https:\/\/tablaoflamenco1911.com\/it\/terminos-y-condiciones-de-uso\/","name":"Termini e condizioni d\u2019uso - Tablao Flamenco 1911","isPartOf":{"@id":"https:\/\/tablaoflamenco1911.com\/it\/#website"},"datePublished":"2022-09-07T14:39:40+00:00","dateModified":"2025-04-02T13:36:00+00:00","breadcrumb":{"@id":"https:\/\/tablaoflamenco1911.com\/it\/terminos-y-condiciones-de-uso\/#breadcrumb"},"inLanguage":"it-IT","potentialAction":[{"@type":"ReadAction","target":[["https:\/\/tablaoflamenco1911.com\/it\/terminos-y-condiciones-de-uso\/"]]}]},{"@type":"BreadcrumbList","@id":"https:\/\/tablaoflamenco1911.com\/it\/terminos-y-condiciones-de-uso\/#breadcrumb","itemListElement":[{"@type":"ListItem","position":1,"name":"Portada","item":"https:\/\/tablaoflamenco1911.com\/it\/"},{"@type":"ListItem","position":2,"name":"T\u00e9rminos y condiciones de uso"}]},{"@type":"WebSite","@id":"https:\/\/tablaoflamenco1911.com\/it\/#website","url":"https:\/\/tablaoflamenco1911.com\/it\/","name":"Tablao Flamenco 1911","description":"La Catedral del Flamenco en Madrid","potentialAction":[{"@type":"SearchAction","target":{"@type":"EntryPoint","urlTemplate":"https:\/\/tablaoflamenco1911.com\/it\/?s={search_term_string}"},"query-input":{"@type":"PropertyValueSpecification","valueRequired":true,"valueName":"search_term_string"}}],"inLanguage":"it-IT"}]}},"_links":{"self":[{"href":"https:\/\/tablaoflamenco1911.com\/it\/wp-json\/wp\/v2\/pages\/3421","targetHints":{"allow":["GET"]}}],"collection":[{"href":"https:\/\/tablaoflamenco1911.com\/it\/wp-json\/wp\/v2\/pages"}],"about":[{"href":"https:\/\/tablaoflamenco1911.com\/it\/wp-json\/wp\/v2\/types\/page"}],"author":[{"embeddable":true,"href":"https:\/\/tablaoflamenco1911.com\/it\/wp-json\/wp\/v2\/users\/1"}],"replies":[{"embeddable":true,"href":"https:\/\/tablaoflamenco1911.com\/it\/wp-json\/wp\/v2\/comments?post=3421"}],"version-history":[{"count":12,"href":"https:\/\/tablaoflamenco1911.com\/it\/wp-json\/wp\/v2\/pages\/3421\/revisions"}],"predecessor-version":[{"id":53764,"href":"https:\/\/tablaoflamenco1911.com\/it\/wp-json\/wp\/v2\/pages\/3421\/revisions\/53764"}],"wp:attachment":[{"href":"https:\/\/tablaoflamenco1911.com\/it\/wp-json\/wp\/v2\/media?parent=3421"}],"curies":[{"name":"wp","href":"https:\/\/api.w.org\/{rel}","templated":true}]}}