{"id":3012,"date":"2022-09-02T12:34:22","date_gmt":"2022-09-02T12:34:22","guid":{"rendered":"https:\/\/tablaoflamenco1911.com\/?page_id=3012"},"modified":"2025-12-03T15:48:36","modified_gmt":"2025-12-03T14:48:36","slug":"los-secretos-del-tablao","status":"publish","type":"page","link":"https:\/\/tablaoflamenco1911.com\/it\/il-tablao\/i-segreti-del-tablao\/","title":{"rendered":"I segreti del tablao"},"content":{"rendered":"<p><\/p>\n<p class=\"\" data-start=\"1008\" data-end=\"1162\">Fin dall\u2019inizio, il nostro locale custodisce un\u2019infinit\u00e0 di storie e segreti che, sussurrati o gridati, hanno dato carattere alle notti del nostro tablao.<\/p>\n<p class=\"\" data-start=\"1164\" data-end=\"1372\">Queste sono solo alcune delle chiacchiere pi\u00f9 famose\u2026 Ma lo sai bene: la storia \u00e8 appena cominciata, e ogni epoca porta con s\u00e9 nuove aneddoti che continueranno a definire la personalit\u00e0 di questo luogo unico.<\/p>\n<p><\/p>","protected":false},"excerpt":{"rendered":"Fin dall\u2019inizio, il nostro locale custodisce un\u2019infinit\u00e0 di storie e segreti che, sussurrati o gridati, hanno dato carattere alle notti del nostro tablao. Queste sono solo alcune delle chiacchiere pi\u00f9 famose\u2026 Ma lo sai bene: la storia \u00e8 appena cominciata, e ogni epoca porta con s\u00e9 nuove aneddoti che continueranno a definire la personalit\u00e0 di&#8230;","protected":false},"author":1,"featured_media":3164,"parent":3008,"menu_order":2,"comment_status":"closed","ping_status":"closed","template":"templates\/primary.php","meta":{"_acf_changed":false,"inline_featured_image":false,"footnotes":""},"class_list":["post-3012","page","type-page","status-publish","has-post-thumbnail","hentry"],"acf":[],"yoast_head":"<!-- This site is optimized with the Yoast SEO plugin v27.4 - https:\/\/yoast.com\/product\/yoast-seo-wordpress\/ -->\n<title>I segreti del tablao - Tablao Flamenco 1911<\/title>\n<meta name=\"description\" content=\"Pasadizos secretos desde el Palacio Real, la visita de estrellas de Hollywood en sus juergas madrile\u00f1as o el escenario de pel\u00edculas. Estos son los secretos del 1911\" \/>\n<meta name=\"robots\" content=\"index, follow, max-snippet:-1, max-image-preview:large, max-video-preview:-1\" \/>\n<link rel=\"canonical\" href=\"\/\" \/>\n<meta property=\"og:locale\" content=\"it_IT\" \/>\n<meta property=\"og:type\" content=\"article\" \/>\n<meta property=\"og:title\" content=\"I segreti del tablao - Tablao Flamenco 1911\" \/>\n<meta property=\"og:description\" content=\"Pasadizos secretos desde el Palacio Real, la visita de estrellas de Hollywood en sus juergas madrile\u00f1as o el escenario de pel\u00edculas. Estos son los secretos del 1911\" \/>\n<meta property=\"og:url\" content=\"https:\/\/tablaoflamenco1911.com\/it\/el-tablao\/los-secretos-del-tablao\/\" \/>\n<meta property=\"og:site_name\" content=\"Tablao Flamenco 1911\" \/>\n<meta property=\"article:modified_time\" content=\"2025-12-03T14:48:36+00:00\" \/>\n<meta property=\"og:image\" content=\"https:\/\/tablaoflamenco1911.com\/wp-content\/uploads\/2022\/09\/charla-portrait-card-1.png\" \/>\n\t<meta property=\"og:image:width\" content=\"400\" \/>\n\t<meta property=\"og:image:height\" content=\"500\" \/>\n\t<meta property=\"og:image:type\" content=\"image\/png\" \/>\n<meta name=\"twitter:card\" content=\"summary_large_image\" \/>\n<meta name=\"twitter:label1\" content=\"Tempo di lettura stimato\" \/>\n\t<meta name=\"twitter:data1\" content=\"1 minuto\" \/>\n<script type=\"application\/ld+json\" class=\"yoast-schema-graph\">{\"@context\":\"https:\\\/\\\/schema.org\",\"@graph\":[{\"@type\":\"WebPage\",\"@id\":\"https:\\\/\\\/tablaoflamenco1911.com\\\/it\\\/el-tablao\\\/los-secretos-del-tablao\\\/\",\"url\":\"https:\\\/\\\/tablaoflamenco1911.com\\\/it\\\/el-tablao\\\/los-secretos-del-tablao\\\/\",\"name\":\"I segreti del tablao - Tablao Flamenco 1911\",\"isPartOf\":{\"@id\":\"https:\\\/\\\/tablaoflamenco1911.com\\\/it\\\/#website\"},\"primaryImageOfPage\":{\"@id\":\"https:\\\/\\\/tablaoflamenco1911.com\\\/it\\\/el-tablao\\\/los-secretos-del-tablao\\\/#primaryimage\"},\"image\":{\"@id\":\"https:\\\/\\\/tablaoflamenco1911.com\\\/es\\\/el-tablao\\\/los-secretos-del-tablao\\\/#primaryimage\"},\"thumbnailUrl\":\"https:\\\/\\\/tablaoflamenco1911.com\\\/wp-content\\\/uploads\\\/2022\\\/09\\\/charla-portrait-card-1.png\",\"datePublished\":\"2022-09-02T12:34:22+00:00\",\"dateModified\":\"2025-12-03T14:48:36+00:00\",\"description\":\"Pasadizos secretos desde el Palacio Real, la visita de estrellas de Hollywood en sus juergas madrile\u00f1as o el escenario de pel\u00edculas. Estos son los secretos del 1911\",\"breadcrumb\":{\"@id\":\"https:\\\/\\\/tablaoflamenco1911.com\\\/it\\\/el-tablao\\\/los-secretos-del-tablao\\\/#breadcrumb\"},\"inLanguage\":\"it-IT\",\"potentialAction\":[{\"@type\":\"ReadAction\",\"target\":[[\"https:\\\/\\\/tablaoflamenco1911.com\\\/it\\\/el-tablao\\\/los-secretos-del-tablao\\\/\"]]}]},{\"@type\":\"ImageObject\",\"inLanguage\":\"it-IT\",\"@id\":\"https:\\\/\\\/tablaoflamenco1911.com\\\/it\\\/el-tablao\\\/los-secretos-del-tablao\\\/#primaryimage\",\"url\":\"https:\\\/\\\/tablaoflamenco1911.com\\\/wp-content\\\/uploads\\\/2022\\\/09\\\/charla-portrait-card-1.png\",\"contentUrl\":\"https:\\\/\\\/tablaoflamenco1911.com\\\/wp-content\\\/uploads\\\/2022\\\/09\\\/charla-portrait-card-1.png\",\"width\":400,\"height\":500,\"caption\":\"Conversacion entre famosos en Tablao 1911\"},{\"@type\":\"BreadcrumbList\",\"@id\":\"https:\\\/\\\/tablaoflamenco1911.com\\\/it\\\/el-tablao\\\/los-secretos-del-tablao\\\/#breadcrumb\",\"itemListElement\":[{\"@type\":\"ListItem\",\"position\":1,\"name\":\"Portada\",\"item\":\"https:\\\/\\\/tablaoflamenco1911.com\\\/it\\\/\"},{\"@type\":\"ListItem\",\"position\":2,\"name\":\"El tablao\",\"item\":\"https:\\\/\\\/tablaoflamenco1911.com\\\/it\\\/el-tablao\\\/\"},{\"@type\":\"ListItem\",\"position\":3,\"name\":\"Los secretos del tablao\"}]},{\"@type\":\"WebSite\",\"@id\":\"https:\\\/\\\/tablaoflamenco1911.com\\\/it\\\/#website\",\"url\":\"https:\\\/\\\/tablaoflamenco1911.com\\\/it\\\/\",\"name\":\"Tablao Flamenco 1911\",\"description\":\"La Catedral del Flamenco en Madrid\",\"potentialAction\":[{\"@type\":\"SearchAction\",\"target\":{\"@type\":\"EntryPoint\",\"urlTemplate\":\"https:\\\/\\\/tablaoflamenco1911.com\\\/it\\\/?s={search_term_string}\"},\"query-input\":{\"@type\":\"PropertyValueSpecification\",\"valueRequired\":true,\"valueName\":\"search_term_string\"}}],\"inLanguage\":\"it-IT\"}]}<\/script>\n<!-- \/ Yoast SEO plugin. -->","yoast_head_json":{"title":"I segreti del tablao - Tablao Flamenco 1911","description":"Pasadizos secretos desde el Palacio Real, la visita de estrellas de Hollywood en sus juergas madrile\u00f1as o el escenario de pel\u00edculas. Estos son los secretos del 1911","robots":{"index":"index","follow":"follow","max-snippet":"max-snippet:-1","max-image-preview":"max-image-preview:large","max-video-preview":"max-video-preview:-1"},"canonical":"\/","og_locale":"it_IT","og_type":"article","og_title":"I segreti del tablao - Tablao Flamenco 1911","og_description":"Pasadizos secretos desde el Palacio Real, la visita de estrellas de Hollywood en sus juergas madrile\u00f1as o el escenario de pel\u00edculas. Estos son los secretos del 1911","og_url":"https:\/\/tablaoflamenco1911.com\/it\/el-tablao\/los-secretos-del-tablao\/","og_site_name":"Tablao Flamenco 1911","article_modified_time":"2025-12-03T14:48:36+00:00","og_image":[{"width":400,"height":500,"url":"https:\/\/tablaoflamenco1911.com\/wp-content\/uploads\/2022\/09\/charla-portrait-card-1.png","type":"image\/png"}],"twitter_card":"summary_large_image","twitter_misc":{"Tempo di lettura stimato":"1 minuto"},"schema":{"@context":"https:\/\/schema.org","@graph":[{"@type":"WebPage","@id":"https:\/\/tablaoflamenco1911.com\/it\/el-tablao\/los-secretos-del-tablao\/","url":"https:\/\/tablaoflamenco1911.com\/it\/el-tablao\/los-secretos-del-tablao\/","name":"I segreti del tablao - Tablao Flamenco 1911","isPartOf":{"@id":"https:\/\/tablaoflamenco1911.com\/it\/#website"},"primaryImageOfPage":{"@id":"https:\/\/tablaoflamenco1911.com\/it\/el-tablao\/los-secretos-del-tablao\/#primaryimage"},"image":{"@id":"https:\/\/tablaoflamenco1911.com\/es\/el-tablao\/los-secretos-del-tablao\/#primaryimage"},"thumbnailUrl":"https:\/\/tablaoflamenco1911.com\/wp-content\/uploads\/2022\/09\/charla-portrait-card-1.png","datePublished":"2022-09-02T12:34:22+00:00","dateModified":"2025-12-03T14:48:36+00:00","description":"Pasadizos secretos desde el Palacio Real, la visita de estrellas de Hollywood en sus juergas madrile\u00f1as o el escenario de pel\u00edculas. Estos son los secretos del 1911","breadcrumb":{"@id":"https:\/\/tablaoflamenco1911.com\/it\/el-tablao\/los-secretos-del-tablao\/#breadcrumb"},"inLanguage":"it-IT","potentialAction":[{"@type":"ReadAction","target":[["https:\/\/tablaoflamenco1911.com\/it\/el-tablao\/los-secretos-del-tablao\/"]]}]},{"@type":"ImageObject","inLanguage":"it-IT","@id":"https:\/\/tablaoflamenco1911.com\/it\/el-tablao\/los-secretos-del-tablao\/#primaryimage","url":"https:\/\/tablaoflamenco1911.com\/wp-content\/uploads\/2022\/09\/charla-portrait-card-1.png","contentUrl":"https:\/\/tablaoflamenco1911.com\/wp-content\/uploads\/2022\/09\/charla-portrait-card-1.png","width":400,"height":500,"caption":"Conversacion entre famosos en Tablao 1911"},{"@type":"BreadcrumbList","@id":"https:\/\/tablaoflamenco1911.com\/it\/el-tablao\/los-secretos-del-tablao\/#breadcrumb","itemListElement":[{"@type":"ListItem","position":1,"name":"Portada","item":"https:\/\/tablaoflamenco1911.com\/it\/"},{"@type":"ListItem","position":2,"name":"El tablao","item":"https:\/\/tablaoflamenco1911.com\/it\/el-tablao\/"},{"@type":"ListItem","position":3,"name":"Los secretos del tablao"}]},{"@type":"WebSite","@id":"https:\/\/tablaoflamenco1911.com\/it\/#website","url":"https:\/\/tablaoflamenco1911.com\/it\/","name":"Tablao Flamenco 1911","description":"La Catedral del Flamenco en Madrid","potentialAction":[{"@type":"SearchAction","target":{"@type":"EntryPoint","urlTemplate":"https:\/\/tablaoflamenco1911.com\/it\/?s={search_term_string}"},"query-input":{"@type":"PropertyValueSpecification","valueRequired":true,"valueName":"search_term_string"}}],"inLanguage":"it-IT"}]}},"_links":{"self":[{"href":"https:\/\/tablaoflamenco1911.com\/it\/wp-json\/wp\/v2\/pages\/3012","targetHints":{"allow":["GET"]}}],"collection":[{"href":"https:\/\/tablaoflamenco1911.com\/it\/wp-json\/wp\/v2\/pages"}],"about":[{"href":"https:\/\/tablaoflamenco1911.com\/it\/wp-json\/wp\/v2\/types\/page"}],"author":[{"embeddable":true,"href":"https:\/\/tablaoflamenco1911.com\/it\/wp-json\/wp\/v2\/users\/1"}],"replies":[{"embeddable":true,"href":"https:\/\/tablaoflamenco1911.com\/it\/wp-json\/wp\/v2\/comments?post=3012"}],"version-history":[{"count":63,"href":"https:\/\/tablaoflamenco1911.com\/it\/wp-json\/wp\/v2\/pages\/3012\/revisions"}],"predecessor-version":[{"id":54396,"href":"https:\/\/tablaoflamenco1911.com\/it\/wp-json\/wp\/v2\/pages\/3012\/revisions\/54396"}],"up":[{"embeddable":true,"href":"https:\/\/tablaoflamenco1911.com\/it\/wp-json\/wp\/v2\/pages\/3008"}],"wp:featuredmedia":[{"embeddable":true,"href":"https:\/\/tablaoflamenco1911.com\/it\/wp-json\/wp\/v2\/media\/3164"}],"wp:attachment":[{"href":"https:\/\/tablaoflamenco1911.com\/it\/wp-json\/wp\/v2\/media?parent=3012"}],"curies":[{"name":"wp","href":"https:\/\/api.w.org\/{rel}","templated":true}]}}