{"id":54406,"date":"2025-12-11T17:47:24","date_gmt":"2025-12-11T16:47:24","guid":{"rendered":"https:\/\/tablaoflamenco1911.com\/es\/?page_id=54406"},"modified":"2025-12-18T18:46:27","modified_gmt":"2025-12-18T17:46:27","slug":"oferta-exclusiva-parking-para-tablao-flamenco-1911","status":"publish","type":"page","link":"https:\/\/tablaoflamenco1911.com\/fr\/offre-parking\/","title":{"rendered":"Une bouteille de vin de notre cave offerte avec votre billet pour le spectacle du Tablao Flamenco 1911"},"content":{"rendered":"<p><\/p>\n<h3 data-start=\"1293\" data-end=\"1320\">Comment \u00e7a fonctionne ?<\/h3>\n<ol>\n<li data-start=\"1322\" data-end=\"1463\"><strong data-start=\"1322\" data-end=\"1350\">Assurez votre place :<\/strong> Achetez votre billet <strong data-start=\"1372\" data-end=\"1394\">sur notre site web<\/strong> ou directement \u00e0 la <strong data-start=\"1415\" data-end=\"1430\">billetterie<\/strong> du tablao (Plaza Santa Ana, 15).<\/li>\n<li data-start=\"1322\" data-end=\"1463\"><strong data-start=\"1465\" data-end=\"1496\">Conservez votre ticket :<\/strong> N\u2019oubliez pas d\u2019apporter le ticket <strong data-start=\"1532\" data-end=\"1551\">papier physique<\/strong> remis par la machine du parking.<\/li>\n<li data-start=\"1322\" data-end=\"1463\"><strong data-start=\"1586\" data-end=\"1616\">Pr\u00e9sentez et trinquez :<\/strong> Lors de la validation \u00e0 l\u2019entr\u00e9e, remettez votre <strong data-start=\"1666\" data-end=\"1687\">ticket de parking<\/strong> et recevez votre bouteille offerte pour le spectacle.<\/li>\n<\/ol>\n<p data-start=\"444\" data-end=\"569\"><em data-start=\"444\" data-end=\"569\">\u2731 Invitation limit\u00e9e \u00e0 un quota quotidien par s\u00e9ance. Nous recommandons d\u2019arriver \u00e0 l\u2019avance afin de garantir votre cadeau.<\/em><\/p>\n<p><\/p>","protected":false},"excerpt":{"rendered":"Comment \u00e7a fonctionne ? Assurez votre place : Achetez votre billet sur notre site web ou directement \u00e0 la billetterie du tablao (Plaza Santa Ana, 15). Conservez votre ticket : N\u2019oubliez pas d\u2019apporter le ticket papier physique remis par la machine du parking. Pr\u00e9sentez et trinquez : Lors de la validation \u00e0 l\u2019entr\u00e9e, remettez votre&#8230;","protected":false},"author":8,"featured_media":0,"parent":0,"menu_order":0,"comment_status":"closed","ping_status":"closed","template":"templates\/primary.php","meta":{"_acf_changed":false,"inline_featured_image":false,"footnotes":""},"class_list":["post-54406","page","type-page","status-publish","hentry"],"acf":[],"yoast_head":"<!-- This site is optimized with the Yoast SEO plugin v27.5 - https:\/\/yoast.com\/product\/yoast-seo-wordpress\/ -->\n<title>Une bouteille de vin de notre cave offerte avec votre billet pour le spectacle du Tablao Flamenco 1911 - Tablao Flamenco 1911<\/title>\n<meta name=\"description\" content=\"Profitez de notre offre de parking au centre de Madrid et vivez le meilleur du flamenco en toute tranquillit\u00e9. Garez-vous confortablement et en toute s\u00e9curit\u00e9 \u00e0 quelques minutes de Cardamomo.\" \/>\n<meta name=\"robots\" content=\"index, follow, max-snippet:-1, max-image-preview:large, max-video-preview:-1\" \/>\n<link rel=\"canonical\" href=\"\/\" \/>\n<meta property=\"og:locale\" content=\"fr_FR\" \/>\n<meta property=\"og:type\" content=\"article\" \/>\n<meta property=\"og:title\" content=\"Une bouteille de vin de notre cave offerte avec votre billet pour le spectacle du Tablao Flamenco 1911 - Tablao Flamenco 1911\" \/>\n<meta property=\"og:description\" content=\"Profitez de notre offre de parking au centre de Madrid et vivez le meilleur du flamenco en toute tranquillit\u00e9. Garez-vous confortablement et en toute s\u00e9curit\u00e9 \u00e0 quelques minutes de Cardamomo.\" \/>\n<meta property=\"og:url\" content=\"https:\/\/tablaoflamenco1911.com\/fr\/oferta-parking\/\" \/>\n<meta property=\"og:site_name\" content=\"Tablao Flamenco 1911\" \/>\n<meta property=\"article:modified_time\" content=\"2025-12-18T17:46:27+00:00\" \/>\n<meta name=\"twitter:card\" content=\"summary_large_image\" \/>\n<meta name=\"twitter:label1\" content=\"Dur\u00e9e de lecture estim\u00e9e\" \/>\n\t<meta name=\"twitter:data1\" content=\"1 minute\" \/>\n<script type=\"application\/ld+json\" class=\"yoast-schema-graph\">{\"@context\":\"https:\\\/\\\/schema.org\",\"@graph\":[{\"@type\":\"WebPage\",\"@id\":\"https:\\\/\\\/tablaoflamenco1911.com\\\/fr\\\/oferta-parking\\\/\",\"url\":\"https:\\\/\\\/tablaoflamenco1911.com\\\/fr\\\/oferta-parking\\\/\",\"name\":\"Une bouteille de vin de notre cave offerte avec votre billet pour le spectacle du Tablao Flamenco 1911 - Tablao Flamenco 1911\",\"isPartOf\":{\"@id\":\"https:\\\/\\\/tablaoflamenco1911.com\\\/fr\\\/#website\"},\"datePublished\":\"2025-12-11T16:47:24+00:00\",\"dateModified\":\"2025-12-18T17:46:27+00:00\",\"description\":\"Profitez de notre offre de parking au centre de Madrid et vivez le meilleur du flamenco en toute tranquillit\u00e9. Garez-vous confortablement et en toute s\u00e9curit\u00e9 \u00e0 quelques minutes de Cardamomo.\",\"breadcrumb\":{\"@id\":\"https:\\\/\\\/tablaoflamenco1911.com\\\/fr\\\/oferta-parking\\\/#breadcrumb\"},\"inLanguage\":\"fr-FR\",\"potentialAction\":[{\"@type\":\"ReadAction\",\"target\":[[\"https:\\\/\\\/tablaoflamenco1911.com\\\/fr\\\/oferta-parking\\\/\"]]}]},{\"@type\":\"BreadcrumbList\",\"@id\":\"https:\\\/\\\/tablaoflamenco1911.com\\\/fr\\\/oferta-parking\\\/#breadcrumb\",\"itemListElement\":[{\"@type\":\"ListItem\",\"position\":1,\"name\":\"Portada\",\"item\":\"https:\\\/\\\/tablaoflamenco1911.com\\\/fr\\\/\"},{\"@type\":\"ListItem\",\"position\":2,\"name\":\"Tu ticket del Parking Santa Ana tiene premio\"}]},{\"@type\":\"WebSite\",\"@id\":\"https:\\\/\\\/tablaoflamenco1911.com\\\/fr\\\/#website\",\"url\":\"https:\\\/\\\/tablaoflamenco1911.com\\\/fr\\\/\",\"name\":\"Tablao Flamenco 1911\",\"description\":\"La Catedral del Flamenco en Madrid\",\"potentialAction\":[{\"@type\":\"SearchAction\",\"target\":{\"@type\":\"EntryPoint\",\"urlTemplate\":\"https:\\\/\\\/tablaoflamenco1911.com\\\/fr\\\/?s={search_term_string}\"},\"query-input\":{\"@type\":\"PropertyValueSpecification\",\"valueRequired\":true,\"valueName\":\"search_term_string\"}}],\"inLanguage\":\"fr-FR\"}]}<\/script>\n<!-- \/ Yoast SEO plugin. -->","yoast_head_json":{"title":"Une bouteille de vin de notre cave offerte avec votre billet pour le spectacle du Tablao Flamenco 1911 - Tablao Flamenco 1911","description":"Profitez de notre offre de parking au centre de Madrid et vivez le meilleur du flamenco en toute tranquillit\u00e9. Garez-vous confortablement et en toute s\u00e9curit\u00e9 \u00e0 quelques minutes de Cardamomo.","robots":{"index":"index","follow":"follow","max-snippet":"max-snippet:-1","max-image-preview":"max-image-preview:large","max-video-preview":"max-video-preview:-1"},"canonical":"\/","og_locale":"fr_FR","og_type":"article","og_title":"Une bouteille de vin de notre cave offerte avec votre billet pour le spectacle du Tablao Flamenco 1911 - Tablao Flamenco 1911","og_description":"Profitez de notre offre de parking au centre de Madrid et vivez le meilleur du flamenco en toute tranquillit\u00e9. Garez-vous confortablement et en toute s\u00e9curit\u00e9 \u00e0 quelques minutes de Cardamomo.","og_url":"https:\/\/tablaoflamenco1911.com\/fr\/oferta-parking\/","og_site_name":"Tablao Flamenco 1911","article_modified_time":"2025-12-18T17:46:27+00:00","twitter_card":"summary_large_image","twitter_misc":{"Dur\u00e9e de lecture estim\u00e9e":"1 minute"},"schema":{"@context":"https:\/\/schema.org","@graph":[{"@type":"WebPage","@id":"https:\/\/tablaoflamenco1911.com\/fr\/oferta-parking\/","url":"https:\/\/tablaoflamenco1911.com\/fr\/oferta-parking\/","name":"Une bouteille de vin de notre cave offerte avec votre billet pour le spectacle du Tablao Flamenco 1911 - Tablao Flamenco 1911","isPartOf":{"@id":"https:\/\/tablaoflamenco1911.com\/fr\/#website"},"datePublished":"2025-12-11T16:47:24+00:00","dateModified":"2025-12-18T17:46:27+00:00","description":"Profitez de notre offre de parking au centre de Madrid et vivez le meilleur du flamenco en toute tranquillit\u00e9. Garez-vous confortablement et en toute s\u00e9curit\u00e9 \u00e0 quelques minutes de Cardamomo.","breadcrumb":{"@id":"https:\/\/tablaoflamenco1911.com\/fr\/oferta-parking\/#breadcrumb"},"inLanguage":"fr-FR","potentialAction":[{"@type":"ReadAction","target":[["https:\/\/tablaoflamenco1911.com\/fr\/oferta-parking\/"]]}]},{"@type":"BreadcrumbList","@id":"https:\/\/tablaoflamenco1911.com\/fr\/oferta-parking\/#breadcrumb","itemListElement":[{"@type":"ListItem","position":1,"name":"Portada","item":"https:\/\/tablaoflamenco1911.com\/fr\/"},{"@type":"ListItem","position":2,"name":"Tu ticket del Parking Santa Ana tiene premio"}]},{"@type":"WebSite","@id":"https:\/\/tablaoflamenco1911.com\/fr\/#website","url":"https:\/\/tablaoflamenco1911.com\/fr\/","name":"Tablao Flamenco 1911","description":"La Catedral del Flamenco en Madrid","potentialAction":[{"@type":"SearchAction","target":{"@type":"EntryPoint","urlTemplate":"https:\/\/tablaoflamenco1911.com\/fr\/?s={search_term_string}"},"query-input":{"@type":"PropertyValueSpecification","valueRequired":true,"valueName":"search_term_string"}}],"inLanguage":"fr-FR"}]}},"_links":{"self":[{"href":"https:\/\/tablaoflamenco1911.com\/fr\/wp-json\/wp\/v2\/pages\/54406","targetHints":{"allow":["GET"]}}],"collection":[{"href":"https:\/\/tablaoflamenco1911.com\/fr\/wp-json\/wp\/v2\/pages"}],"about":[{"href":"https:\/\/tablaoflamenco1911.com\/fr\/wp-json\/wp\/v2\/types\/page"}],"author":[{"embeddable":true,"href":"https:\/\/tablaoflamenco1911.com\/fr\/wp-json\/wp\/v2\/users\/8"}],"replies":[{"embeddable":true,"href":"https:\/\/tablaoflamenco1911.com\/fr\/wp-json\/wp\/v2\/comments?post=54406"}],"version-history":[{"count":92,"href":"https:\/\/tablaoflamenco1911.com\/fr\/wp-json\/wp\/v2\/pages\/54406\/revisions"}],"predecessor-version":[{"id":54526,"href":"https:\/\/tablaoflamenco1911.com\/fr\/wp-json\/wp\/v2\/pages\/54406\/revisions\/54526"}],"wp:attachment":[{"href":"https:\/\/tablaoflamenco1911.com\/fr\/wp-json\/wp\/v2\/media?parent=54406"}],"curies":[{"name":"wp","href":"https:\/\/api.w.org\/{rel}","templated":true}]}}