{"id":3421,"date":"2022-09-07T14:39:40","date_gmt":"2022-09-07T14:39:40","guid":{"rendered":"https:\/\/tablaoflamenco1911.com\/?page_id=3421"},"modified":"2025-04-02T15:36:00","modified_gmt":"2025-04-02T13:36:00","slug":"terminos-condiciones-proteccion-de-datos-politica-de-devoluciones-y-reintegros","status":"publish","type":"page","link":"https:\/\/tablaoflamenco1911.com\/fr\/conditions-generales-d-utilisation\/","title":{"rendered":"Termes et conditions"},"content":{"rendered":"<p><\/p>\n<h2 data-pm-slice=\"1 1 []\"><strong>Conditions g\u00e9n\u00e9rales, protection des donn\u00e9es, politique de remboursement et de retour<\/strong><\/h2>\n<h3><strong>Protection des donn\u00e9es<\/strong><\/h3>\n<p>Conform\u00e9ment \u00e0 la r\u00e9glementation en vigueur sur la protection des donn\u00e9es \u00e0 caract\u00e8re personnel, nous vous informons que vos donn\u00e9es seront int\u00e9gr\u00e9es dans le syst\u00e8me de traitement appartenant \u00e0 CINCOASES PROYECTO SL, avec le NIF B87292736 et le si\u00e8ge social situ\u00e9 au C. ECHEGARAY 15, 1\u00ba, 28014, MADRID, afin de r\u00e9pondre \u00e0 vos demandes et de vous envoyer des informations en rapport susceptibles de vous int\u00e9resser. Conform\u00e9ment \u00e0 la r\u00e9glementation, CINCOASES PROYECTO SL vous informe que les donn\u00e9es seront conserv\u00e9es pendant la dur\u00e9e strictement n\u00e9cessaire pour atteindre les objectifs mentionn\u00e9s ci-dessus.<\/p>\n<p>Sauf indication contraire de votre part, nous consid\u00e9rerons que vos donn\u00e9es n&rsquo;ont pas \u00e9t\u00e9 modifi\u00e9es, que vous vous engagez \u00e0 nous signaler toute modification et que nous avons votre consentement pour les utiliser aux fins mentionn\u00e9es.<\/p>\n<p>CINCOASES PROYECTO SL informe qu\u2019elle traitera les donn\u00e9es de mani\u00e8re licite, loyale, transparente, ad\u00e9quate, pertinente, limit\u00e9e, exacte et actualis\u00e9e. \u00c0 ce titre, CINCOASES PROYECTO SL s\u2019engage \u00e0 prendre toutes les mesures raisonnables pour que celles-ci soient supprim\u00e9es ou rectifi\u00e9es sans d\u00e9lai lorsqu\u2019elles sont inexactes.<\/p>\n<p>Conform\u00e9ment aux droits conf\u00e9r\u00e9s par la r\u00e9glementation sur la protection des donn\u00e9es, vous pouvez exercer vos droits d\u2019acc\u00e8s, de rectification, de limitation du traitement, de suppression, de portabilit\u00e9 et d\u2019opposition au traitement de vos donn\u00e9es \u00e0 caract\u00e8re personnel, ainsi que retirer le consentement donn\u00e9, en envoyant votre demande \u00e0 l\u2019adresse postale mentionn\u00e9e ci-dessus ou \u00e0 l\u2019adresse e-mail <a>reservas@tablaoflamenco1911.com<\/a>.<\/p>\n<p>Vous pouvez \u00e9galement contacter le D\u00e9l\u00e9gu\u00e9 \u00e0 la Protection des Donn\u00e9es de CINCOASES PROYECTO SL par \u00e9crit \u00e0 l\u2019adresse <a>dpo.cliente@conversia.es<\/a> ou par t\u00e9l\u00e9phone au 902877192.<\/p>\n<p>Vous pouvez vous adresser \u00e0 l\u2019autorit\u00e9 de contr\u00f4le comp\u00e9tente pour d\u00e9poser toute r\u00e9clamation que vous jugez appropri\u00e9e.<\/p>\n<p>En envoyant le formulaire de collecte de donn\u00e9es, vous acceptez la politique de confidentialit\u00e9 de CINCOASES PROYECTO SL.<\/p>\n<p>Ce texte peut faire r\u00e9f\u00e9rence \u00e0 CINCOASES PROYECTO SL sous le nom de Tablao Flamenco 1911.<\/p>\n<h3><strong>Politique de remboursement et de retour<\/strong><\/h3>\n<p>Un changement de date peut \u00eatre demand\u00e9 jusqu\u2019\u00e0 24 heures avant le d\u00e9but du spectacle.<\/p>\n<p>En cas d\u2019annulation d\u2019un billet, Tablao Flamenco 1911 remboursera 100 % du montant si cela est communiqu\u00e9 au moins 24 heures avant le spectacle. Si cela est communiqu\u00e9 entre 24 et 12 heures avant, 50 % du montant sera rembours\u00e9.<\/p>\n<p>Aucun remboursement ne sera effectu\u00e9 si l\u2019annulation est communiqu\u00e9e moins de 12 heures avant le spectacle.<\/p>\n<p>Le billet n\u2019est pas nominatif et peut \u00eatre transf\u00e9r\u00e9.<\/p>\n<p>Tablao Flamenco 1911 d\u00e9cline toute responsabilit\u00e9 en cas de perte, de vol ou de d\u00e9t\u00e9rioration du billet.<\/p>\n<p>Tablao Flamenco 1911 se r\u00e9serve le droit de modifier (date, heure, artistes) ou d\u2019annuler le spectacle programm\u00e9 en cas de n\u00e9cessit\u00e9 technique, artistique ou de force majeure.<\/p>\n<p>En cas de modification ou d\u2019annulation du spectacle pour des raisons imputables \u00e0 Tablao Flamenco 1911, le client aura droit au remboursement du montant du\/des billet(s).<\/p>\n<p>Si une assurance annulation est souscrite, le client aura droit au remboursement s\u2019il communique son souhait d\u2019annuler la r\u00e9servation jusqu\u2019\u00e0 3 heures avant le spectacle. Le montant de l\u2019assurance n\u2019est pas remboursable.<\/p>\n<p>Les billets pour des \u00e9v\u00e9nements sp\u00e9ciaux de plus de 55 \u20ac auront une politique d\u2019annulation diff\u00e9rente. En raison de leur nature exceptionnelle, ils seront remboursables jusqu\u2019\u00e0 10 jours avant l\u2019\u00e9v\u00e9nement, et jusqu\u2019\u00e0 une semaine avant si une assurance annulation a \u00e9t\u00e9 souscrite.<\/p>\n<p>Les remboursements seront effectu\u00e9s par le m\u00eame moyen de paiement utilis\u00e9 pour l\u2019achat. Toutefois, Tablao Flamenco 1911 se r\u00e9serve le droit de rembourser par un autre moyen si une raison le justifie.<\/p>\n<h3><strong>Paiements<\/strong><\/h3>\n<p>Tablao Flamenco 1911 garantit que le paiement et l\u2019exp\u00e9rience d\u2019achat en ligne sur notre site (tablaoflamenco1911.com) sont s\u00fbrs et fiables via nos passerelles de paiement comme PayPal, Stripe, etc. Les clients internationaux et de l\u2019Union europ\u00e9enne peuvent utiliser PayPal \/ Stripe comme moyen de paiement. Il n\u2019est pas n\u00e9cessaire d\u2019avoir un compte avec ces entit\u00e9s : vous pouvez lier votre carte bancaire ou votre compte bancaire.<\/p>\n<p>PayPal \/ Stripe est une m\u00e9thode simple et s\u00e9curis\u00e9e pour payer et recevoir de l\u2019argent sans avoir \u00e0 partager vos informations financi\u00e8res. Ces informations sont prot\u00e9g\u00e9es gr\u00e2ce \u00e0 des syst\u00e8mes de cryptage automatique et aux dispositifs anti-fraude les plus avanc\u00e9s du march\u00e9.<\/p>\n<h3><strong>Billet cadeau<\/strong><\/h3>\n<p>Vous pouvez demander un changement de date pour un billet cadeau jusqu\u2019\u00e0 24 heures avant le d\u00e9but du spectacle.<\/p>\n<p>En cas d\u2019annulation d\u2019un billet cadeau, Tablao Flamenco 1911 remboursera 100 % du montant si cela est communiqu\u00e9 24 heures avant le spectacle. Si c\u2019est communiqu\u00e9 12 heures avant, le remboursement sera de 50 %.<\/p>\n<p>Aucun remboursement ne sera effectu\u00e9 si l\u2019annulation d\u2019un billet cadeau est notifi\u00e9e moins de 12 heures avant le d\u00e9but du spectacle.<\/p>\n<p>Le billet cadeau n\u2019est pas nominatif et peut \u00eatre transf\u00e9r\u00e9.<\/p>\n<p>Tablao Flamenco 1911 d\u00e9cline toute responsabilit\u00e9 en cas de perte, vol ou d\u00e9t\u00e9rioration du billet cadeau.<\/p>\n<p>Tablao Flamenco 1911 se r\u00e9serve le droit de modifier (date, heure, artistes) ou d\u2019annuler le spectacle pour des raisons techniques, artistiques ou de force majeure.<\/p>\n<p>En cas de modification ou d\u2019annulation du spectacle pour des raisons imputables \u00e0 Tablao Flamenco 1911, le client aura droit au remboursement int\u00e9gral.<\/p>\n<h3><strong>Promotions. Enfants \u2013 B\u00e9b\u00e9s<\/strong><\/h3>\n<p>Les r\u00e9ductions ne sont pas cumulables sauf indication contraire.<\/p>\n<p>Les enfants de 3 \u00e0 12 ans peuvent b\u00e9n\u00e9ficier d\u2019une r\u00e9duction de 50 % sur de nombreux spectacles, sauf indication contraire pr\u00e9alable de Tablao Flamenco 1911.<\/p>\n<p>Lors des \u00e9v\u00e9nements o\u00f9 une remise de 100 % est appliqu\u00e9e aux enfants de moins de 3 ans, ceux-ci ne peuvent pas occuper de place assise et doivent rester sur les genoux de leurs parents.<\/p>\n<p>Le nombre d\u2019enfants par r\u00e9servation (tous les enfants de moins de 12 ans sont inclus dans ce terme) ne peut exc\u00e9der le nombre d\u2019adultes.<\/p>\n<h3><strong>Annulation des promotions<\/strong><\/h3>\n<p>Tablao Flamenco 1911 se r\u00e9serve le droit d\u2019annuler une promotion si elle estime qu\u2019elle ne doit pas \u00eatre appliqu\u00e9e, que les billets soient d\u00e9j\u00e0 achet\u00e9s ou non.<\/p>\n<p>Si un billet a \u00e9t\u00e9 achet\u00e9 avec une promotion non applicable et que Tablao Flamenco 1911 informe le client que celle-ci ne devait pas s\u2019appliquer, le client pourra demander le remboursement int\u00e9gral.<\/p>\n<h3><strong>Contact<\/strong><\/h3>\n<p>Pour toute question, modification ou annulation, contactez le Service Client de Tablao Flamenco 1911 au +34 914 91 50 56 ou au +34 650 635 125 (de 10h00 \u00e0 00h00) ou par e-mail \u00e0 <a>reservas@tablaoflamenco1911.com<\/a>.<\/p>","protected":false},"excerpt":{"rendered":"Conditions g\u00e9n\u00e9rales, protection des donn\u00e9es, politique de remboursement et de retour Protection des donn\u00e9es Conform\u00e9ment \u00e0 la r\u00e9glementation en vigueur sur la protection des donn\u00e9es \u00e0 caract\u00e8re personnel, nous vous informons que vos donn\u00e9es seront int\u00e9gr\u00e9es dans le syst\u00e8me de traitement appartenant \u00e0 CINCOASES PROYECTO SL, avec le NIF B87292736 et le si\u00e8ge social situ\u00e9&#8230;","protected":false},"author":1,"featured_media":0,"parent":0,"menu_order":20,"comment_status":"closed","ping_status":"closed","template":"","meta":{"_acf_changed":false,"inline_featured_image":false,"footnotes":""},"class_list":["post-3421","page","type-page","status-publish","hentry"],"acf":[],"yoast_head":"<!-- This site is optimized with the Yoast SEO plugin v27.3 - https:\/\/yoast.com\/product\/yoast-seo-wordpress\/ -->\n<title>Termes et conditions - Tablao Flamenco 1911<\/title>\n<meta name=\"robots\" content=\"index, follow, max-snippet:-1, max-image-preview:large, max-video-preview:-1\" \/>\n<link rel=\"canonical\" href=\"\/\" \/>\n<meta property=\"og:locale\" content=\"fr_FR\" \/>\n<meta property=\"og:type\" content=\"article\" \/>\n<meta property=\"og:title\" content=\"Termes et conditions - Tablao Flamenco 1911\" \/>\n<meta property=\"og:description\" content=\"Conditions g\u00e9n\u00e9rales, protection des donn\u00e9es, politique de remboursement et de retour Protection des donn\u00e9es Conform\u00e9ment \u00e0 la r\u00e9glementation en vigueur sur la protection des donn\u00e9es \u00e0 caract\u00e8re personnel, nous vous informons que vos donn\u00e9es seront int\u00e9gr\u00e9es dans le syst\u00e8me de traitement appartenant \u00e0 CINCOASES PROYECTO SL, avec le NIF B87292736 et le si\u00e8ge social situ\u00e9...\" \/>\n<meta property=\"og:url\" content=\"https:\/\/tablaoflamenco1911.com\/fr\/terminos-y-condiciones-de-uso\/\" \/>\n<meta property=\"og:site_name\" content=\"Tablao Flamenco 1911\" \/>\n<meta property=\"article:modified_time\" content=\"2025-04-02T13:36:00+00:00\" \/>\n<meta name=\"twitter:card\" content=\"summary_large_image\" \/>\n<meta name=\"twitter:label1\" content=\"Dur\u00e9e de lecture estim\u00e9e\" \/>\n\t<meta name=\"twitter:data1\" content=\"5 minutes\" \/>\n<script type=\"application\/ld+json\" class=\"yoast-schema-graph\">{\"@context\":\"https:\\\/\\\/schema.org\",\"@graph\":[{\"@type\":\"WebPage\",\"@id\":\"https:\\\/\\\/tablaoflamenco1911.com\\\/fr\\\/terminos-y-condiciones-de-uso\\\/\",\"url\":\"https:\\\/\\\/tablaoflamenco1911.com\\\/fr\\\/terminos-y-condiciones-de-uso\\\/\",\"name\":\"Termes et conditions - Tablao Flamenco 1911\",\"isPartOf\":{\"@id\":\"https:\\\/\\\/tablaoflamenco1911.com\\\/fr\\\/#website\"},\"datePublished\":\"2022-09-07T14:39:40+00:00\",\"dateModified\":\"2025-04-02T13:36:00+00:00\",\"breadcrumb\":{\"@id\":\"https:\\\/\\\/tablaoflamenco1911.com\\\/fr\\\/terminos-y-condiciones-de-uso\\\/#breadcrumb\"},\"inLanguage\":\"fr-FR\",\"potentialAction\":[{\"@type\":\"ReadAction\",\"target\":[[\"https:\\\/\\\/tablaoflamenco1911.com\\\/fr\\\/terminos-y-condiciones-de-uso\\\/\"]]}]},{\"@type\":\"BreadcrumbList\",\"@id\":\"https:\\\/\\\/tablaoflamenco1911.com\\\/fr\\\/terminos-y-condiciones-de-uso\\\/#breadcrumb\",\"itemListElement\":[{\"@type\":\"ListItem\",\"position\":1,\"name\":\"Portada\",\"item\":\"https:\\\/\\\/tablaoflamenco1911.com\\\/fr\\\/\"},{\"@type\":\"ListItem\",\"position\":2,\"name\":\"T\u00e9rminos y condiciones de uso\"}]},{\"@type\":\"WebSite\",\"@id\":\"https:\\\/\\\/tablaoflamenco1911.com\\\/fr\\\/#website\",\"url\":\"https:\\\/\\\/tablaoflamenco1911.com\\\/fr\\\/\",\"name\":\"Tablao Flamenco 1911\",\"description\":\"La Catedral del Flamenco en Madrid\",\"potentialAction\":[{\"@type\":\"SearchAction\",\"target\":{\"@type\":\"EntryPoint\",\"urlTemplate\":\"https:\\\/\\\/tablaoflamenco1911.com\\\/fr\\\/?s={search_term_string}\"},\"query-input\":{\"@type\":\"PropertyValueSpecification\",\"valueRequired\":true,\"valueName\":\"search_term_string\"}}],\"inLanguage\":\"fr-FR\"}]}<\/script>\n<!-- \/ Yoast SEO plugin. -->","yoast_head_json":{"title":"Termes et conditions - Tablao Flamenco 1911","robots":{"index":"index","follow":"follow","max-snippet":"max-snippet:-1","max-image-preview":"max-image-preview:large","max-video-preview":"max-video-preview:-1"},"canonical":"\/","og_locale":"fr_FR","og_type":"article","og_title":"Termes et conditions - Tablao Flamenco 1911","og_description":"Conditions g\u00e9n\u00e9rales, protection des donn\u00e9es, politique de remboursement et de retour Protection des donn\u00e9es Conform\u00e9ment \u00e0 la r\u00e9glementation en vigueur sur la protection des donn\u00e9es \u00e0 caract\u00e8re personnel, nous vous informons que vos donn\u00e9es seront int\u00e9gr\u00e9es dans le syst\u00e8me de traitement appartenant \u00e0 CINCOASES PROYECTO SL, avec le NIF B87292736 et le si\u00e8ge social situ\u00e9...","og_url":"https:\/\/tablaoflamenco1911.com\/fr\/terminos-y-condiciones-de-uso\/","og_site_name":"Tablao Flamenco 1911","article_modified_time":"2025-04-02T13:36:00+00:00","twitter_card":"summary_large_image","twitter_misc":{"Dur\u00e9e de lecture estim\u00e9e":"5 minutes"},"schema":{"@context":"https:\/\/schema.org","@graph":[{"@type":"WebPage","@id":"https:\/\/tablaoflamenco1911.com\/fr\/terminos-y-condiciones-de-uso\/","url":"https:\/\/tablaoflamenco1911.com\/fr\/terminos-y-condiciones-de-uso\/","name":"Termes et conditions - Tablao Flamenco 1911","isPartOf":{"@id":"https:\/\/tablaoflamenco1911.com\/fr\/#website"},"datePublished":"2022-09-07T14:39:40+00:00","dateModified":"2025-04-02T13:36:00+00:00","breadcrumb":{"@id":"https:\/\/tablaoflamenco1911.com\/fr\/terminos-y-condiciones-de-uso\/#breadcrumb"},"inLanguage":"fr-FR","potentialAction":[{"@type":"ReadAction","target":[["https:\/\/tablaoflamenco1911.com\/fr\/terminos-y-condiciones-de-uso\/"]]}]},{"@type":"BreadcrumbList","@id":"https:\/\/tablaoflamenco1911.com\/fr\/terminos-y-condiciones-de-uso\/#breadcrumb","itemListElement":[{"@type":"ListItem","position":1,"name":"Portada","item":"https:\/\/tablaoflamenco1911.com\/fr\/"},{"@type":"ListItem","position":2,"name":"T\u00e9rminos y condiciones de uso"}]},{"@type":"WebSite","@id":"https:\/\/tablaoflamenco1911.com\/fr\/#website","url":"https:\/\/tablaoflamenco1911.com\/fr\/","name":"Tablao Flamenco 1911","description":"La Catedral del Flamenco en Madrid","potentialAction":[{"@type":"SearchAction","target":{"@type":"EntryPoint","urlTemplate":"https:\/\/tablaoflamenco1911.com\/fr\/?s={search_term_string}"},"query-input":{"@type":"PropertyValueSpecification","valueRequired":true,"valueName":"search_term_string"}}],"inLanguage":"fr-FR"}]}},"_links":{"self":[{"href":"https:\/\/tablaoflamenco1911.com\/fr\/wp-json\/wp\/v2\/pages\/3421","targetHints":{"allow":["GET"]}}],"collection":[{"href":"https:\/\/tablaoflamenco1911.com\/fr\/wp-json\/wp\/v2\/pages"}],"about":[{"href":"https:\/\/tablaoflamenco1911.com\/fr\/wp-json\/wp\/v2\/types\/page"}],"author":[{"embeddable":true,"href":"https:\/\/tablaoflamenco1911.com\/fr\/wp-json\/wp\/v2\/users\/1"}],"replies":[{"embeddable":true,"href":"https:\/\/tablaoflamenco1911.com\/fr\/wp-json\/wp\/v2\/comments?post=3421"}],"version-history":[{"count":12,"href":"https:\/\/tablaoflamenco1911.com\/fr\/wp-json\/wp\/v2\/pages\/3421\/revisions"}],"predecessor-version":[{"id":53764,"href":"https:\/\/tablaoflamenco1911.com\/fr\/wp-json\/wp\/v2\/pages\/3421\/revisions\/53764"}],"wp:attachment":[{"href":"https:\/\/tablaoflamenco1911.com\/fr\/wp-json\/wp\/v2\/media?parent=3421"}],"curies":[{"name":"wp","href":"https:\/\/api.w.org\/{rel}","templated":true}]}}