{"id":2734,"date":"2022-06-28T08:30:02","date_gmt":"2022-06-28T08:30:02","guid":{"rendered":"https:\/\/tablaoflamenco1911.com\/?page_id=2734"},"modified":"2026-02-17T18:42:35","modified_gmt":"2026-02-17T17:42:35","slug":"show","status":"publish","type":"page","link":"https:\/\/tablaoflamenco1911.com\/fr\/montre\/","title":{"rendered":"Spectacles de flamenco \u00e0 Madrid"},"content":{"rendered":"<p>En tant que temple du flamenco \u00e0 Madrid, le <strong>Tablao 1911<\/strong> vise \u00e0 pr\u00e9server l&rsquo;essence de la fiesta flamenca. Ses spectacles ne laisseront pas indiff\u00e9rents tant les n\u00e9ophytes que les experts car par leur qualit\u00e9 et leur puret\u00e9, le <strong>1911<\/strong> est une fois de plus la cath\u00e9drale de l&rsquo;art flamenco \u00e0 Madrid.<\/p>\n<p>Chanteurs, guitaristes et musiciens de flamenco, \u00e9gr\u00e8nent les notes des morceaux classiques au rythme des danseurs et danseuses qui habillent chaque palo flamenco avec adresse ; sole\u00e1s, buler\u00edas ou tarantas ; talons, volants et robes \u00e0 queue transmettent l&rsquo;essence du flamenco du d\u00e9but \u00e0 la fin.<\/p>","protected":false},"excerpt":{"rendered":"En tant que temple du flamenco \u00e0 Madrid, le Tablao 1911 vise \u00e0 pr\u00e9server l&rsquo;essence de la fiesta flamenca. Ses spectacles ne laisseront pas indiff\u00e9rents tant les n\u00e9ophytes que les experts car par leur qualit\u00e9 et leur puret\u00e9, le 1911 est une fois de plus la cath\u00e9drale de l&rsquo;art flamenco \u00e0 Madrid. Chanteurs, guitaristes et&#8230;","protected":false},"author":1,"featured_media":3411,"parent":0,"menu_order":2,"comment_status":"closed","ping_status":"closed","template":"templates\/shows.php","meta":{"_acf_changed":false,"inline_featured_image":false,"footnotes":""},"class_list":["post-2734","page","type-page","status-publish","has-post-thumbnail","hentry"],"acf":[],"yoast_head":"<!-- This site is optimized with the Yoast SEO plugin v27.4 - https:\/\/yoast.com\/product\/yoast-seo-wordpress\/ -->\n<title>Spectacles de flamenco \u00e0 Madrid | Tablao 1911<\/title>\n<meta name=\"description\" content=\"D\u00e9couvrez la magie du flamenco au Tablao 1911 \u00e0 travers ses spectacles uniques. Passion, authenticit\u00e9 et tradition chaque jour.\" \/>\n<meta name=\"robots\" content=\"index, follow, max-snippet:-1, max-image-preview:large, max-video-preview:-1\" \/>\n<link rel=\"canonical\" href=\"\/\" \/>\n<meta property=\"og:locale\" content=\"fr_FR\" \/>\n<meta property=\"og:type\" content=\"article\" \/>\n<meta property=\"og:title\" content=\"Spectacles de flamenco \u00e0 Madrid | Tablao 1911\" \/>\n<meta property=\"og:description\" content=\"D\u00e9couvrez la magie du flamenco au Tablao 1911 \u00e0 travers ses spectacles uniques. Passion, authenticit\u00e9 et tradition chaque jour.\" \/>\n<meta property=\"og:url\" content=\"https:\/\/tablaoflamenco1911.com\/fr\/espectaculos\/\" \/>\n<meta property=\"og:site_name\" content=\"Tablao Flamenco 1911\" \/>\n<meta property=\"article:modified_time\" content=\"2026-02-17T17:42:35+00:00\" \/>\n<meta property=\"og:image\" content=\"https:\/\/tablaoflamenco1911.com\/wp-content\/uploads\/2022\/09\/bailaor-iluminado-perfil.jpg\" \/>\n\t<meta property=\"og:image:width\" content=\"1400\" \/>\n\t<meta property=\"og:image:height\" content=\"500\" \/>\n\t<meta property=\"og:image:type\" content=\"image\/jpeg\" \/>\n<meta name=\"twitter:card\" content=\"summary_large_image\" \/>\n<meta name=\"twitter:label1\" content=\"Dur\u00e9e de lecture estim\u00e9e\" \/>\n\t<meta name=\"twitter:data1\" content=\"1 minute\" \/>\n<script type=\"application\/ld+json\" class=\"yoast-schema-graph\">{\"@context\":\"https:\\\/\\\/schema.org\",\"@graph\":[{\"@type\":\"WebPage\",\"@id\":\"https:\\\/\\\/tablaoflamenco1911.com\\\/fr\\\/espectaculos\\\/\",\"url\":\"https:\\\/\\\/tablaoflamenco1911.com\\\/fr\\\/espectaculos\\\/\",\"name\":\"Spectacles de flamenco \u00e0 Madrid | Tablao 1911\",\"isPartOf\":{\"@id\":\"https:\\\/\\\/tablaoflamenco1911.com\\\/fr\\\/#website\"},\"primaryImageOfPage\":{\"@id\":\"https:\\\/\\\/tablaoflamenco1911.com\\\/fr\\\/espectaculos\\\/#primaryimage\"},\"image\":{\"@id\":\"https:\\\/\\\/tablaoflamenco1911.com\\\/es\\\/espectaculos\\\/#primaryimage\"},\"thumbnailUrl\":\"https:\\\/\\\/tablaoflamenco1911.com\\\/wp-content\\\/uploads\\\/2022\\\/09\\\/bailaor-iluminado-perfil.jpg\",\"datePublished\":\"2022-06-28T08:30:02+00:00\",\"dateModified\":\"2026-02-17T17:42:35+00:00\",\"description\":\"D\u00e9couvrez la magie du flamenco au Tablao 1911 \u00e0 travers ses spectacles uniques. Passion, authenticit\u00e9 et tradition chaque jour.\",\"breadcrumb\":{\"@id\":\"https:\\\/\\\/tablaoflamenco1911.com\\\/fr\\\/espectaculos\\\/#breadcrumb\"},\"inLanguage\":\"fr-FR\",\"potentialAction\":[{\"@type\":\"ReadAction\",\"target\":[[\"https:\\\/\\\/tablaoflamenco1911.com\\\/fr\\\/espectaculos\\\/\"]]}]},{\"@type\":\"ImageObject\",\"inLanguage\":\"fr-FR\",\"@id\":\"https:\\\/\\\/tablaoflamenco1911.com\\\/fr\\\/espectaculos\\\/#primaryimage\",\"url\":\"https:\\\/\\\/tablaoflamenco1911.com\\\/wp-content\\\/uploads\\\/2022\\\/09\\\/bailaor-iluminado-perfil.jpg\",\"contentUrl\":\"https:\\\/\\\/tablaoflamenco1911.com\\\/wp-content\\\/uploads\\\/2022\\\/09\\\/bailaor-iluminado-perfil.jpg\",\"width\":1400,\"height\":500,\"caption\":\"Bailaor iluminado de perfil\"},{\"@type\":\"BreadcrumbList\",\"@id\":\"https:\\\/\\\/tablaoflamenco1911.com\\\/fr\\\/espectaculos\\\/#breadcrumb\",\"itemListElement\":[{\"@type\":\"ListItem\",\"position\":1,\"name\":\"Portada\",\"item\":\"https:\\\/\\\/tablaoflamenco1911.com\\\/fr\\\/\"},{\"@type\":\"ListItem\",\"position\":2,\"name\":\"Shows de Flamenco en Madrid\"}]},{\"@type\":\"WebSite\",\"@id\":\"https:\\\/\\\/tablaoflamenco1911.com\\\/fr\\\/#website\",\"url\":\"https:\\\/\\\/tablaoflamenco1911.com\\\/fr\\\/\",\"name\":\"Tablao Flamenco 1911\",\"description\":\"La Catedral del Flamenco en Madrid\",\"potentialAction\":[{\"@type\":\"SearchAction\",\"target\":{\"@type\":\"EntryPoint\",\"urlTemplate\":\"https:\\\/\\\/tablaoflamenco1911.com\\\/fr\\\/?s={search_term_string}\"},\"query-input\":{\"@type\":\"PropertyValueSpecification\",\"valueRequired\":true,\"valueName\":\"search_term_string\"}}],\"inLanguage\":\"fr-FR\"}]}<\/script>\n<!-- \/ Yoast SEO plugin. -->","yoast_head_json":{"title":"Spectacles de flamenco \u00e0 Madrid | Tablao 1911","description":"D\u00e9couvrez la magie du flamenco au Tablao 1911 \u00e0 travers ses spectacles uniques. Passion, authenticit\u00e9 et tradition chaque jour.","robots":{"index":"index","follow":"follow","max-snippet":"max-snippet:-1","max-image-preview":"max-image-preview:large","max-video-preview":"max-video-preview:-1"},"canonical":"\/","og_locale":"fr_FR","og_type":"article","og_title":"Spectacles de flamenco \u00e0 Madrid | Tablao 1911","og_description":"D\u00e9couvrez la magie du flamenco au Tablao 1911 \u00e0 travers ses spectacles uniques. Passion, authenticit\u00e9 et tradition chaque jour.","og_url":"https:\/\/tablaoflamenco1911.com\/fr\/espectaculos\/","og_site_name":"Tablao Flamenco 1911","article_modified_time":"2026-02-17T17:42:35+00:00","og_image":[{"width":1400,"height":500,"url":"https:\/\/tablaoflamenco1911.com\/wp-content\/uploads\/2022\/09\/bailaor-iluminado-perfil.jpg","type":"image\/jpeg"}],"twitter_card":"summary_large_image","twitter_misc":{"Dur\u00e9e de lecture estim\u00e9e":"1 minute"},"schema":{"@context":"https:\/\/schema.org","@graph":[{"@type":"WebPage","@id":"https:\/\/tablaoflamenco1911.com\/fr\/espectaculos\/","url":"https:\/\/tablaoflamenco1911.com\/fr\/espectaculos\/","name":"Spectacles de flamenco \u00e0 Madrid | Tablao 1911","isPartOf":{"@id":"https:\/\/tablaoflamenco1911.com\/fr\/#website"},"primaryImageOfPage":{"@id":"https:\/\/tablaoflamenco1911.com\/fr\/espectaculos\/#primaryimage"},"image":{"@id":"https:\/\/tablaoflamenco1911.com\/es\/espectaculos\/#primaryimage"},"thumbnailUrl":"https:\/\/tablaoflamenco1911.com\/wp-content\/uploads\/2022\/09\/bailaor-iluminado-perfil.jpg","datePublished":"2022-06-28T08:30:02+00:00","dateModified":"2026-02-17T17:42:35+00:00","description":"D\u00e9couvrez la magie du flamenco au Tablao 1911 \u00e0 travers ses spectacles uniques. Passion, authenticit\u00e9 et tradition chaque jour.","breadcrumb":{"@id":"https:\/\/tablaoflamenco1911.com\/fr\/espectaculos\/#breadcrumb"},"inLanguage":"fr-FR","potentialAction":[{"@type":"ReadAction","target":[["https:\/\/tablaoflamenco1911.com\/fr\/espectaculos\/"]]}]},{"@type":"ImageObject","inLanguage":"fr-FR","@id":"https:\/\/tablaoflamenco1911.com\/fr\/espectaculos\/#primaryimage","url":"https:\/\/tablaoflamenco1911.com\/wp-content\/uploads\/2022\/09\/bailaor-iluminado-perfil.jpg","contentUrl":"https:\/\/tablaoflamenco1911.com\/wp-content\/uploads\/2022\/09\/bailaor-iluminado-perfil.jpg","width":1400,"height":500,"caption":"Bailaor iluminado de perfil"},{"@type":"BreadcrumbList","@id":"https:\/\/tablaoflamenco1911.com\/fr\/espectaculos\/#breadcrumb","itemListElement":[{"@type":"ListItem","position":1,"name":"Portada","item":"https:\/\/tablaoflamenco1911.com\/fr\/"},{"@type":"ListItem","position":2,"name":"Shows de Flamenco en Madrid"}]},{"@type":"WebSite","@id":"https:\/\/tablaoflamenco1911.com\/fr\/#website","url":"https:\/\/tablaoflamenco1911.com\/fr\/","name":"Tablao Flamenco 1911","description":"La Catedral del Flamenco en Madrid","potentialAction":[{"@type":"SearchAction","target":{"@type":"EntryPoint","urlTemplate":"https:\/\/tablaoflamenco1911.com\/fr\/?s={search_term_string}"},"query-input":{"@type":"PropertyValueSpecification","valueRequired":true,"valueName":"search_term_string"}}],"inLanguage":"fr-FR"}]}},"_links":{"self":[{"href":"https:\/\/tablaoflamenco1911.com\/fr\/wp-json\/wp\/v2\/pages\/2734","targetHints":{"allow":["GET"]}}],"collection":[{"href":"https:\/\/tablaoflamenco1911.com\/fr\/wp-json\/wp\/v2\/pages"}],"about":[{"href":"https:\/\/tablaoflamenco1911.com\/fr\/wp-json\/wp\/v2\/types\/page"}],"author":[{"embeddable":true,"href":"https:\/\/tablaoflamenco1911.com\/fr\/wp-json\/wp\/v2\/users\/1"}],"replies":[{"embeddable":true,"href":"https:\/\/tablaoflamenco1911.com\/fr\/wp-json\/wp\/v2\/comments?post=2734"}],"version-history":[{"count":43,"href":"https:\/\/tablaoflamenco1911.com\/fr\/wp-json\/wp\/v2\/pages\/2734\/revisions"}],"predecessor-version":[{"id":54752,"href":"https:\/\/tablaoflamenco1911.com\/fr\/wp-json\/wp\/v2\/pages\/2734\/revisions\/54752"}],"wp:featuredmedia":[{"embeddable":true,"href":"https:\/\/tablaoflamenco1911.com\/fr\/wp-json\/wp\/v2\/media\/3411"}],"wp:attachment":[{"href":"https:\/\/tablaoflamenco1911.com\/fr\/wp-json\/wp\/v2\/media?parent=2734"}],"curies":[{"name":"wp","href":"https:\/\/api.w.org\/{rel}","templated":true}]}}