{"id":54406,"date":"2025-12-11T17:47:24","date_gmt":"2025-12-11T16:47:24","guid":{"rendered":"https:\/\/tablaoflamenco1911.com\/es\/?page_id=54406"},"modified":"2025-12-18T18:46:27","modified_gmt":"2025-12-18T17:46:27","slug":"oferta-exclusiva-parking-para-tablao-flamenco-1911","status":"publish","type":"page","link":"https:\/\/tablaoflamenco1911.com\/es\/oferta-parking\/","title":{"rendered":"Tu ticket del Parking Santa Ana tiene premio"},"content":{"rendered":"<p><\/p>\n<h3 data-path-to-node=\"7\"><b data-path-to-node=\"7\" data-index-in-node=\"0\">\u00bfC\u00f3mo funciona?<\/b><\/h3>\n<ol>\n<li data-path-to-node=\"8,0,0\"><b data-path-to-node=\"8,0,0\" data-index-in-node=\"0\">Asegura tu sitio:<\/b> Compra tu entrada <b data-path-to-node=\"8,0,0\" data-index-in-node=\"36\">en nuestra web<\/b> o directamente en la <b data-path-to-node=\"8,0,0\" data-index-in-node=\"72\">taquilla<\/b> del Tablao (Plaza Santa Ana, 15).<\/li>\n<li data-path-to-node=\"8,0,0\"><b data-path-to-node=\"8,1,0\" data-index-in-node=\"0\">Conserva tu ticket:<\/b> No olvides traer contigo el ticket <b data-path-to-node=\"8,1,0\" data-index-in-node=\"55\">f\u00edsico de papel<\/b> que te entreg\u00f3 la m\u00e1quina al aparcar en el parking.<\/li>\n<li data-path-to-node=\"8,0,0\"><b data-path-to-node=\"8,2,0\" data-index-in-node=\"0\">Muestra y Brinda:<\/b> Al validar tu entrada en la puerta, entrega tu <strong>ticket de parking<\/strong> y recibe tu botella de vino de invitaci\u00f3n para disfrutar durante el espect\u00e1culo.<\/li>\n<\/ol>\n<p data-start=\"97\" data-end=\"211\"><em data-start=\"97\" data-end=\"211\">\u2731 Invitaci\u00f3n limitada a un cupo diario por sesi\u00f3n. Recomendamos acudir con antelaci\u00f3n para asegurar su obsequio.<\/em><\/p>\n<p>&nbsp;<\/p>\n<p>&nbsp;<\/p>","protected":false},"excerpt":{"rendered":"\u00bfC\u00f3mo funciona? Asegura tu sitio: Compra tu entrada en nuestra web o directamente en la taquilla del Tablao (Plaza Santa Ana, 15). Conserva tu ticket: No olvides traer contigo el ticket f\u00edsico de papel que te entreg\u00f3 la m\u00e1quina al aparcar en el parking. Muestra y Brinda: Al validar tu entrada en la puerta, entrega&#8230;","protected":false},"author":8,"featured_media":0,"parent":0,"menu_order":0,"comment_status":"closed","ping_status":"closed","template":"templates\/primary.php","meta":{"_acf_changed":false,"inline_featured_image":false,"footnotes":""},"class_list":["post-54406","page","type-page","status-publish","hentry"],"acf":[],"yoast_head":"<!-- This site is optimized with the Yoast SEO plugin v27.5 - https:\/\/yoast.com\/product\/yoast-seo-wordpress\/ -->\n<title>Tu ticket del Parking Santa Ana tiene premio - Tablao Flamenco 1911<\/title>\n<meta name=\"description\" content=\"Aprovecha nuestra oferta de parking en el centro de Madrid y disfruta del mejor flamenco sin preocupaciones. Aparca de forma c\u00f3moda y segura a solo unos minutos de Cardamomo.\" \/>\n<meta name=\"robots\" content=\"index, follow, max-snippet:-1, max-image-preview:large, max-video-preview:-1\" \/>\n<link rel=\"canonical\" href=\"\/\" \/>\n<meta property=\"og:locale\" content=\"es_ES\" \/>\n<meta property=\"og:type\" content=\"article\" \/>\n<meta property=\"og:title\" content=\"Tu ticket del Parking Santa Ana tiene premio - Tablao Flamenco 1911\" \/>\n<meta property=\"og:description\" content=\"Aprovecha nuestra oferta de parking en el centro de Madrid y disfruta del mejor flamenco sin preocupaciones. Aparca de forma c\u00f3moda y segura a solo unos minutos de Cardamomo.\" \/>\n<meta property=\"og:url\" content=\"https:\/\/tablaoflamenco1911.com\/es\/oferta-parking\/\" \/>\n<meta property=\"og:site_name\" content=\"Tablao Flamenco 1911\" \/>\n<meta property=\"article:modified_time\" content=\"2025-12-18T17:46:27+00:00\" \/>\n<meta name=\"twitter:card\" content=\"summary_large_image\" \/>\n<meta name=\"twitter:label1\" content=\"Tiempo de lectura\" \/>\n\t<meta name=\"twitter:data1\" content=\"1 minuto\" \/>\n<script type=\"application\/ld+json\" class=\"yoast-schema-graph\">{\"@context\":\"https:\\\/\\\/schema.org\",\"@graph\":[{\"@type\":\"WebPage\",\"@id\":\"https:\\\/\\\/tablaoflamenco1911.com\\\/es\\\/oferta-parking\\\/\",\"url\":\"https:\\\/\\\/tablaoflamenco1911.com\\\/es\\\/oferta-parking\\\/\",\"name\":\"Tu ticket del Parking Santa Ana tiene premio - Tablao Flamenco 1911\",\"isPartOf\":{\"@id\":\"https:\\\/\\\/tablaoflamenco1911.com\\\/es\\\/#website\"},\"datePublished\":\"2025-12-11T16:47:24+00:00\",\"dateModified\":\"2025-12-18T17:46:27+00:00\",\"description\":\"Aprovecha nuestra oferta de parking en el centro de Madrid y disfruta del mejor flamenco sin preocupaciones. Aparca de forma c\u00f3moda y segura a solo unos minutos de Cardamomo.\",\"breadcrumb\":{\"@id\":\"https:\\\/\\\/tablaoflamenco1911.com\\\/es\\\/oferta-parking\\\/#breadcrumb\"},\"inLanguage\":\"es\",\"potentialAction\":[{\"@type\":\"ReadAction\",\"target\":[[\"https:\\\/\\\/tablaoflamenco1911.com\\\/es\\\/oferta-parking\\\/\"]]}]},{\"@type\":\"BreadcrumbList\",\"@id\":\"https:\\\/\\\/tablaoflamenco1911.com\\\/es\\\/oferta-parking\\\/#breadcrumb\",\"itemListElement\":[{\"@type\":\"ListItem\",\"position\":1,\"name\":\"Portada\",\"item\":\"https:\\\/\\\/tablaoflamenco1911.com\\\/es\\\/\"},{\"@type\":\"ListItem\",\"position\":2,\"name\":\"Tu ticket del Parking Santa Ana tiene premio\"}]},{\"@type\":\"WebSite\",\"@id\":\"https:\\\/\\\/tablaoflamenco1911.com\\\/es\\\/#website\",\"url\":\"https:\\\/\\\/tablaoflamenco1911.com\\\/es\\\/\",\"name\":\"Tablao Flamenco 1911\",\"description\":\"La Catedral del Flamenco en Madrid\",\"potentialAction\":[{\"@type\":\"SearchAction\",\"target\":{\"@type\":\"EntryPoint\",\"urlTemplate\":\"https:\\\/\\\/tablaoflamenco1911.com\\\/es\\\/?s={search_term_string}\"},\"query-input\":{\"@type\":\"PropertyValueSpecification\",\"valueRequired\":true,\"valueName\":\"search_term_string\"}}],\"inLanguage\":\"es\"}]}<\/script>\n<!-- \/ Yoast SEO plugin. -->","yoast_head_json":{"title":"Tu ticket del Parking Santa Ana tiene premio - Tablao Flamenco 1911","description":"Aprovecha nuestra oferta de parking en el centro de Madrid y disfruta del mejor flamenco sin preocupaciones. Aparca de forma c\u00f3moda y segura a solo unos minutos de Cardamomo.","robots":{"index":"index","follow":"follow","max-snippet":"max-snippet:-1","max-image-preview":"max-image-preview:large","max-video-preview":"max-video-preview:-1"},"canonical":"\/","og_locale":"es_ES","og_type":"article","og_title":"Tu ticket del Parking Santa Ana tiene premio - Tablao Flamenco 1911","og_description":"Aprovecha nuestra oferta de parking en el centro de Madrid y disfruta del mejor flamenco sin preocupaciones. Aparca de forma c\u00f3moda y segura a solo unos minutos de Cardamomo.","og_url":"https:\/\/tablaoflamenco1911.com\/es\/oferta-parking\/","og_site_name":"Tablao Flamenco 1911","article_modified_time":"2025-12-18T17:46:27+00:00","twitter_card":"summary_large_image","twitter_misc":{"Tiempo de lectura":"1 minuto"},"schema":{"@context":"https:\/\/schema.org","@graph":[{"@type":"WebPage","@id":"https:\/\/tablaoflamenco1911.com\/es\/oferta-parking\/","url":"https:\/\/tablaoflamenco1911.com\/es\/oferta-parking\/","name":"Tu ticket del Parking Santa Ana tiene premio - Tablao Flamenco 1911","isPartOf":{"@id":"https:\/\/tablaoflamenco1911.com\/es\/#website"},"datePublished":"2025-12-11T16:47:24+00:00","dateModified":"2025-12-18T17:46:27+00:00","description":"Aprovecha nuestra oferta de parking en el centro de Madrid y disfruta del mejor flamenco sin preocupaciones. Aparca de forma c\u00f3moda y segura a solo unos minutos de Cardamomo.","breadcrumb":{"@id":"https:\/\/tablaoflamenco1911.com\/es\/oferta-parking\/#breadcrumb"},"inLanguage":"es","potentialAction":[{"@type":"ReadAction","target":[["https:\/\/tablaoflamenco1911.com\/es\/oferta-parking\/"]]}]},{"@type":"BreadcrumbList","@id":"https:\/\/tablaoflamenco1911.com\/es\/oferta-parking\/#breadcrumb","itemListElement":[{"@type":"ListItem","position":1,"name":"Portada","item":"https:\/\/tablaoflamenco1911.com\/es\/"},{"@type":"ListItem","position":2,"name":"Tu ticket del Parking Santa Ana tiene premio"}]},{"@type":"WebSite","@id":"https:\/\/tablaoflamenco1911.com\/es\/#website","url":"https:\/\/tablaoflamenco1911.com\/es\/","name":"Tablao Flamenco 1911","description":"La Catedral del Flamenco en Madrid","potentialAction":[{"@type":"SearchAction","target":{"@type":"EntryPoint","urlTemplate":"https:\/\/tablaoflamenco1911.com\/es\/?s={search_term_string}"},"query-input":{"@type":"PropertyValueSpecification","valueRequired":true,"valueName":"search_term_string"}}],"inLanguage":"es"}]}},"_links":{"self":[{"href":"https:\/\/tablaoflamenco1911.com\/es\/wp-json\/wp\/v2\/pages\/54406","targetHints":{"allow":["GET"]}}],"collection":[{"href":"https:\/\/tablaoflamenco1911.com\/es\/wp-json\/wp\/v2\/pages"}],"about":[{"href":"https:\/\/tablaoflamenco1911.com\/es\/wp-json\/wp\/v2\/types\/page"}],"author":[{"embeddable":true,"href":"https:\/\/tablaoflamenco1911.com\/es\/wp-json\/wp\/v2\/users\/8"}],"replies":[{"embeddable":true,"href":"https:\/\/tablaoflamenco1911.com\/es\/wp-json\/wp\/v2\/comments?post=54406"}],"version-history":[{"count":92,"href":"https:\/\/tablaoflamenco1911.com\/es\/wp-json\/wp\/v2\/pages\/54406\/revisions"}],"predecessor-version":[{"id":54526,"href":"https:\/\/tablaoflamenco1911.com\/es\/wp-json\/wp\/v2\/pages\/54406\/revisions\/54526"}],"wp:attachment":[{"href":"https:\/\/tablaoflamenco1911.com\/es\/wp-json\/wp\/v2\/media?parent=54406"}],"curies":[{"name":"wp","href":"https:\/\/api.w.org\/{rel}","templated":true}]}}