{"id":3421,"date":"2022-09-07T14:39:40","date_gmt":"2022-09-07T14:39:40","guid":{"rendered":"https:\/\/tablaoflamenco1911.com\/?page_id=3421"},"modified":"2025-04-02T15:36:00","modified_gmt":"2025-04-02T13:36:00","slug":"terminos-condiciones-proteccion-de-datos-politica-de-devoluciones-y-reintegros","status":"publish","type":"page","link":"https:\/\/tablaoflamenco1911.com\/es\/terminos-y-condiciones-de-uso\/","title":{"rendered":"T\u00e9rminos y condiciones de uso"},"content":{"rendered":"<p><\/p>\n<h2>T\u00e9rminos, Condiciones, Protecci\u00f3n de Datos, Pol\u00edtica de Devoluciones y Reintegros<\/h2>\n<h3>\u00a0Protecci\u00f3n de Datos.<\/h3>\n<ul>\n<li>\u201cDe conformidad con lo establecido en la normativa vigente en Protecci\u00f3n de Datos de Car\u00e1cter Personal, le informamos que sus datos ser\u00e1n incorporados al sistema de tratamiento titularidad de CINCOASES PROYECTO SL con NIF B87292736 y domicilio social sito en C. ECHEGARAY 15, 1\u00ba, 28014, MADRID, con la finalidad de atender sus consultas y remitirle informaci\u00f3n relacionada que pueda ser de su inter\u00e9s. En cumplimiento con la normativa vigente, CINCOASES PROYECTO SL informa que los datos ser\u00e1n conservados durante el plazo estrictamente necesario para cumplir con los preceptos mencionados con anterioridad.<br \/>\nMientras no nos comunique lo contrario, entenderemos que sus datos no han sido modificados, que usted se compromete a notificarnos cualquier variaci\u00f3n y que tenemos su consentimiento para utilizarlos para las finalidades mencionadas.<br \/>\nCINCOASES PROYECTO SL informa que proceder\u00e1 a tratar los datos de manera l\u00edcita, leal, transparente, adecuada, pertinente, limitada, exacta y actualizada. Es por ello que CINCOASES PROYECTO SL se compromete a adoptar todas las medidas razonables para que estos se supriman o rectifiquen sin dilaci\u00f3n cuando sean inexactos.<br \/>\nDe acuerdo con los derechos que le confiere la normativa vigente en protecci\u00f3n de datos podr\u00e1 ejercer los derechos de acceso, rectificaci\u00f3n, limitaci\u00f3n de tratamiento, supresi\u00f3n, portabilidad y oposici\u00f3n al tratamiento de sus datos de car\u00e1cter personal as\u00ed como del consentimiento prestado para el tratamiento de los mismos, dirigiendo su petici\u00f3n a la direcci\u00f3n postal indicada m\u00e1s arriba o al correo electr\u00f3nico\u00a0<a href=\"mailto:reservas@tablaoflamenco1911.com\">reservas@tablaoflamenco1911.com<\/a>.<br \/>\nA su vez, le informamos que puede contactar con el Delegado de Protecci\u00f3n de Datos de CINCOASES PROYECTO SL, dirigi\u00e9ndose por escrito a la direcci\u00f3n de correo\u00a0<a href=\"mailto:dpo.cliente@conversia.es\">dpo.cliente@conversia.es<\/a>\u00a0o al tel\u00e9fono 902877192.<br \/>\nPodr\u00e1 dirigirse a la Autoridad de Control competente para presentar la reclamaci\u00f3n que considere oportuna.<br \/>\nCon env\u00edo del formulario de recogida de datos usted acepta la pol\u00edtica de privacidad de CINCOASES PROYECTO SL.<\/li>\n<li>Este texto puede referirse a CINCOASES PROYECTO SL como Tablao Flamenco 1911.<\/li>\n<\/ul>\n<h3>Pol\u00edtica de Devoluciones y Reintegros<\/h3>\n<ul>\n<li>Puede solicitarse el cambio de fecha hasta 24 horas antes del inicio del espect\u00e1culo.<\/li>\n<li>En caso de anular una entrada, Tablao Flamenco 1911 har\u00e1 efectivo el reembolso del 100% de su importe si se comunica, al menos, 24 horas antes del inicio del espect\u00e1culo. Si se comunica entre 24 y 12 horas antes del espect\u00e1culo, Tablao Flamenco 1911 devolver\u00e1 el 50% de su importe.<\/li>\n<li>No habr\u00e1 derecho a devoluci\u00f3n del importe de la Entrada si la cancelaci\u00f3n se notifica a Tablao Flamenco 1911 con menos de 12 horas del inicio del espect\u00e1culo.<\/li>\n<li>La Entrada, no es nominativa y s\u00ed es transferible.<\/li>\n<li>Tablao Flamenco 1911 no se hace responsable en caso de p\u00e9rdida, hurto o extrav\u00edo de la Entrada.<\/li>\n<li>Tablao Flamenco 1911 se reserva el derecho a modificar (fecha, horario y artistas) o a suspender el espect\u00e1culo programado si as\u00ed lo exigieran circunstancias t\u00e9cnicas, art\u00edsticas o motivos de fuerza mayor.<\/li>\n<li>En caso de modificaci\u00f3n o suspensi\u00f3n del espect\u00e1culo, por motivos imputables a Tablao Flamenco 1911, el cliente tendr\u00e1 derecho a la devoluci\u00f3n del importe de su\/s entrada\/s.<\/li>\n<li>Si se adquiere el\u00a0<strong>seguro de cancelaci\u00f3n<\/strong>, el cliente tendr\u00e1 derecho al reembolso de la entrada si comunica su deseo de cancelar la reserva, hasta 3 horas antes del espect\u00e1culo. El importe del seguro no es reembolsable.<\/li>\n<li>Las entradas para eventos especiales, cuyo importe sea superior a 55\u20ac, tendr\u00e1n una pol\u00edtica de cancelaci\u00f3n distinta. Por su excepcionalidad, ser\u00e1n reembolsables hasta 10 d\u00edas antes del evento y si se hubiese adquirido seguro de cancelaci\u00f3n, hasta una semana antes del evento.<\/li>\n<li>Los reembolsos se har\u00e1n por el mismo m\u00e9todo por el que se pag\u00f3. No obstante, Tablao Flamenco 1911 se reserva el derecho de reembolsarlo de otro modo, si tuviese alguna raz\u00f3n para ello.<\/li>\n<\/ul>\n<h3>Pagos<\/h3>\n<p>Tablao Flamenco 1911 le garantiza que el pago y la experiencia de sus compras\u00a0<i>online<\/i> con nosotros (<a href=\"http:\/\/tablaoflamenco1911.com\">tablaoflamenco1911.com<\/a>) son seguros y fiables mediante nuestras pasarelas de pago como por ejemplo PayPal, Stripe, etc. Tanto clientes internacionales como de la Uni\u00f3n Europea podr\u00e1n utilizar PayPal \/ Stripe como forma de pago para sus compras <i>online<\/i>. Para pagar con PayPal \/Stripe no necesita tener una cuenta con estas entidades: puede vincular su tarjeta de d\u00e9bito, de cr\u00e9dito o incluso, en caso de no tener tarjeta, su cuenta bancaria.<u><\/u><u><\/u><\/p>\n<p>PayPal \/Stripe es la forma f\u00e1cil y segura de pagar y recibir pagos sin necesidad de compartir su informaci\u00f3n financiera. \u00c9sta estar\u00e1 segura gracias a su sistema de encriptaci\u00f3n autom\u00e1tica y de sus sistemas contra el fraude m\u00e1s avanzados del mercado.<\/p>\n<h3>Entrada regalo<\/h3>\n<ul>\n<li>Puede solicitar el cambio de fecha de una Entrada Regalo hasta 24 horas antes del inicio del espect\u00e1culo.<\/li>\n<li>En caso de anular la Entrada Regalo, Tablao Flamenco 1911 har\u00e1 efectivo el reembolso del 100% de su importe si se lo comunica 24 horas antes del inicio del espect\u00e1culo. Si lo comunica 12 horas antes del espect\u00e1culo, Tablao Flamenco 1911 devolver\u00e1 el 50% de su importe.<\/li>\n<li>No habr\u00e1 derecho a devoluci\u00f3n del importe de la Entrada Regalo si la cancelaci\u00f3n se notifica a Tablao Flamenco 1911 con menos de 12 horas del inicio del espect\u00e1culo.<\/li>\n<li>La Entrada Regalo no es nominativa y es transferible.<\/li>\n<li>Tablao Flamenco 1911 no se hace responsable en caso de p\u00e9rdida, hurto o extrav\u00edo de la Entrada Regalo.<\/li>\n<li>Tablao Flamenco 1911 se reserva el derecho a modificar (fecha, horario y artistas) o a suspender el espect\u00e1culo programado si as\u00ed lo exigieran circunstancias t\u00e9cnicas, art\u00edsticas o motivos de fuerza mayor.<\/li>\n<li>En caso de modificaci\u00f3n o suspensi\u00f3n del espect\u00e1culo, por motivos imputables a Tablao Flamenco 1911, el cliente tendr\u00e1 derecho a la devoluci\u00f3n del importe de su\/s entrada\/s.<\/li>\n<\/ul>\n<h3>Promociones. Ni\u00f1os \u2013 beb\u00e9s<\/h3>\n<p>Los descuentos en promociones no son acumulables a no ser que se especifique lo contrario.<u><\/u><u><\/u><\/p>\n<p>Los ni\u00f1os, entre 3 y 12 a\u00f1os, tendr\u00e1n en muchos de los espect\u00e1culos un 50% de descuento, aunque en ocasiones, esta promoci\u00f3n podr\u00e1 dejar de aplicarse, previo aviso por parte de Tablao Flamenco 1911.<u><\/u><u><\/u><\/p>\n<p>En los eventos en los que a los ni\u00f1os menores de 3 a\u00f1os, se les aplique un 100% de descuento, no podr\u00e1n ocupar plaza. Habr\u00e1n de mantenerse en brazos de sus padres.<u><\/u><u><\/u><\/p>\n<p>El n\u00famero de ni\u00f1os en una reserva (el t\u00e9rmino ni\u00f1os incluye a todos los ni\u00f1os menores de 12 a\u00f1os) no podr\u00e1 ser superior al n\u00famero de adultos.<\/p>\n<h3>Cancelaci\u00f3n de promociones<\/h3>\n<p>Tablao Flamenco 1911 se reserva el derecho de cancelar una promoci\u00f3n y no aplicarla, si por las razones cualesquiera que concurriesen, entendiera que no debe ser aplicable. Tanto para entradas adquiridas como para las que no.<br \/>\nEn caso de haberse adquirido una entrada con un promoci\u00f3n no aplicable y que Tablao Flamenco 1911 comunicase al cliente que dicha promoci\u00f3n no deb\u00eda aplicarse, el cliente podr\u00e1 solicitar el reembolso total.<u><\/u><u><\/u><\/p>\n<p>Para consultas, cambios o anulaciones, contacte con el Servicio de Atenci\u00f3n al Cliente de Tablao Flamenco 1911 en los tel\u00e9fonos +34 914 91 50 56 y +34 650 635 125 -en horario de 10:00 a 24:00 horas- o en\u00a0<a href=\"mailto:reservas@tablaoflamenco1911.com\" target=\"_blank\" rel=\"noopener\">reservas@tablaoflamenco1911.<wbr \/>com<\/a>.<\/p>","protected":false},"excerpt":{"rendered":"T\u00e9rminos, Condiciones, Protecci\u00f3n de Datos, Pol\u00edtica de Devoluciones y Reintegros \u00a0Protecci\u00f3n de Datos. \u201cDe conformidad con lo establecido en la normativa vigente en Protecci\u00f3n de Datos de Car\u00e1cter Personal, le informamos que sus datos ser\u00e1n incorporados al sistema de tratamiento titularidad de CINCOASES PROYECTO SL con NIF B87292736 y domicilio social sito en C. ECHEGARAY&#8230;","protected":false},"author":1,"featured_media":0,"parent":0,"menu_order":20,"comment_status":"closed","ping_status":"closed","template":"","meta":{"_acf_changed":false,"inline_featured_image":false,"footnotes":""},"class_list":["post-3421","page","type-page","status-publish","hentry"],"acf":[],"yoast_head":"<!-- This site is optimized with the Yoast SEO plugin v27.3 - https:\/\/yoast.com\/product\/yoast-seo-wordpress\/ -->\n<title>T\u00e9rminos y condiciones de uso - Tablao Flamenco 1911<\/title>\n<meta name=\"robots\" content=\"index, follow, max-snippet:-1, max-image-preview:large, max-video-preview:-1\" \/>\n<link rel=\"canonical\" href=\"\/\" \/>\n<meta property=\"og:locale\" content=\"es_ES\" \/>\n<meta property=\"og:type\" content=\"article\" \/>\n<meta property=\"og:title\" content=\"T\u00e9rminos y condiciones de uso - Tablao Flamenco 1911\" \/>\n<meta property=\"og:description\" content=\"T\u00e9rminos, Condiciones, Protecci\u00f3n de Datos, Pol\u00edtica de Devoluciones y Reintegros \u00a0Protecci\u00f3n de Datos. \u201cDe conformidad con lo establecido en la normativa vigente en Protecci\u00f3n de Datos de Car\u00e1cter Personal, le informamos que sus datos ser\u00e1n incorporados al sistema de tratamiento titularidad de CINCOASES PROYECTO SL con NIF B87292736 y domicilio social sito en C. ECHEGARAY...\" \/>\n<meta property=\"og:url\" content=\"https:\/\/tablaoflamenco1911.com\/es\/terminos-y-condiciones-de-uso\/\" \/>\n<meta property=\"og:site_name\" content=\"Tablao Flamenco 1911\" \/>\n<meta property=\"article:modified_time\" content=\"2025-04-02T13:36:00+00:00\" \/>\n<meta name=\"twitter:card\" content=\"summary_large_image\" \/>\n<meta name=\"twitter:label1\" content=\"Tiempo de lectura\" \/>\n\t<meta name=\"twitter:data1\" content=\"5 minutos\" \/>\n<script type=\"application\/ld+json\" class=\"yoast-schema-graph\">{\"@context\":\"https:\\\/\\\/schema.org\",\"@graph\":[{\"@type\":\"WebPage\",\"@id\":\"https:\\\/\\\/tablaoflamenco1911.com\\\/es\\\/terminos-y-condiciones-de-uso\\\/\",\"url\":\"https:\\\/\\\/tablaoflamenco1911.com\\\/es\\\/terminos-y-condiciones-de-uso\\\/\",\"name\":\"T\u00e9rminos y condiciones de uso - Tablao Flamenco 1911\",\"isPartOf\":{\"@id\":\"https:\\\/\\\/tablaoflamenco1911.com\\\/es\\\/#website\"},\"datePublished\":\"2022-09-07T14:39:40+00:00\",\"dateModified\":\"2025-04-02T13:36:00+00:00\",\"breadcrumb\":{\"@id\":\"https:\\\/\\\/tablaoflamenco1911.com\\\/es\\\/terminos-y-condiciones-de-uso\\\/#breadcrumb\"},\"inLanguage\":\"es\",\"potentialAction\":[{\"@type\":\"ReadAction\",\"target\":[[\"https:\\\/\\\/tablaoflamenco1911.com\\\/es\\\/terminos-y-condiciones-de-uso\\\/\"]]}]},{\"@type\":\"BreadcrumbList\",\"@id\":\"https:\\\/\\\/tablaoflamenco1911.com\\\/es\\\/terminos-y-condiciones-de-uso\\\/#breadcrumb\",\"itemListElement\":[{\"@type\":\"ListItem\",\"position\":1,\"name\":\"Portada\",\"item\":\"https:\\\/\\\/tablaoflamenco1911.com\\\/es\\\/\"},{\"@type\":\"ListItem\",\"position\":2,\"name\":\"T\u00e9rminos y condiciones de uso\"}]},{\"@type\":\"WebSite\",\"@id\":\"https:\\\/\\\/tablaoflamenco1911.com\\\/es\\\/#website\",\"url\":\"https:\\\/\\\/tablaoflamenco1911.com\\\/es\\\/\",\"name\":\"Tablao Flamenco 1911\",\"description\":\"La Catedral del Flamenco en Madrid\",\"potentialAction\":[{\"@type\":\"SearchAction\",\"target\":{\"@type\":\"EntryPoint\",\"urlTemplate\":\"https:\\\/\\\/tablaoflamenco1911.com\\\/es\\\/?s={search_term_string}\"},\"query-input\":{\"@type\":\"PropertyValueSpecification\",\"valueRequired\":true,\"valueName\":\"search_term_string\"}}],\"inLanguage\":\"es\"}]}<\/script>\n<!-- \/ Yoast SEO plugin. -->","yoast_head_json":{"title":"T\u00e9rminos y condiciones de uso - Tablao Flamenco 1911","robots":{"index":"index","follow":"follow","max-snippet":"max-snippet:-1","max-image-preview":"max-image-preview:large","max-video-preview":"max-video-preview:-1"},"canonical":"\/","og_locale":"es_ES","og_type":"article","og_title":"T\u00e9rminos y condiciones de uso - Tablao Flamenco 1911","og_description":"T\u00e9rminos, Condiciones, Protecci\u00f3n de Datos, Pol\u00edtica de Devoluciones y Reintegros \u00a0Protecci\u00f3n de Datos. \u201cDe conformidad con lo establecido en la normativa vigente en Protecci\u00f3n de Datos de Car\u00e1cter Personal, le informamos que sus datos ser\u00e1n incorporados al sistema de tratamiento titularidad de CINCOASES PROYECTO SL con NIF B87292736 y domicilio social sito en C. ECHEGARAY...","og_url":"https:\/\/tablaoflamenco1911.com\/es\/terminos-y-condiciones-de-uso\/","og_site_name":"Tablao Flamenco 1911","article_modified_time":"2025-04-02T13:36:00+00:00","twitter_card":"summary_large_image","twitter_misc":{"Tiempo de lectura":"5 minutos"},"schema":{"@context":"https:\/\/schema.org","@graph":[{"@type":"WebPage","@id":"https:\/\/tablaoflamenco1911.com\/es\/terminos-y-condiciones-de-uso\/","url":"https:\/\/tablaoflamenco1911.com\/es\/terminos-y-condiciones-de-uso\/","name":"T\u00e9rminos y condiciones de uso - Tablao Flamenco 1911","isPartOf":{"@id":"https:\/\/tablaoflamenco1911.com\/es\/#website"},"datePublished":"2022-09-07T14:39:40+00:00","dateModified":"2025-04-02T13:36:00+00:00","breadcrumb":{"@id":"https:\/\/tablaoflamenco1911.com\/es\/terminos-y-condiciones-de-uso\/#breadcrumb"},"inLanguage":"es","potentialAction":[{"@type":"ReadAction","target":[["https:\/\/tablaoflamenco1911.com\/es\/terminos-y-condiciones-de-uso\/"]]}]},{"@type":"BreadcrumbList","@id":"https:\/\/tablaoflamenco1911.com\/es\/terminos-y-condiciones-de-uso\/#breadcrumb","itemListElement":[{"@type":"ListItem","position":1,"name":"Portada","item":"https:\/\/tablaoflamenco1911.com\/es\/"},{"@type":"ListItem","position":2,"name":"T\u00e9rminos y condiciones de uso"}]},{"@type":"WebSite","@id":"https:\/\/tablaoflamenco1911.com\/es\/#website","url":"https:\/\/tablaoflamenco1911.com\/es\/","name":"Tablao Flamenco 1911","description":"La Catedral del Flamenco en Madrid","potentialAction":[{"@type":"SearchAction","target":{"@type":"EntryPoint","urlTemplate":"https:\/\/tablaoflamenco1911.com\/es\/?s={search_term_string}"},"query-input":{"@type":"PropertyValueSpecification","valueRequired":true,"valueName":"search_term_string"}}],"inLanguage":"es"}]}},"_links":{"self":[{"href":"https:\/\/tablaoflamenco1911.com\/es\/wp-json\/wp\/v2\/pages\/3421","targetHints":{"allow":["GET"]}}],"collection":[{"href":"https:\/\/tablaoflamenco1911.com\/es\/wp-json\/wp\/v2\/pages"}],"about":[{"href":"https:\/\/tablaoflamenco1911.com\/es\/wp-json\/wp\/v2\/types\/page"}],"author":[{"embeddable":true,"href":"https:\/\/tablaoflamenco1911.com\/es\/wp-json\/wp\/v2\/users\/1"}],"replies":[{"embeddable":true,"href":"https:\/\/tablaoflamenco1911.com\/es\/wp-json\/wp\/v2\/comments?post=3421"}],"version-history":[{"count":12,"href":"https:\/\/tablaoflamenco1911.com\/es\/wp-json\/wp\/v2\/pages\/3421\/revisions"}],"predecessor-version":[{"id":53764,"href":"https:\/\/tablaoflamenco1911.com\/es\/wp-json\/wp\/v2\/pages\/3421\/revisions\/53764"}],"wp:attachment":[{"href":"https:\/\/tablaoflamenco1911.com\/es\/wp-json\/wp\/v2\/media?parent=3421"}],"curies":[{"name":"wp","href":"https:\/\/api.w.org\/{rel}","templated":true}]}}