{"id":3418,"date":"2022-09-07T14:37:36","date_gmt":"2022-09-07T14:37:36","guid":{"rendered":"https:\/\/tablaoflamenco1911.com\/?page_id=3418"},"modified":"2022-09-15T17:55:03","modified_gmt":"2022-09-15T15:55:03","slug":"aviso-legal-y-politica-de-privacidad","status":"publish","type":"page","link":"https:\/\/tablaoflamenco1911.com\/es\/aviso-legal-y-politica-de-privacidad\/","title":{"rendered":"Aviso Legal y Pol\u00edtica de Privacidad"},"content":{"rendered":"<h3>DATOS IDENTIFICATIVOS<\/h3>\n<p>En cumplimiento con el art\u00edculo 10 de la Ley 34\/2002, del 11 de julio, de servicios de la Sociedad de la Informaci\u00f3n y Comercio Electr\u00f3nico (LSSICE), los datos identificativos de la empresa titular de www.tablaoflamenco1911.com, Cincoases Proyecto SL (a partir de ahora \u2018Cincoases Proyecto\u2019) son: NIF B87292736; inscrita en el Registro Mercantil de Madrid,<br \/>\nHoja M-604149 Tomo 33565 Folio 161; con domicilio en calle Echegaray 15, 1\u00ba, 28014 de Madrid (Espa\u00f1a); tel\u00e9fono de contacto +34 914 91 50 56 y correo electr\u00f3nico: reservas@tablaoflamenco1911.com.<\/p>\n<h3>CONDICIONES DE USO<\/h3>\n<p>El acceso y\/o uso de este portal de Internet de Cincoases Proyecto atribuye la condici\u00f3n de USUARIO, que acepta, desde dicho acceso y\/o uso, las Condiciones de Uso aqu\u00ed reflejadas y que ser\u00e1n de aplicaci\u00f3n independientemente de las Condiciones Generales de Contrataci\u00f3n que en su caso resulten de obligado cumplimiento.<br \/>\n<a href=\"http:\/\/www.tablaoflamenco1911.com\">www.tablaoflamenco1911.com<\/a> proporciona acceso a informaciones, servicios, programas o datos (en adelante \u2018los contenidos\u2019) en Internet pertenecientes a Cincoases Proyecto o a terceros. El USUARIO asume la responsabilidad del uso del portal. Su responsabilidad se extiende al registro que fuese necesario para acceder a determinados servicios o contenidos. En dicho registro el USUARIO ser\u00e1 responsable de aportar informaci\u00f3n veraz y l\u00edcita. Como consecuencia de este registro, al USUARIO se le puede proporcionar una contrase\u00f1a de la que ser\u00e1 responsable, comprometi\u00e9ndose a hacer uso diligente y confidencial de la misma.<br \/>\nEl USUARIO se compromete a usar adecuadamente los contenidos y servicios que Cincoases Proyecto ofrece a trav\u00e9s de <a href=\"http:\/\/www.tablaoflamenco1911.com\">www.tablaoflamenco1911.com<\/a> y -con car\u00e1cter enunciativo, pero no limitativo- a no emplearlos para incurrir en actividades il\u00edcitas, ilegales o contrarias a la buena fe y al orden p\u00fablico.<br \/>\nCincoases Proyecto se reserva el derecho de retirar comentarios y aportaciones que vulneren el respeto a la dignidad de la persona, que sean discriminatorios, xen\u00f3fobos, racistas, pornogr\u00e1ficos, que atenten contra la juventud o la infancia o que, a su juicio, resulten inadecuados para su publicaci\u00f3n. En cualquier caso, Cincoases Proyecto no ser\u00e1 responsable de las opiniones vertidas por los usuarios a trav\u00e9s de sus foros, chats, redes sociales u otras herramientas de participaci\u00f3n.<\/p>\n<h3>PROTECCI\u00d3N DE DATOS<\/h3>\n<p>Cincoases Proyecto se reserva el derecho de retirar comentarios y aportaciones que vulneren el respeto a la dignidad de la persona, que sean discriminatorios, xen\u00f3fobos, racistas, pornogr\u00e1ficos, que atenten contra la juventud o la infancia o que, a su juicio, resulten inadecuados para su publicaci\u00f3n. En cualquier caso, Cincoases Proyecto no ser\u00e1 responsable de las opiniones vertidas por los usuarios a trav\u00e9s de sus foros, chats, redes sociales u otras herramientas de participaci\u00f3n.<br \/>\nAsimismo, Cincoases Proyecto da cumplimiento a la Ley 34\/2002 de 11 de julio, de Servicios de la Sociedad de la Informaci\u00f3n y el Comercio Electr\u00f3nico y solicitar\u00e1 al USUARIO su consentimiento al tratamiento de su correo electr\u00f3nico con fines comerciales.<br \/>\nEl USUARIO puede ejercer su derechos de acceso, rectificaci\u00f3n o cancelaci\u00f3n y revocaci\u00f3n en relaci\u00f3n con dichos datos, dirigiendo su solicitud a la direcci\u00f3n de Cincoases Proyecto.<\/p>\n<h3>PROPIEDAD INTELECTUAL E INDUSTRIAL<\/h3>\n<p>Cincoases Proyecto, por s\u00ed o como cesionaria, es titular de todos los derechos de propiedad intelectual e industrial de <a href=\"http:\/\/www.tablaoflamenco1911.com\">www.tablaoflamenco1911.com<\/a>, as\u00ed como de los elementos contenidos en la misma (dise\u00f1o, textos, im\u00e1genes, v\u00eddeos, marcas y logotipos\u2026); y, en virtud de la Ley de la Propiedad Intelectual, queda prohibida su reproducci\u00f3n, distribuci\u00f3n y comunicaci\u00f3n p\u00fablica, parcial o completa, sin autorizaci\u00f3n de Cincoases Proyecto.<\/p>\n<h3>EXCLUSI\u00d3N DE RESPONSABILIDAD<\/h3>\n<p>Cincoases Proyecto no se hace responsable de los da\u00f1os y perjuicios de cualquier naturaleza que pudieran ocasionar errores u omisiones en los contenidos, falta de disponibilidad del portal o la transmisi\u00f3n de virus o programas maliciosos o lesivos en los contenidos, a pesar de haber adoptado todas las medidas tecnol\u00f3gicas necesarias para evitarlo.<\/p>\n<h3>MODIFICACIONES<\/h3>\n<p>Cincoases Proyecto se reserva el derecho de efectuar sin previo aviso las modificaciones que considere oportunas, pudiendo cambiar, suprimir o a\u00f1adir contenidos y servicios prestados a trav\u00e9s de <a href=\"http:\/\/www.tablaoflamenco1911.com\">www.tablaoflamenco1911.com<\/a>, as\u00ed como la forma en la que estos aparezcan localizados.<\/p>\n<h3>ENLACES<\/h3>\n<p>El objetivo de los enlaces o hiperv\u00ednculos en <a href=\"http:\/\/www.tablaoflamenco1911.com\">www.tablaoflamenco1911.com<\/a> a otros sitios de Internet es meramente informativo. \u00c9stos no constituyen la invitaci\u00f3n o recomendaci\u00f3n de dichos sitios y Cincoases Proyecto no ejercer\u00e1 ning\u00fan tipo de control sobre dichos sitios o su contenido. Asimismo, no se hacen responsables del contenido de los enlaces que dependan de sitios externos independientes fuera de su control.<\/p>\n<h3>DERECHO DE EXCLUSI\u00d3N<\/h3>\n<p>Cincoases Proyecto se reserva el derecho a denegar o retirar el acceso al portal y\/o los servicios ofrecidos sin necesidad de previo aviso, a aquellos usuarios que incumplan las presentes Condiciones Generales de Uso.<\/p>\n<h3>GENERALIDADES<\/h3>\n<p>Cincoases Proyecto ejercer\u00e1 las acciones civiles y penales necesarias frente al incumplimiento de las presentes condiciones y la utilizaci\u00f3n indebida de su portal.<\/p>\n<h3>MODIFICACIONES DE LAS CONDICIONES<\/h3>\n<p>Para su mejora, Cincoases Proyecto se reserva el derecho, sin previa notificaci\u00f3n, a modificar, ampliar o suspender temporalmente la presentaci\u00f3n, configuraci\u00f3n, especificaciones t\u00e9cnicas y servicios de su sitio web. Asimismo, se reserva el derecho de modificar en cualquier momento el presente aviso legal de uso.<\/p>\n<h3>LEGISLACI\u00d3N APLICABLE Y JURISDICCI\u00d3N<\/h3>\n<p>La relaci\u00f3n entre Cincoases Proyecto y el USUARIO se regir\u00e1 por la normativa espa\u00f1ola vigente y cualquier controversia se someter\u00e1 a los juzgados y tribunales de Madrid.<\/p>\n","protected":false},"excerpt":{"rendered":"DATOS IDENTIFICATIVOS En cumplimiento con el art\u00edculo 10 de la Ley 34\/2002, del 11 de julio, de servicios de la Sociedad de la Informaci\u00f3n y Comercio Electr\u00f3nico (LSSICE), los datos identificativos de la empresa titular de www.tablaoflamenco1911.com, Cincoases Proyecto SL (a partir de ahora \u2018Cincoases Proyecto\u2019) son: NIF B87292736; inscrita en el Registro Mercantil de&#8230;","protected":false},"author":1,"featured_media":0,"parent":0,"menu_order":20,"comment_status":"closed","ping_status":"closed","template":"","meta":{"_acf_changed":false,"inline_featured_image":false,"footnotes":""},"class_list":["post-3418","page","type-page","status-publish","hentry"],"acf":[],"yoast_head":"<!-- This site is optimized with the Yoast SEO plugin v27.3 - https:\/\/yoast.com\/product\/yoast-seo-wordpress\/ -->\n<title>Aviso Legal y Pol\u00edtica de Privacidad - Tablao Flamenco 1911<\/title>\n<meta name=\"robots\" content=\"index, follow, max-snippet:-1, max-image-preview:large, max-video-preview:-1\" \/>\n<link rel=\"canonical\" href=\"\/\" \/>\n<meta property=\"og:locale\" content=\"es_ES\" \/>\n<meta property=\"og:type\" content=\"article\" \/>\n<meta property=\"og:title\" content=\"Aviso Legal y Pol\u00edtica de Privacidad - Tablao Flamenco 1911\" \/>\n<meta property=\"og:description\" content=\"DATOS IDENTIFICATIVOS En cumplimiento con el art\u00edculo 10 de la Ley 34\/2002, del 11 de julio, de servicios de la Sociedad de la Informaci\u00f3n y Comercio Electr\u00f3nico (LSSICE), los datos identificativos de la empresa titular de www.tablaoflamenco1911.com, Cincoases Proyecto SL (a partir de ahora \u2018Cincoases Proyecto\u2019) son: NIF B87292736; inscrita en el Registro Mercantil de...\" \/>\n<meta property=\"og:url\" content=\"https:\/\/tablaoflamenco1911.com\/es\/aviso-legal-y-politica-de-privacidad\/\" \/>\n<meta property=\"og:site_name\" content=\"Tablao Flamenco 1911\" \/>\n<meta property=\"article:modified_time\" content=\"2022-09-15T15:55:03+00:00\" \/>\n<meta name=\"twitter:card\" content=\"summary_large_image\" \/>\n<meta name=\"twitter:label1\" content=\"Tiempo de lectura\" \/>\n\t<meta name=\"twitter:data1\" content=\"4 minutos\" \/>\n<script type=\"application\/ld+json\" class=\"yoast-schema-graph\">{\"@context\":\"https:\\\/\\\/schema.org\",\"@graph\":[{\"@type\":\"WebPage\",\"@id\":\"https:\\\/\\\/tablaoflamenco1911.com\\\/es\\\/aviso-legal-y-politica-de-privacidad\\\/\",\"url\":\"https:\\\/\\\/tablaoflamenco1911.com\\\/es\\\/aviso-legal-y-politica-de-privacidad\\\/\",\"name\":\"Aviso Legal y Pol\u00edtica de Privacidad - Tablao Flamenco 1911\",\"isPartOf\":{\"@id\":\"https:\\\/\\\/tablaoflamenco1911.com\\\/es\\\/#website\"},\"datePublished\":\"2022-09-07T14:37:36+00:00\",\"dateModified\":\"2022-09-15T15:55:03+00:00\",\"breadcrumb\":{\"@id\":\"https:\\\/\\\/tablaoflamenco1911.com\\\/es\\\/aviso-legal-y-politica-de-privacidad\\\/#breadcrumb\"},\"inLanguage\":\"es\",\"potentialAction\":[{\"@type\":\"ReadAction\",\"target\":[[\"https:\\\/\\\/tablaoflamenco1911.com\\\/es\\\/aviso-legal-y-politica-de-privacidad\\\/\"]]}]},{\"@type\":\"BreadcrumbList\",\"@id\":\"https:\\\/\\\/tablaoflamenco1911.com\\\/es\\\/aviso-legal-y-politica-de-privacidad\\\/#breadcrumb\",\"itemListElement\":[{\"@type\":\"ListItem\",\"position\":1,\"name\":\"Portada\",\"item\":\"https:\\\/\\\/tablaoflamenco1911.com\\\/es\\\/\"},{\"@type\":\"ListItem\",\"position\":2,\"name\":\"Aviso Legal y Pol\u00edtica de Privacidad\"}]},{\"@type\":\"WebSite\",\"@id\":\"https:\\\/\\\/tablaoflamenco1911.com\\\/es\\\/#website\",\"url\":\"https:\\\/\\\/tablaoflamenco1911.com\\\/es\\\/\",\"name\":\"Tablao Flamenco 1911\",\"description\":\"La Catedral del Flamenco en Madrid\",\"potentialAction\":[{\"@type\":\"SearchAction\",\"target\":{\"@type\":\"EntryPoint\",\"urlTemplate\":\"https:\\\/\\\/tablaoflamenco1911.com\\\/es\\\/?s={search_term_string}\"},\"query-input\":{\"@type\":\"PropertyValueSpecification\",\"valueRequired\":true,\"valueName\":\"search_term_string\"}}],\"inLanguage\":\"es\"}]}<\/script>\n<!-- \/ Yoast SEO plugin. -->","yoast_head_json":{"title":"Aviso Legal y Pol\u00edtica de Privacidad - Tablao Flamenco 1911","robots":{"index":"index","follow":"follow","max-snippet":"max-snippet:-1","max-image-preview":"max-image-preview:large","max-video-preview":"max-video-preview:-1"},"canonical":"\/","og_locale":"es_ES","og_type":"article","og_title":"Aviso Legal y Pol\u00edtica de Privacidad - Tablao Flamenco 1911","og_description":"DATOS IDENTIFICATIVOS En cumplimiento con el art\u00edculo 10 de la Ley 34\/2002, del 11 de julio, de servicios de la Sociedad de la Informaci\u00f3n y Comercio Electr\u00f3nico (LSSICE), los datos identificativos de la empresa titular de www.tablaoflamenco1911.com, Cincoases Proyecto SL (a partir de ahora \u2018Cincoases Proyecto\u2019) son: NIF B87292736; inscrita en el Registro Mercantil de...","og_url":"https:\/\/tablaoflamenco1911.com\/es\/aviso-legal-y-politica-de-privacidad\/","og_site_name":"Tablao Flamenco 1911","article_modified_time":"2022-09-15T15:55:03+00:00","twitter_card":"summary_large_image","twitter_misc":{"Tiempo de lectura":"4 minutos"},"schema":{"@context":"https:\/\/schema.org","@graph":[{"@type":"WebPage","@id":"https:\/\/tablaoflamenco1911.com\/es\/aviso-legal-y-politica-de-privacidad\/","url":"https:\/\/tablaoflamenco1911.com\/es\/aviso-legal-y-politica-de-privacidad\/","name":"Aviso Legal y Pol\u00edtica de Privacidad - Tablao Flamenco 1911","isPartOf":{"@id":"https:\/\/tablaoflamenco1911.com\/es\/#website"},"datePublished":"2022-09-07T14:37:36+00:00","dateModified":"2022-09-15T15:55:03+00:00","breadcrumb":{"@id":"https:\/\/tablaoflamenco1911.com\/es\/aviso-legal-y-politica-de-privacidad\/#breadcrumb"},"inLanguage":"es","potentialAction":[{"@type":"ReadAction","target":[["https:\/\/tablaoflamenco1911.com\/es\/aviso-legal-y-politica-de-privacidad\/"]]}]},{"@type":"BreadcrumbList","@id":"https:\/\/tablaoflamenco1911.com\/es\/aviso-legal-y-politica-de-privacidad\/#breadcrumb","itemListElement":[{"@type":"ListItem","position":1,"name":"Portada","item":"https:\/\/tablaoflamenco1911.com\/es\/"},{"@type":"ListItem","position":2,"name":"Aviso Legal y Pol\u00edtica de Privacidad"}]},{"@type":"WebSite","@id":"https:\/\/tablaoflamenco1911.com\/es\/#website","url":"https:\/\/tablaoflamenco1911.com\/es\/","name":"Tablao Flamenco 1911","description":"La Catedral del Flamenco en Madrid","potentialAction":[{"@type":"SearchAction","target":{"@type":"EntryPoint","urlTemplate":"https:\/\/tablaoflamenco1911.com\/es\/?s={search_term_string}"},"query-input":{"@type":"PropertyValueSpecification","valueRequired":true,"valueName":"search_term_string"}}],"inLanguage":"es"}]}},"_links":{"self":[{"href":"https:\/\/tablaoflamenco1911.com\/es\/wp-json\/wp\/v2\/pages\/3418","targetHints":{"allow":["GET"]}}],"collection":[{"href":"https:\/\/tablaoflamenco1911.com\/es\/wp-json\/wp\/v2\/pages"}],"about":[{"href":"https:\/\/tablaoflamenco1911.com\/es\/wp-json\/wp\/v2\/types\/page"}],"author":[{"embeddable":true,"href":"https:\/\/tablaoflamenco1911.com\/es\/wp-json\/wp\/v2\/users\/1"}],"replies":[{"embeddable":true,"href":"https:\/\/tablaoflamenco1911.com\/es\/wp-json\/wp\/v2\/comments?post=3418"}],"version-history":[{"count":7,"href":"https:\/\/tablaoflamenco1911.com\/es\/wp-json\/wp\/v2\/pages\/3418\/revisions"}],"predecessor-version":[{"id":4167,"href":"https:\/\/tablaoflamenco1911.com\/es\/wp-json\/wp\/v2\/pages\/3418\/revisions\/4167"}],"wp:attachment":[{"href":"https:\/\/tablaoflamenco1911.com\/es\/wp-json\/wp\/v2\/media?parent=3418"}],"curies":[{"name":"wp","href":"https:\/\/api.w.org\/{rel}","templated":true}]}}