{"id":2734,"date":"2022-06-28T08:30:02","date_gmt":"2022-06-28T08:30:02","guid":{"rendered":"https:\/\/tablaoflamenco1911.com\/?page_id=2734"},"modified":"2026-02-17T18:42:35","modified_gmt":"2026-02-17T17:42:35","slug":"show","status":"publish","type":"page","link":"https:\/\/tablaoflamenco1911.com\/es\/espectaculos\/","title":{"rendered":"Espect\u00e1culo Flamenco Madrid"},"content":{"rendered":"<p>Como templo del flamenco en Madrid el <strong>Tablao 1911<\/strong> tiene como objetivo preservar la esencia de la fiesta del flamenco. Sus espect\u00e1culos no dejar\u00e1n indiferentes a ne\u00f3fitos ni a expertos por su calidad y su pureza, el <strong>1911<\/strong> se presenta de nuevo como la Catedral del arte flamenco en Madrid.<\/p>\n<p>Cantaores, guitarristas y m\u00fasicos, desgranan las notas de piezas cl\u00e1sicas al ritmo de bailaores y bailaoras que visten cada palo del flamenco con acierto; sole\u00e1s, buler\u00edas o tarantas; tacones, volantes y batas de cola transmiten la esencia de flamenco de principio a fin.<\/p>","protected":false},"excerpt":{"rendered":"Como templo del flamenco en Madrid el Tablao 1911 tiene como objetivo preservar la esencia de la fiesta del flamenco. Sus espect\u00e1culos no dejar\u00e1n indiferentes a ne\u00f3fitos ni a expertos por su calidad y su pureza, el 1911 se presenta de nuevo como la Catedral del arte flamenco en Madrid. Cantaores, guitarristas y m\u00fasicos, desgranan&#8230;","protected":false},"author":1,"featured_media":3411,"parent":0,"menu_order":2,"comment_status":"closed","ping_status":"closed","template":"templates\/shows.php","meta":{"_acf_changed":false,"inline_featured_image":false,"footnotes":""},"class_list":["post-2734","page","type-page","status-publish","has-post-thumbnail","hentry"],"acf":[],"yoast_head":"<!-- This site is optimized with the Yoast SEO plugin v27.4 - https:\/\/yoast.com\/product\/yoast-seo-wordpress\/ -->\n<title>Espect\u00e1culos de flamenco en Madrid | Tablao 1911<\/title>\n<meta name=\"description\" content=\"Descubre la magia del flamenco en el Tablao 1911 a trav\u00e9s de sus espect\u00e1culos \u00fanicos. Pasi\u00f3n, autenticidad y tradici\u00f3n cada d\u00eda.\" \/>\n<meta name=\"robots\" content=\"index, follow, max-snippet:-1, max-image-preview:large, max-video-preview:-1\" \/>\n<link rel=\"canonical\" href=\"\/\" \/>\n<meta property=\"og:locale\" content=\"es_ES\" \/>\n<meta property=\"og:type\" content=\"article\" \/>\n<meta property=\"og:title\" content=\"Espect\u00e1culos de flamenco en Madrid | Tablao 1911\" \/>\n<meta property=\"og:description\" content=\"Descubre la magia del flamenco en el Tablao 1911 a trav\u00e9s de sus espect\u00e1culos \u00fanicos. Pasi\u00f3n, autenticidad y tradici\u00f3n cada d\u00eda.\" \/>\n<meta property=\"og:url\" content=\"https:\/\/tablaoflamenco1911.com\/es\/espectaculos\/\" \/>\n<meta property=\"og:site_name\" content=\"Tablao Flamenco 1911\" \/>\n<meta property=\"article:modified_time\" content=\"2026-02-17T17:42:35+00:00\" \/>\n<meta property=\"og:image\" content=\"https:\/\/tablaoflamenco1911.com\/wp-content\/uploads\/2022\/09\/bailaor-iluminado-perfil.jpg\" \/>\n\t<meta property=\"og:image:width\" content=\"1400\" \/>\n\t<meta property=\"og:image:height\" content=\"500\" \/>\n\t<meta property=\"og:image:type\" content=\"image\/jpeg\" \/>\n<meta name=\"twitter:card\" content=\"summary_large_image\" \/>\n<meta name=\"twitter:label1\" content=\"Tiempo de lectura\" \/>\n\t<meta name=\"twitter:data1\" content=\"1 minuto\" \/>\n<script type=\"application\/ld+json\" class=\"yoast-schema-graph\">{\"@context\":\"https:\\\/\\\/schema.org\",\"@graph\":[{\"@type\":\"WebPage\",\"@id\":\"https:\\\/\\\/tablaoflamenco1911.com\\\/es\\\/espectaculos\\\/\",\"url\":\"https:\\\/\\\/tablaoflamenco1911.com\\\/es\\\/espectaculos\\\/\",\"name\":\"Espect\u00e1culos de flamenco en Madrid | Tablao 1911\",\"isPartOf\":{\"@id\":\"https:\\\/\\\/tablaoflamenco1911.com\\\/es\\\/#website\"},\"primaryImageOfPage\":{\"@id\":\"https:\\\/\\\/tablaoflamenco1911.com\\\/es\\\/espectaculos\\\/#primaryimage\"},\"image\":{\"@id\":\"https:\\\/\\\/tablaoflamenco1911.com\\\/es\\\/espectaculos\\\/#primaryimage\"},\"thumbnailUrl\":\"https:\\\/\\\/tablaoflamenco1911.com\\\/wp-content\\\/uploads\\\/2022\\\/09\\\/bailaor-iluminado-perfil.jpg\",\"datePublished\":\"2022-06-28T08:30:02+00:00\",\"dateModified\":\"2026-02-17T17:42:35+00:00\",\"description\":\"Descubre la magia del flamenco en el Tablao 1911 a trav\u00e9s de sus espect\u00e1culos \u00fanicos. Pasi\u00f3n, autenticidad y tradici\u00f3n cada d\u00eda.\",\"breadcrumb\":{\"@id\":\"https:\\\/\\\/tablaoflamenco1911.com\\\/es\\\/espectaculos\\\/#breadcrumb\"},\"inLanguage\":\"es\",\"potentialAction\":[{\"@type\":\"ReadAction\",\"target\":[[\"https:\\\/\\\/tablaoflamenco1911.com\\\/es\\\/espectaculos\\\/\"]]}]},{\"@type\":\"ImageObject\",\"inLanguage\":\"es\",\"@id\":\"https:\\\/\\\/tablaoflamenco1911.com\\\/es\\\/espectaculos\\\/#primaryimage\",\"url\":\"https:\\\/\\\/tablaoflamenco1911.com\\\/wp-content\\\/uploads\\\/2022\\\/09\\\/bailaor-iluminado-perfil.jpg\",\"contentUrl\":\"https:\\\/\\\/tablaoflamenco1911.com\\\/wp-content\\\/uploads\\\/2022\\\/09\\\/bailaor-iluminado-perfil.jpg\",\"width\":1400,\"height\":500,\"caption\":\"Bailaor iluminado de perfil\"},{\"@type\":\"BreadcrumbList\",\"@id\":\"https:\\\/\\\/tablaoflamenco1911.com\\\/es\\\/espectaculos\\\/#breadcrumb\",\"itemListElement\":[{\"@type\":\"ListItem\",\"position\":1,\"name\":\"Portada\",\"item\":\"https:\\\/\\\/tablaoflamenco1911.com\\\/es\\\/\"},{\"@type\":\"ListItem\",\"position\":2,\"name\":\"Shows de Flamenco en Madrid\"}]},{\"@type\":\"WebSite\",\"@id\":\"https:\\\/\\\/tablaoflamenco1911.com\\\/es\\\/#website\",\"url\":\"https:\\\/\\\/tablaoflamenco1911.com\\\/es\\\/\",\"name\":\"Tablao Flamenco 1911\",\"description\":\"La Catedral del Flamenco en Madrid\",\"potentialAction\":[{\"@type\":\"SearchAction\",\"target\":{\"@type\":\"EntryPoint\",\"urlTemplate\":\"https:\\\/\\\/tablaoflamenco1911.com\\\/es\\\/?s={search_term_string}\"},\"query-input\":{\"@type\":\"PropertyValueSpecification\",\"valueRequired\":true,\"valueName\":\"search_term_string\"}}],\"inLanguage\":\"es\"}]}<\/script>\n<!-- \/ Yoast SEO plugin. -->","yoast_head_json":{"title":"Espect\u00e1culos de flamenco en Madrid | Tablao 1911","description":"Descubre la magia del flamenco en el Tablao 1911 a trav\u00e9s de sus espect\u00e1culos \u00fanicos. Pasi\u00f3n, autenticidad y tradici\u00f3n cada d\u00eda.","robots":{"index":"index","follow":"follow","max-snippet":"max-snippet:-1","max-image-preview":"max-image-preview:large","max-video-preview":"max-video-preview:-1"},"canonical":"\/","og_locale":"es_ES","og_type":"article","og_title":"Espect\u00e1culos de flamenco en Madrid | Tablao 1911","og_description":"Descubre la magia del flamenco en el Tablao 1911 a trav\u00e9s de sus espect\u00e1culos \u00fanicos. Pasi\u00f3n, autenticidad y tradici\u00f3n cada d\u00eda.","og_url":"https:\/\/tablaoflamenco1911.com\/es\/espectaculos\/","og_site_name":"Tablao Flamenco 1911","article_modified_time":"2026-02-17T17:42:35+00:00","og_image":[{"width":1400,"height":500,"url":"https:\/\/tablaoflamenco1911.com\/wp-content\/uploads\/2022\/09\/bailaor-iluminado-perfil.jpg","type":"image\/jpeg"}],"twitter_card":"summary_large_image","twitter_misc":{"Tiempo de lectura":"1 minuto"},"schema":{"@context":"https:\/\/schema.org","@graph":[{"@type":"WebPage","@id":"https:\/\/tablaoflamenco1911.com\/es\/espectaculos\/","url":"https:\/\/tablaoflamenco1911.com\/es\/espectaculos\/","name":"Espect\u00e1culos de flamenco en Madrid | Tablao 1911","isPartOf":{"@id":"https:\/\/tablaoflamenco1911.com\/es\/#website"},"primaryImageOfPage":{"@id":"https:\/\/tablaoflamenco1911.com\/es\/espectaculos\/#primaryimage"},"image":{"@id":"https:\/\/tablaoflamenco1911.com\/es\/espectaculos\/#primaryimage"},"thumbnailUrl":"https:\/\/tablaoflamenco1911.com\/wp-content\/uploads\/2022\/09\/bailaor-iluminado-perfil.jpg","datePublished":"2022-06-28T08:30:02+00:00","dateModified":"2026-02-17T17:42:35+00:00","description":"Descubre la magia del flamenco en el Tablao 1911 a trav\u00e9s de sus espect\u00e1culos \u00fanicos. Pasi\u00f3n, autenticidad y tradici\u00f3n cada d\u00eda.","breadcrumb":{"@id":"https:\/\/tablaoflamenco1911.com\/es\/espectaculos\/#breadcrumb"},"inLanguage":"es","potentialAction":[{"@type":"ReadAction","target":[["https:\/\/tablaoflamenco1911.com\/es\/espectaculos\/"]]}]},{"@type":"ImageObject","inLanguage":"es","@id":"https:\/\/tablaoflamenco1911.com\/es\/espectaculos\/#primaryimage","url":"https:\/\/tablaoflamenco1911.com\/wp-content\/uploads\/2022\/09\/bailaor-iluminado-perfil.jpg","contentUrl":"https:\/\/tablaoflamenco1911.com\/wp-content\/uploads\/2022\/09\/bailaor-iluminado-perfil.jpg","width":1400,"height":500,"caption":"Bailaor iluminado de perfil"},{"@type":"BreadcrumbList","@id":"https:\/\/tablaoflamenco1911.com\/es\/espectaculos\/#breadcrumb","itemListElement":[{"@type":"ListItem","position":1,"name":"Portada","item":"https:\/\/tablaoflamenco1911.com\/es\/"},{"@type":"ListItem","position":2,"name":"Shows de Flamenco en Madrid"}]},{"@type":"WebSite","@id":"https:\/\/tablaoflamenco1911.com\/es\/#website","url":"https:\/\/tablaoflamenco1911.com\/es\/","name":"Tablao Flamenco 1911","description":"La Catedral del Flamenco en Madrid","potentialAction":[{"@type":"SearchAction","target":{"@type":"EntryPoint","urlTemplate":"https:\/\/tablaoflamenco1911.com\/es\/?s={search_term_string}"},"query-input":{"@type":"PropertyValueSpecification","valueRequired":true,"valueName":"search_term_string"}}],"inLanguage":"es"}]}},"_links":{"self":[{"href":"https:\/\/tablaoflamenco1911.com\/es\/wp-json\/wp\/v2\/pages\/2734","targetHints":{"allow":["GET"]}}],"collection":[{"href":"https:\/\/tablaoflamenco1911.com\/es\/wp-json\/wp\/v2\/pages"}],"about":[{"href":"https:\/\/tablaoflamenco1911.com\/es\/wp-json\/wp\/v2\/types\/page"}],"author":[{"embeddable":true,"href":"https:\/\/tablaoflamenco1911.com\/es\/wp-json\/wp\/v2\/users\/1"}],"replies":[{"embeddable":true,"href":"https:\/\/tablaoflamenco1911.com\/es\/wp-json\/wp\/v2\/comments?post=2734"}],"version-history":[{"count":43,"href":"https:\/\/tablaoflamenco1911.com\/es\/wp-json\/wp\/v2\/pages\/2734\/revisions"}],"predecessor-version":[{"id":54752,"href":"https:\/\/tablaoflamenco1911.com\/es\/wp-json\/wp\/v2\/pages\/2734\/revisions\/54752"}],"wp:featuredmedia":[{"embeddable":true,"href":"https:\/\/tablaoflamenco1911.com\/es\/wp-json\/wp\/v2\/media\/3411"}],"wp:attachment":[{"href":"https:\/\/tablaoflamenco1911.com\/es\/wp-json\/wp\/v2\/media?parent=2734"}],"curies":[{"name":"wp","href":"https:\/\/api.w.org\/{rel}","templated":true}]}}