{"id":3421,"date":"2022-09-07T14:39:40","date_gmt":"2022-09-07T14:39:40","guid":{"rendered":"https:\/\/tablaoflamenco1911.com\/?page_id=3421"},"modified":"2025-04-02T15:36:00","modified_gmt":"2025-04-02T13:36:00","slug":"terminos-condiciones-proteccion-de-datos-politica-de-devoluciones-y-reintegros","status":"publish","type":"page","link":"https:\/\/tablaoflamenco1911.com\/de\/nutzungsbedingungen\/","title":{"rendered":"Nutzungsbedingungen"},"content":{"rendered":"<p><\/p>\n<h2 data-pm-slice=\"1 1 []\"><strong>Allgemeine Gesch\u00e4ftsbedingungen, Datenschutz, R\u00fcckerstattungs- und R\u00fcckgabebestimmungen<\/strong><\/h2>\n<h3><strong>Datenschutz<\/strong><\/h3>\n<p>Gem\u00e4\u00df den geltenden Datenschutzbestimmungen informieren wir Sie dar\u00fcber, dass Ihre Daten in das Verarbeitungssystem von CINCOASES PROYECTO SL mit der Steuer-ID B87292736 und Sitz in C. ECHEGARAY 15, 1\u00ba, 28014, MADRID aufgenommen werden, um Ihre Anfragen zu bearbeiten und Ihnen relevante Informationen zukommen zu lassen, die f\u00fcr Sie von Interesse sein k\u00f6nnten. Gem\u00e4\u00df den geltenden Vorschriften teilt CINCOASES PROYECTO SL mit, dass die Daten f\u00fcr den unbedingt erforderlichen Zeitraum gespeichert werden, um die oben genannten Zwecke zu erf\u00fcllen.<\/p>\n<p>Sofern Sie uns nichts Gegenteiliges mitteilen, gehen wir davon aus, dass sich Ihre Daten nicht ge\u00e4ndert haben, dass Sie sich verpflichten, uns \u00fcber \u00c4nderungen zu informieren, und dass wir Ihre Zustimmung zur Nutzung der Daten f\u00fcr die genannten Zwecke haben.<\/p>\n<p>CINCOASES PROYECTO SL informiert, dass Ihre Daten rechtm\u00e4\u00dfig, fair, transparent, angemessen, relevant, auf das Notwendige beschr\u00e4nkt, korrekt und aktuell verarbeitet werden. Aus diesem Grund verpflichtet sich CINCOASES PROYECTO SL, alle angemessenen Ma\u00dfnahmen zu ergreifen, um unrichtige Daten unverz\u00fcglich zu l\u00f6schen oder zu berichtigen.<\/p>\n<p>Gem\u00e4\u00df den geltenden Datenschutzgesetzen haben Sie das Recht auf Auskunft, Berichtigung, Einschr\u00e4nkung der Verarbeitung, L\u00f6schung, Daten\u00fcbertragbarkeit und Widerspruch gegen die Verarbeitung Ihrer personenbezogenen Daten sowie auf Widerruf Ihrer Einwilligung zur Datenverarbeitung. Bitte richten Sie Ihre Anfrage an die oben angegebene Postadresse oder per E-Mail an <a>reservas@tablaoflamenco1911.com<\/a>.<\/p>\n<p>Ebenso informieren wir Sie, dass Sie sich an den Datenschutzbeauftragten von CINCOASES PROYECTO SL unter der E-Mail-Adresse <a>dpo.cliente@conversia.es<\/a> oder telefonisch unter 902877192 wenden k\u00f6nnen.<\/p>\n<p>Sie k\u00f6nnen sich an die zust\u00e4ndige Aufsichtsbeh\u00f6rde wenden, um eine Beschwerde einzureichen.<\/p>\n<p>Mit dem Absenden des Datenerfassungsformulars akzeptieren Sie die Datenschutzrichtlinie von CINCOASES PROYECTO SL.<\/p>\n<p>Dieser Text kann sich auf CINCOASES PROYECTO SL als Tablao Flamenco 1911 beziehen.<\/p>\n<h3><strong>R\u00fcckerstattungs- und R\u00fcckgabebedingungen<\/strong><\/h3>\n<p>Ein Terminwechsel kann bis 24 Stunden vor Beginn der Vorstellung beantragt werden.<\/p>\n<p>Im Falle einer Stornierung erstattet Tablao Flamenco 1911 100 % des Ticketpreises, wenn dies mindestens 24 Stunden vor Beginn der Vorstellung mitgeteilt wird. Bei Mitteilung zwischen 24 und 12 Stunden vor Beginn werden 50 % erstattet.<\/p>\n<p>Bei einer Stornierung weniger als 12 Stunden vor der Vorstellung besteht kein Anspruch auf R\u00fcckerstattung.<\/p>\n<p>Das Ticket ist nicht namentlich gebunden und \u00fcbertragbar.<\/p>\n<p>Tablao Flamenco 1911 haftet nicht bei Verlust, Diebstahl oder Verlegung des Tickets.<\/p>\n<p>Tablao Flamenco 1911 beh\u00e4lt sich das Recht vor, das Datum, die Uhrzeit oder die K\u00fcnstler zu \u00e4ndern oder die geplante Vorstellung bei technischen, k\u00fcnstlerischen oder h\u00f6herer Gewalt erforderlichen Umst\u00e4nden abzusagen.<\/p>\n<p>Im Falle von \u00c4nderungen oder Absagen, die auf Tablao Flamenco 1911 zur\u00fcckzuf\u00fchren sind, hat der Kunde Anspruch auf R\u00fcckerstattung des Ticketpreises.<\/p>\n<p>Wurde eine Stornoversicherung abgeschlossen, hat der Kunde Anspruch auf R\u00fcckerstattung, wenn die Stornierung bis 3 Stunden vor Beginn der Vorstellung mitgeteilt wird. Die Versicherungskosten sind nicht erstattungsf\u00e4hig.<\/p>\n<p>F\u00fcr Sonderveranstaltungen mit einem Ticketpreis \u00fcber 55 \u20ac gelten besondere Stornobedingungen. Diese Tickets k\u00f6nnen bis zu 10 Tage vor der Veranstaltung erstattet werden, bzw. bis zu einer Woche vorher, wenn eine Stornoversicherung abgeschlossen wurde.<\/p>\n<p>Die R\u00fcckerstattung erfolgt \u00fcber dieselbe Zahlungsmethode wie beim Kauf. Tablao Flamenco 1911 beh\u00e4lt sich jedoch das Recht vor, in begr\u00fcndeten F\u00e4llen eine andere R\u00fcckerstattungsmethode zu w\u00e4hlen.<\/p>\n<h3><strong>Zahlungen<\/strong><\/h3>\n<p>Tablao Flamenco 1911 garantiert, dass Zahlungen und das Online-Einkaufserlebnis auf unserer Website (tablaoflamenco1911.com) sicher und zuverl\u00e4ssig \u00fcber unsere Zahlungsgateways wie PayPal, Stripe usw. erfolgen. Sowohl internationale Kunden als auch Kunden aus der EU k\u00f6nnen PayPal \/ Stripe als Zahlungsmethode nutzen. Ein Konto bei diesen Anbietern ist nicht erforderlich \u2013 Sie k\u00f6nnen Ihre Debitkarte, Kreditkarte oder ein Bankkonto verkn\u00fcpfen.<\/p>\n<p>PayPal \/ Stripe ist eine einfache und sichere M\u00f6glichkeit zu bezahlen, ohne Ihre Finanzdaten preiszugeben. Ihre Daten sind dank automatischer Verschl\u00fcsselungssysteme und fortschrittlichster Betrugsschutzma\u00dfnahmen bestens gesch\u00fctzt.<\/p>\n<p><strong>Geschenkticket<\/strong><\/p>\n<p>Ein Terminwechsel f\u00fcr ein Geschenkticket kann bis 24 Stunden vor Vorstellungsbeginn beantragt werden.<\/p>\n<p>Bei Stornierung eines Geschenktickets wird 100 % des Preises zur\u00fcckerstattet, wenn dies 24 Stunden vorher mitgeteilt wird. Bei Mitteilung 12 Stunden vor Beginn werden 50 % zur\u00fcckerstattet.<\/p>\n<p>Bei einer Stornierung weniger als 12 Stunden vor Vorstellungsbeginn besteht kein R\u00fcckerstattungsanspruch.<\/p>\n<p>Geschenktickets sind nicht namentlich gebunden und \u00fcbertragbar.<\/p>\n<p>Tablao Flamenco 1911 haftet nicht bei Verlust, Diebstahl oder Verlegung des Geschenktickets.<\/p>\n<p>Tablao Flamenco 1911 beh\u00e4lt sich das Recht vor, \u00c4nderungen vorzunehmen oder die Vorstellung abzusagen, wenn dies aus technischen, k\u00fcnstlerischen oder h\u00f6herer Gewalt notwendigen Gr\u00fcnden geschieht.<\/p>\n<p>Bei \u00c4nderungen oder Absagen, die auf Tablao Flamenco 1911 zur\u00fcckzuf\u00fchren sind, besteht Anspruch auf R\u00fcckerstattung.<\/p>\n<h3><strong>Promotions \u2013 Kinder &amp; Babys<\/strong><\/h3>\n<p>Rabatte in Promotionen sind nicht kumulierbar, sofern nicht anders angegeben.<\/p>\n<p>Kinder zwischen 3 und 12 Jahren erhalten bei vielen Vorstellungen 50 % Rabatt. Diese Erm\u00e4\u00dfigung kann jedoch mit vorheriger Mitteilung durch Tablao Flamenco 1911 entfallen.<\/p>\n<p>Bei Veranstaltungen, bei denen Kinder unter 3 Jahren 100 % Rabatt erhalten, haben diese keinen Sitzplatzanspruch und m\u00fcssen auf dem Scho\u00df der Eltern bleiben.<\/p>\n<p>Die Anzahl der Kinder in einer Buchung darf nicht die Anzahl der Erwachsenen \u00fcberschreiten (alle Kinder unter 12 Jahren eingeschlossen).<\/p>\n<h3><strong>Stornierung von Promotions<\/strong><\/h3>\n<p>Tablao Flamenco 1911 beh\u00e4lt sich das Recht vor, eine Promotion zu stornieren oder nicht anzuwenden, falls es dies f\u00fcr angemessen h\u00e4lt \u2013 sowohl f\u00fcr bereits gekaufte als auch f\u00fcr nicht gekaufte Tickets.<\/p>\n<p>Falls ein Ticket mit einer unzul\u00e4ssigen Promotion gekauft wurde und Tablao Flamenco 1911 den Kunden dar\u00fcber informiert, dass diese nicht gilt, kann der Kunde eine vollst\u00e4ndige R\u00fcckerstattung beantragen.<\/p>\n<h3><strong>Kontakt<\/strong><\/h3>\n<p>F\u00fcr Anfragen, \u00c4nderungen oder Stornierungen wenden Sie sich bitte an den Kundenservice von Tablao Flamenco 1911 unter +34 914 91 50 56 oder +34 650 635 125 (t\u00e4glich von 10:00 bis 24:00 Uhr) oder per E-Mail an <a>reservas@tablaoflamenco1911.com<\/a>.<\/p>","protected":false},"excerpt":{"rendered":"Allgemeine Gesch\u00e4ftsbedingungen, Datenschutz, R\u00fcckerstattungs- und R\u00fcckgabebestimmungen Datenschutz Gem\u00e4\u00df den geltenden Datenschutzbestimmungen informieren wir Sie dar\u00fcber, dass Ihre Daten in das Verarbeitungssystem von CINCOASES PROYECTO SL mit der Steuer-ID B87292736 und Sitz in C. ECHEGARAY 15, 1\u00ba, 28014, MADRID aufgenommen werden, um Ihre Anfragen zu bearbeiten und Ihnen relevante Informationen zukommen zu lassen, die f\u00fcr Sie&#8230;","protected":false},"author":1,"featured_media":0,"parent":0,"menu_order":20,"comment_status":"closed","ping_status":"closed","template":"","meta":{"_acf_changed":false,"inline_featured_image":false,"footnotes":""},"class_list":["post-3421","page","type-page","status-publish","hentry"],"acf":[],"yoast_head":"<!-- This site is optimized with the Yoast SEO plugin v27.3 - https:\/\/yoast.com\/product\/yoast-seo-wordpress\/ -->\n<title>Nutzungsbedingungen - Tablao Flamenco 1911<\/title>\n<meta name=\"robots\" content=\"index, follow, max-snippet:-1, max-image-preview:large, max-video-preview:-1\" \/>\n<link rel=\"canonical\" href=\"\/\" \/>\n<meta property=\"og:locale\" content=\"de_DE\" \/>\n<meta property=\"og:type\" content=\"article\" \/>\n<meta property=\"og:title\" content=\"Nutzungsbedingungen - Tablao Flamenco 1911\" \/>\n<meta property=\"og:description\" content=\"Allgemeine Gesch\u00e4ftsbedingungen, Datenschutz, R\u00fcckerstattungs- und R\u00fcckgabebestimmungen Datenschutz Gem\u00e4\u00df den geltenden Datenschutzbestimmungen informieren wir Sie dar\u00fcber, dass Ihre Daten in das Verarbeitungssystem von CINCOASES PROYECTO SL mit der Steuer-ID B87292736 und Sitz in C. ECHEGARAY 15, 1\u00ba, 28014, MADRID aufgenommen werden, um Ihre Anfragen zu bearbeiten und Ihnen relevante Informationen zukommen zu lassen, die f\u00fcr Sie...\" \/>\n<meta property=\"og:url\" content=\"https:\/\/tablaoflamenco1911.com\/de\/terminos-y-condiciones-de-uso\/\" \/>\n<meta property=\"og:site_name\" content=\"Tablao Flamenco 1911\" \/>\n<meta property=\"article:modified_time\" content=\"2025-04-02T13:36:00+00:00\" \/>\n<meta name=\"twitter:card\" content=\"summary_large_image\" \/>\n<meta name=\"twitter:label1\" content=\"Gesch\u00e4tzte Lesezeit\" \/>\n\t<meta name=\"twitter:data1\" content=\"5\u00a0Minuten\" \/>\n<script type=\"application\/ld+json\" class=\"yoast-schema-graph\">{\"@context\":\"https:\\\/\\\/schema.org\",\"@graph\":[{\"@type\":\"WebPage\",\"@id\":\"https:\\\/\\\/tablaoflamenco1911.com\\\/de\\\/terminos-y-condiciones-de-uso\\\/\",\"url\":\"https:\\\/\\\/tablaoflamenco1911.com\\\/de\\\/terminos-y-condiciones-de-uso\\\/\",\"name\":\"Nutzungsbedingungen - Tablao Flamenco 1911\",\"isPartOf\":{\"@id\":\"https:\\\/\\\/tablaoflamenco1911.com\\\/de\\\/#website\"},\"datePublished\":\"2022-09-07T14:39:40+00:00\",\"dateModified\":\"2025-04-02T13:36:00+00:00\",\"breadcrumb\":{\"@id\":\"https:\\\/\\\/tablaoflamenco1911.com\\\/de\\\/terminos-y-condiciones-de-uso\\\/#breadcrumb\"},\"inLanguage\":\"de\",\"potentialAction\":[{\"@type\":\"ReadAction\",\"target\":[[\"https:\\\/\\\/tablaoflamenco1911.com\\\/de\\\/terminos-y-condiciones-de-uso\\\/\"]]}]},{\"@type\":\"BreadcrumbList\",\"@id\":\"https:\\\/\\\/tablaoflamenco1911.com\\\/de\\\/terminos-y-condiciones-de-uso\\\/#breadcrumb\",\"itemListElement\":[{\"@type\":\"ListItem\",\"position\":1,\"name\":\"Portada\",\"item\":\"https:\\\/\\\/tablaoflamenco1911.com\\\/de\\\/\"},{\"@type\":\"ListItem\",\"position\":2,\"name\":\"T\u00e9rminos y condiciones de uso\"}]},{\"@type\":\"WebSite\",\"@id\":\"https:\\\/\\\/tablaoflamenco1911.com\\\/de\\\/#website\",\"url\":\"https:\\\/\\\/tablaoflamenco1911.com\\\/de\\\/\",\"name\":\"Tablao Flamenco 1911\",\"description\":\"La Catedral del Flamenco en Madrid\",\"potentialAction\":[{\"@type\":\"SearchAction\",\"target\":{\"@type\":\"EntryPoint\",\"urlTemplate\":\"https:\\\/\\\/tablaoflamenco1911.com\\\/de\\\/?s={search_term_string}\"},\"query-input\":{\"@type\":\"PropertyValueSpecification\",\"valueRequired\":true,\"valueName\":\"search_term_string\"}}],\"inLanguage\":\"de\"}]}<\/script>\n<!-- \/ Yoast SEO plugin. -->","yoast_head_json":{"title":"Nutzungsbedingungen - Tablao Flamenco 1911","robots":{"index":"index","follow":"follow","max-snippet":"max-snippet:-1","max-image-preview":"max-image-preview:large","max-video-preview":"max-video-preview:-1"},"canonical":"\/","og_locale":"de_DE","og_type":"article","og_title":"Nutzungsbedingungen - Tablao Flamenco 1911","og_description":"Allgemeine Gesch\u00e4ftsbedingungen, Datenschutz, R\u00fcckerstattungs- und R\u00fcckgabebestimmungen Datenschutz Gem\u00e4\u00df den geltenden Datenschutzbestimmungen informieren wir Sie dar\u00fcber, dass Ihre Daten in das Verarbeitungssystem von CINCOASES PROYECTO SL mit der Steuer-ID B87292736 und Sitz in C. ECHEGARAY 15, 1\u00ba, 28014, MADRID aufgenommen werden, um Ihre Anfragen zu bearbeiten und Ihnen relevante Informationen zukommen zu lassen, die f\u00fcr Sie...","og_url":"https:\/\/tablaoflamenco1911.com\/de\/terminos-y-condiciones-de-uso\/","og_site_name":"Tablao Flamenco 1911","article_modified_time":"2025-04-02T13:36:00+00:00","twitter_card":"summary_large_image","twitter_misc":{"Gesch\u00e4tzte Lesezeit":"5\u00a0Minuten"},"schema":{"@context":"https:\/\/schema.org","@graph":[{"@type":"WebPage","@id":"https:\/\/tablaoflamenco1911.com\/de\/terminos-y-condiciones-de-uso\/","url":"https:\/\/tablaoflamenco1911.com\/de\/terminos-y-condiciones-de-uso\/","name":"Nutzungsbedingungen - Tablao Flamenco 1911","isPartOf":{"@id":"https:\/\/tablaoflamenco1911.com\/de\/#website"},"datePublished":"2022-09-07T14:39:40+00:00","dateModified":"2025-04-02T13:36:00+00:00","breadcrumb":{"@id":"https:\/\/tablaoflamenco1911.com\/de\/terminos-y-condiciones-de-uso\/#breadcrumb"},"inLanguage":"de","potentialAction":[{"@type":"ReadAction","target":[["https:\/\/tablaoflamenco1911.com\/de\/terminos-y-condiciones-de-uso\/"]]}]},{"@type":"BreadcrumbList","@id":"https:\/\/tablaoflamenco1911.com\/de\/terminos-y-condiciones-de-uso\/#breadcrumb","itemListElement":[{"@type":"ListItem","position":1,"name":"Portada","item":"https:\/\/tablaoflamenco1911.com\/de\/"},{"@type":"ListItem","position":2,"name":"T\u00e9rminos y condiciones de uso"}]},{"@type":"WebSite","@id":"https:\/\/tablaoflamenco1911.com\/de\/#website","url":"https:\/\/tablaoflamenco1911.com\/de\/","name":"Tablao Flamenco 1911","description":"La Catedral del Flamenco en Madrid","potentialAction":[{"@type":"SearchAction","target":{"@type":"EntryPoint","urlTemplate":"https:\/\/tablaoflamenco1911.com\/de\/?s={search_term_string}"},"query-input":{"@type":"PropertyValueSpecification","valueRequired":true,"valueName":"search_term_string"}}],"inLanguage":"de"}]}},"_links":{"self":[{"href":"https:\/\/tablaoflamenco1911.com\/de\/wp-json\/wp\/v2\/pages\/3421","targetHints":{"allow":["GET"]}}],"collection":[{"href":"https:\/\/tablaoflamenco1911.com\/de\/wp-json\/wp\/v2\/pages"}],"about":[{"href":"https:\/\/tablaoflamenco1911.com\/de\/wp-json\/wp\/v2\/types\/page"}],"author":[{"embeddable":true,"href":"https:\/\/tablaoflamenco1911.com\/de\/wp-json\/wp\/v2\/users\/1"}],"replies":[{"embeddable":true,"href":"https:\/\/tablaoflamenco1911.com\/de\/wp-json\/wp\/v2\/comments?post=3421"}],"version-history":[{"count":12,"href":"https:\/\/tablaoflamenco1911.com\/de\/wp-json\/wp\/v2\/pages\/3421\/revisions"}],"predecessor-version":[{"id":53764,"href":"https:\/\/tablaoflamenco1911.com\/de\/wp-json\/wp\/v2\/pages\/3421\/revisions\/53764"}],"wp:attachment":[{"href":"https:\/\/tablaoflamenco1911.com\/de\/wp-json\/wp\/v2\/media?parent=3421"}],"curies":[{"name":"wp","href":"https:\/\/api.w.org\/{rel}","templated":true}]}}