{"id":3010,"date":"2022-09-02T12:33:23","date_gmt":"2022-09-02T12:33:23","guid":{"rendered":"https:\/\/tablaoflamenco1911.com\/?page_id=3010"},"modified":"2025-04-24T13:57:10","modified_gmt":"2025-04-24T11:57:10","slug":"historia-del-tablao","status":"publish","type":"page","link":"https:\/\/tablaoflamenco1911.com\/de\/das-tablao\/geschichte-des-tablaos\/","title":{"rendered":"Geschichte des Tablaos"},"content":{"rendered":"<p>Das 1911 gegr\u00fcndete Tablao ist das <strong>\u00e4lteste Flamenco-Tablao der Welt<\/strong>, daher sein Name. Aber seine Geschichte ist nicht nur lang, sondern auch voller interessanter Wendungen und Ereignisse, die immer mit dem Flamenco und der Volkskultur verbunden sind. Diese Geschichte hat ihm den Beinamen \u201eKathedrale des Flamenco\u201c eingebracht.<\/p>","protected":false},"excerpt":{"rendered":"Das 1911 gegr\u00fcndete Tablao ist das \u00e4lteste Flamenco-Tablao der Welt, daher sein Name. Aber seine Geschichte ist nicht nur lang, sondern auch voller interessanter Wendungen und Ereignisse, die immer mit dem Flamenco und der Volkskultur verbunden sind. Diese Geschichte hat ihm den Beinamen \u201eKathedrale des Flamenco\u201c eingebracht.","protected":false},"author":1,"featured_media":3165,"parent":3008,"menu_order":1,"comment_status":"closed","ping_status":"closed","template":"templates\/primary.php","meta":{"_acf_changed":false,"inline_featured_image":false,"footnotes":""},"class_list":["post-3010","page","type-page","status-publish","has-post-thumbnail","hentry"],"acf":[],"yoast_head":"<!-- This site is optimized with the Yoast SEO plugin v27.4 - https:\/\/yoast.com\/product\/yoast-seo-wordpress\/ -->\n<title>Geschichte des Tablaos - Tablao Flamenco 1911<\/title>\n<meta name=\"description\" content=\"Fundado en 1911, el 1911 es el tablao flamenco m\u00e1s antiguo del mundo de ah\u00ed su nombre. Pero su historia, adem\u00e1s de larga, est\u00e1 llena de giros y acontecimientos de inter\u00e9s y siempre vinculados con el flamenco y la cultura popular.Esa historia le llev\u00f3 a ser conocido como la \u201cCatedral del Flamenco\u201d.\" \/>\n<meta name=\"robots\" content=\"index, follow, max-snippet:-1, max-image-preview:large, max-video-preview:-1\" \/>\n<link rel=\"canonical\" href=\"\/\" \/>\n<meta property=\"og:locale\" content=\"de_DE\" \/>\n<meta property=\"og:type\" content=\"article\" \/>\n<meta property=\"og:title\" content=\"Geschichte des Tablaos - Tablao Flamenco 1911\" \/>\n<meta property=\"og:description\" content=\"Fundado en 1911, el 1911 es el tablao flamenco m\u00e1s antiguo del mundo de ah\u00ed su nombre. Pero su historia, adem\u00e1s de larga, est\u00e1 llena de giros y acontecimientos de inter\u00e9s y siempre vinculados con el flamenco y la cultura popular.Esa historia le llev\u00f3 a ser conocido como la \u201cCatedral del Flamenco\u201d.\" \/>\n<meta property=\"og:url\" content=\"https:\/\/tablaoflamenco1911.com\/de\/el-tablao\/historia-del-tablao\/\" \/>\n<meta property=\"og:site_name\" content=\"Tablao Flamenco 1911\" \/>\n<meta property=\"article:modified_time\" content=\"2025-04-24T11:57:10+00:00\" \/>\n<meta property=\"og:image\" content=\"https:\/\/tablaoflamenco1911.com\/wp-content\/uploads\/2022\/09\/fachada-portrait-card-1.png\" \/>\n\t<meta property=\"og:image:width\" content=\"400\" \/>\n\t<meta property=\"og:image:height\" content=\"500\" \/>\n\t<meta property=\"og:image:type\" content=\"image\/png\" \/>\n<meta name=\"twitter:card\" content=\"summary_large_image\" \/>\n<meta name=\"twitter:label1\" content=\"Gesch\u00e4tzte Lesezeit\" \/>\n\t<meta name=\"twitter:data1\" content=\"1\u00a0Minute\" \/>\n<script type=\"application\/ld+json\" class=\"yoast-schema-graph\">{\"@context\":\"https:\\\/\\\/schema.org\",\"@graph\":[{\"@type\":\"WebPage\",\"@id\":\"https:\\\/\\\/tablaoflamenco1911.com\\\/de\\\/el-tablao\\\/historia-del-tablao\\\/\",\"url\":\"https:\\\/\\\/tablaoflamenco1911.com\\\/de\\\/el-tablao\\\/historia-del-tablao\\\/\",\"name\":\"Geschichte des Tablaos - Tablao Flamenco 1911\",\"isPartOf\":{\"@id\":\"https:\\\/\\\/tablaoflamenco1911.com\\\/de\\\/#website\"},\"primaryImageOfPage\":{\"@id\":\"https:\\\/\\\/tablaoflamenco1911.com\\\/de\\\/el-tablao\\\/historia-del-tablao\\\/#primaryimage\"},\"image\":{\"@id\":\"https:\\\/\\\/tablaoflamenco1911.com\\\/es\\\/el-tablao\\\/historia-del-tablao\\\/#primaryimage\"},\"thumbnailUrl\":\"https:\\\/\\\/tablaoflamenco1911.com\\\/wp-content\\\/uploads\\\/2022\\\/09\\\/fachada-portrait-card-1.png\",\"datePublished\":\"2022-09-02T12:33:23+00:00\",\"dateModified\":\"2025-04-24T11:57:10+00:00\",\"description\":\"Fundado en 1911, el 1911 es el tablao flamenco m\u00e1s antiguo del mundo de ah\u00ed su nombre. Pero su historia, adem\u00e1s de larga, est\u00e1 llena de giros y acontecimientos de inter\u00e9s y siempre vinculados con el flamenco y la cultura popular.Esa historia le llev\u00f3 a ser conocido como la \u201cCatedral del Flamenco\u201d.\",\"breadcrumb\":{\"@id\":\"https:\\\/\\\/tablaoflamenco1911.com\\\/de\\\/el-tablao\\\/historia-del-tablao\\\/#breadcrumb\"},\"inLanguage\":\"de\",\"potentialAction\":[{\"@type\":\"ReadAction\",\"target\":[[\"https:\\\/\\\/tablaoflamenco1911.com\\\/de\\\/el-tablao\\\/historia-del-tablao\\\/\"]]}]},{\"@type\":\"ImageObject\",\"inLanguage\":\"de\",\"@id\":\"https:\\\/\\\/tablaoflamenco1911.com\\\/de\\\/el-tablao\\\/historia-del-tablao\\\/#primaryimage\",\"url\":\"https:\\\/\\\/tablaoflamenco1911.com\\\/wp-content\\\/uploads\\\/2022\\\/09\\\/fachada-portrait-card-1.png\",\"contentUrl\":\"https:\\\/\\\/tablaoflamenco1911.com\\\/wp-content\\\/uploads\\\/2022\\\/09\\\/fachada-portrait-card-1.png\",\"width\":400,\"height\":500,\"caption\":\"Fachada Tablao Flamenco 1911\"},{\"@type\":\"BreadcrumbList\",\"@id\":\"https:\\\/\\\/tablaoflamenco1911.com\\\/de\\\/el-tablao\\\/historia-del-tablao\\\/#breadcrumb\",\"itemListElement\":[{\"@type\":\"ListItem\",\"position\":1,\"name\":\"Portada\",\"item\":\"https:\\\/\\\/tablaoflamenco1911.com\\\/de\\\/\"},{\"@type\":\"ListItem\",\"position\":2,\"name\":\"El tablao\",\"item\":\"https:\\\/\\\/tablaoflamenco1911.com\\\/de\\\/el-tablao\\\/\"},{\"@type\":\"ListItem\",\"position\":3,\"name\":\"Historia del tablao\"}]},{\"@type\":\"WebSite\",\"@id\":\"https:\\\/\\\/tablaoflamenco1911.com\\\/de\\\/#website\",\"url\":\"https:\\\/\\\/tablaoflamenco1911.com\\\/de\\\/\",\"name\":\"Tablao Flamenco 1911\",\"description\":\"La Catedral del Flamenco en Madrid\",\"potentialAction\":[{\"@type\":\"SearchAction\",\"target\":{\"@type\":\"EntryPoint\",\"urlTemplate\":\"https:\\\/\\\/tablaoflamenco1911.com\\\/de\\\/?s={search_term_string}\"},\"query-input\":{\"@type\":\"PropertyValueSpecification\",\"valueRequired\":true,\"valueName\":\"search_term_string\"}}],\"inLanguage\":\"de\"}]}<\/script>\n<!-- \/ Yoast SEO plugin. -->","yoast_head_json":{"title":"Geschichte des Tablaos - Tablao Flamenco 1911","description":"Fundado en 1911, el 1911 es el tablao flamenco m\u00e1s antiguo del mundo de ah\u00ed su nombre. Pero su historia, adem\u00e1s de larga, est\u00e1 llena de giros y acontecimientos de inter\u00e9s y siempre vinculados con el flamenco y la cultura popular.Esa historia le llev\u00f3 a ser conocido como la \u201cCatedral del Flamenco\u201d.","robots":{"index":"index","follow":"follow","max-snippet":"max-snippet:-1","max-image-preview":"max-image-preview:large","max-video-preview":"max-video-preview:-1"},"canonical":"\/","og_locale":"de_DE","og_type":"article","og_title":"Geschichte des Tablaos - Tablao Flamenco 1911","og_description":"Fundado en 1911, el 1911 es el tablao flamenco m\u00e1s antiguo del mundo de ah\u00ed su nombre. Pero su historia, adem\u00e1s de larga, est\u00e1 llena de giros y acontecimientos de inter\u00e9s y siempre vinculados con el flamenco y la cultura popular.Esa historia le llev\u00f3 a ser conocido como la \u201cCatedral del Flamenco\u201d.","og_url":"https:\/\/tablaoflamenco1911.com\/de\/el-tablao\/historia-del-tablao\/","og_site_name":"Tablao Flamenco 1911","article_modified_time":"2025-04-24T11:57:10+00:00","og_image":[{"width":400,"height":500,"url":"https:\/\/tablaoflamenco1911.com\/wp-content\/uploads\/2022\/09\/fachada-portrait-card-1.png","type":"image\/png"}],"twitter_card":"summary_large_image","twitter_misc":{"Gesch\u00e4tzte Lesezeit":"1\u00a0Minute"},"schema":{"@context":"https:\/\/schema.org","@graph":[{"@type":"WebPage","@id":"https:\/\/tablaoflamenco1911.com\/de\/el-tablao\/historia-del-tablao\/","url":"https:\/\/tablaoflamenco1911.com\/de\/el-tablao\/historia-del-tablao\/","name":"Geschichte des Tablaos - Tablao Flamenco 1911","isPartOf":{"@id":"https:\/\/tablaoflamenco1911.com\/de\/#website"},"primaryImageOfPage":{"@id":"https:\/\/tablaoflamenco1911.com\/de\/el-tablao\/historia-del-tablao\/#primaryimage"},"image":{"@id":"https:\/\/tablaoflamenco1911.com\/es\/el-tablao\/historia-del-tablao\/#primaryimage"},"thumbnailUrl":"https:\/\/tablaoflamenco1911.com\/wp-content\/uploads\/2022\/09\/fachada-portrait-card-1.png","datePublished":"2022-09-02T12:33:23+00:00","dateModified":"2025-04-24T11:57:10+00:00","description":"Fundado en 1911, el 1911 es el tablao flamenco m\u00e1s antiguo del mundo de ah\u00ed su nombre. Pero su historia, adem\u00e1s de larga, est\u00e1 llena de giros y acontecimientos de inter\u00e9s y siempre vinculados con el flamenco y la cultura popular.Esa historia le llev\u00f3 a ser conocido como la \u201cCatedral del Flamenco\u201d.","breadcrumb":{"@id":"https:\/\/tablaoflamenco1911.com\/de\/el-tablao\/historia-del-tablao\/#breadcrumb"},"inLanguage":"de","potentialAction":[{"@type":"ReadAction","target":[["https:\/\/tablaoflamenco1911.com\/de\/el-tablao\/historia-del-tablao\/"]]}]},{"@type":"ImageObject","inLanguage":"de","@id":"https:\/\/tablaoflamenco1911.com\/de\/el-tablao\/historia-del-tablao\/#primaryimage","url":"https:\/\/tablaoflamenco1911.com\/wp-content\/uploads\/2022\/09\/fachada-portrait-card-1.png","contentUrl":"https:\/\/tablaoflamenco1911.com\/wp-content\/uploads\/2022\/09\/fachada-portrait-card-1.png","width":400,"height":500,"caption":"Fachada Tablao Flamenco 1911"},{"@type":"BreadcrumbList","@id":"https:\/\/tablaoflamenco1911.com\/de\/el-tablao\/historia-del-tablao\/#breadcrumb","itemListElement":[{"@type":"ListItem","position":1,"name":"Portada","item":"https:\/\/tablaoflamenco1911.com\/de\/"},{"@type":"ListItem","position":2,"name":"El tablao","item":"https:\/\/tablaoflamenco1911.com\/de\/el-tablao\/"},{"@type":"ListItem","position":3,"name":"Historia del tablao"}]},{"@type":"WebSite","@id":"https:\/\/tablaoflamenco1911.com\/de\/#website","url":"https:\/\/tablaoflamenco1911.com\/de\/","name":"Tablao Flamenco 1911","description":"La Catedral del Flamenco en Madrid","potentialAction":[{"@type":"SearchAction","target":{"@type":"EntryPoint","urlTemplate":"https:\/\/tablaoflamenco1911.com\/de\/?s={search_term_string}"},"query-input":{"@type":"PropertyValueSpecification","valueRequired":true,"valueName":"search_term_string"}}],"inLanguage":"de"}]}},"_links":{"self":[{"href":"https:\/\/tablaoflamenco1911.com\/de\/wp-json\/wp\/v2\/pages\/3010","targetHints":{"allow":["GET"]}}],"collection":[{"href":"https:\/\/tablaoflamenco1911.com\/de\/wp-json\/wp\/v2\/pages"}],"about":[{"href":"https:\/\/tablaoflamenco1911.com\/de\/wp-json\/wp\/v2\/types\/page"}],"author":[{"embeddable":true,"href":"https:\/\/tablaoflamenco1911.com\/de\/wp-json\/wp\/v2\/users\/1"}],"replies":[{"embeddable":true,"href":"https:\/\/tablaoflamenco1911.com\/de\/wp-json\/wp\/v2\/comments?post=3010"}],"version-history":[{"count":114,"href":"https:\/\/tablaoflamenco1911.com\/de\/wp-json\/wp\/v2\/pages\/3010\/revisions"}],"predecessor-version":[{"id":53916,"href":"https:\/\/tablaoflamenco1911.com\/de\/wp-json\/wp\/v2\/pages\/3010\/revisions\/53916"}],"up":[{"embeddable":true,"href":"https:\/\/tablaoflamenco1911.com\/de\/wp-json\/wp\/v2\/pages\/3008"}],"wp:featuredmedia":[{"embeddable":true,"href":"https:\/\/tablaoflamenco1911.com\/de\/wp-json\/wp\/v2\/media\/3165"}],"wp:attachment":[{"href":"https:\/\/tablaoflamenco1911.com\/de\/wp-json\/wp\/v2\/media?parent=3010"}],"curies":[{"name":"wp","href":"https:\/\/api.w.org\/{rel}","templated":true}]}}