{"id":3006,"date":"2022-09-02T12:32:06","date_gmt":"2022-09-02T12:32:06","guid":{"rendered":"https:\/\/tablaoflamenco1911.com\/?page_id=3006"},"modified":"2025-11-05T10:52:20","modified_gmt":"2025-11-05T09:52:20","slug":"tablao-flamenco-1911","status":"publish","type":"page","link":"https:\/\/tablaoflamenco1911.com\/de\/","title":{"rendered":"Tablao Flamenco 1911"},"content":{"rendered":"<p><\/p>\n<h2>Das \u00e4lteste <em>Flamenco<br \/>\nTablao<\/em> der Welt<br \/>\n<b>seit 1911<\/b><\/h2>\n<p>Seit dem Jahr 1911 ist das <a href=\"https:\/\/es.wikipedia.org\/wiki\/Villa_Rosa_(Madrid)\" target=\"_blank\" rel=\"noopener\">Tablao Flamenco Villa Rosa<\/a> die Seele der reinen Kunst in Madrid. T\u00e4glich bieten etablierte K\u00fcnstler und junge Talente eine unvergessliche Flamenco-Show. Zweifellos die \u00e4lteste Flamenco-Show der Welt.<\/p>","protected":false},"excerpt":{"rendered":"Das \u00e4lteste Flamenco Tablao der Welt seit 1911 Seit dem Jahr 1911 ist das Tablao Flamenco Villa Rosa die Seele der reinen Kunst in Madrid. T\u00e4glich bieten etablierte K\u00fcnstler und junge Talente eine unvergessliche Flamenco-Show. Zweifellos die \u00e4lteste Flamenco-Show der Welt.","protected":false},"author":1,"featured_media":0,"parent":0,"menu_order":0,"comment_status":"closed","ping_status":"closed","template":"templates\/home.php","meta":{"_acf_changed":false,"inline_featured_image":false,"footnotes":""},"class_list":["post-3006","page","type-page","status-publish","hentry"],"acf":[],"yoast_head":"<!-- This site is optimized with the Yoast SEO plugin v27.3 - https:\/\/yoast.com\/product\/yoast-seo-wordpress\/ -->\n<title>Tablao Flamenco 1911 | Die Kathedrale des Flamenco in Madrid<\/title>\n<meta name=\"description\" content=\"Erlebe die Essenz des Flamenco im \u00e4ltesten Tablao der Welt. Tradition, Kultur und Auff\u00fchrungen jede Woche im Herzen Madrids.\" \/>\n<meta name=\"robots\" content=\"index, follow, max-snippet:-1, max-image-preview:large, max-video-preview:-1\" \/>\n<link rel=\"canonical\" href=\"\/\" \/>\n<meta property=\"og:locale\" content=\"de_DE\" \/>\n<meta property=\"og:type\" content=\"article\" \/>\n<meta property=\"og:title\" content=\"Tablao Flamenco 1911 | Die Kathedrale des Flamenco in Madrid\" \/>\n<meta property=\"og:description\" content=\"Erlebe die Essenz des Flamenco im \u00e4ltesten Tablao der Welt. Tradition, Kultur und Auff\u00fchrungen jede Woche im Herzen Madrids.\" \/>\n<meta property=\"og:url\" content=\"https:\/\/tablaoflamenco1911.com\/de\/\" \/>\n<meta property=\"og:site_name\" content=\"Tablao Flamenco 1911\" \/>\n<meta property=\"article:modified_time\" content=\"2025-11-05T09:52:20+00:00\" \/>\n<meta name=\"twitter:card\" content=\"summary_large_image\" \/>\n<meta name=\"twitter:label1\" content=\"Gesch\u00e4tzte Lesezeit\" \/>\n\t<meta name=\"twitter:data1\" content=\"1\u00a0Minute\" \/>\n<script type=\"application\/ld+json\" class=\"yoast-schema-graph\">{\"@context\":\"https:\\\/\\\/schema.org\",\"@graph\":[{\"@type\":\"WebPage\",\"@id\":\"https:\\\/\\\/tablaoflamenco1911.com\\\/de\\\/\",\"url\":\"https:\\\/\\\/tablaoflamenco1911.com\\\/de\\\/\",\"name\":\"Tablao Flamenco 1911 | Die Kathedrale des Flamenco in Madrid\",\"isPartOf\":{\"@id\":\"https:\\\/\\\/tablaoflamenco1911.com\\\/de\\\/#website\"},\"datePublished\":\"2022-09-02T12:32:06+00:00\",\"dateModified\":\"2025-11-05T09:52:20+00:00\",\"description\":\"Erlebe die Essenz des Flamenco im \u00e4ltesten Tablao der Welt. Tradition, Kultur und Auff\u00fchrungen jede Woche im Herzen Madrids.\",\"breadcrumb\":{\"@id\":\"https:\\\/\\\/tablaoflamenco1911.com\\\/de\\\/#breadcrumb\"},\"inLanguage\":\"de\",\"potentialAction\":[{\"@type\":\"ReadAction\",\"target\":[[\"https:\\\/\\\/tablaoflamenco1911.com\\\/de\\\/\"]]}]},{\"@type\":\"BreadcrumbList\",\"@id\":\"https:\\\/\\\/tablaoflamenco1911.com\\\/de\\\/#breadcrumb\",\"itemListElement\":[{\"@type\":\"ListItem\",\"position\":1,\"name\":\"Portada\",\"item\":\"https:\\\/\\\/tablaoflamenco1911.com\\\/de\\\/\"},{\"@type\":\"ListItem\",\"position\":2,\"name\":\"Tablao Flamenco 1911\"}]},{\"@type\":\"WebSite\",\"@id\":\"https:\\\/\\\/tablaoflamenco1911.com\\\/de\\\/#website\",\"url\":\"https:\\\/\\\/tablaoflamenco1911.com\\\/de\\\/\",\"name\":\"Tablao Flamenco 1911\",\"description\":\"La Catedral del Flamenco en Madrid\",\"potentialAction\":[{\"@type\":\"SearchAction\",\"target\":{\"@type\":\"EntryPoint\",\"urlTemplate\":\"https:\\\/\\\/tablaoflamenco1911.com\\\/de\\\/?s={search_term_string}\"},\"query-input\":{\"@type\":\"PropertyValueSpecification\",\"valueRequired\":true,\"valueName\":\"search_term_string\"}}],\"inLanguage\":\"de\"}]}<\/script>\n<!-- \/ Yoast SEO plugin. -->","yoast_head_json":{"title":"Tablao Flamenco 1911 | Die Kathedrale des Flamenco in Madrid","description":"Erlebe die Essenz des Flamenco im \u00e4ltesten Tablao der Welt. Tradition, Kultur und Auff\u00fchrungen jede Woche im Herzen Madrids.","robots":{"index":"index","follow":"follow","max-snippet":"max-snippet:-1","max-image-preview":"max-image-preview:large","max-video-preview":"max-video-preview:-1"},"canonical":"\/","og_locale":"de_DE","og_type":"article","og_title":"Tablao Flamenco 1911 | Die Kathedrale des Flamenco in Madrid","og_description":"Erlebe die Essenz des Flamenco im \u00e4ltesten Tablao der Welt. Tradition, Kultur und Auff\u00fchrungen jede Woche im Herzen Madrids.","og_url":"https:\/\/tablaoflamenco1911.com\/de\/","og_site_name":"Tablao Flamenco 1911","article_modified_time":"2025-11-05T09:52:20+00:00","twitter_card":"summary_large_image","twitter_misc":{"Gesch\u00e4tzte Lesezeit":"1\u00a0Minute"},"schema":{"@context":"https:\/\/schema.org","@graph":[{"@type":"WebPage","@id":"https:\/\/tablaoflamenco1911.com\/de\/","url":"https:\/\/tablaoflamenco1911.com\/de\/","name":"Tablao Flamenco 1911 | Die Kathedrale des Flamenco in Madrid","isPartOf":{"@id":"https:\/\/tablaoflamenco1911.com\/de\/#website"},"datePublished":"2022-09-02T12:32:06+00:00","dateModified":"2025-11-05T09:52:20+00:00","description":"Erlebe die Essenz des Flamenco im \u00e4ltesten Tablao der Welt. Tradition, Kultur und Auff\u00fchrungen jede Woche im Herzen Madrids.","breadcrumb":{"@id":"https:\/\/tablaoflamenco1911.com\/de\/#breadcrumb"},"inLanguage":"de","potentialAction":[{"@type":"ReadAction","target":[["https:\/\/tablaoflamenco1911.com\/de\/"]]}]},{"@type":"BreadcrumbList","@id":"https:\/\/tablaoflamenco1911.com\/de\/#breadcrumb","itemListElement":[{"@type":"ListItem","position":1,"name":"Portada","item":"https:\/\/tablaoflamenco1911.com\/de\/"},{"@type":"ListItem","position":2,"name":"Tablao Flamenco 1911"}]},{"@type":"WebSite","@id":"https:\/\/tablaoflamenco1911.com\/de\/#website","url":"https:\/\/tablaoflamenco1911.com\/de\/","name":"Tablao Flamenco 1911","description":"La Catedral del Flamenco en Madrid","potentialAction":[{"@type":"SearchAction","target":{"@type":"EntryPoint","urlTemplate":"https:\/\/tablaoflamenco1911.com\/de\/?s={search_term_string}"},"query-input":{"@type":"PropertyValueSpecification","valueRequired":true,"valueName":"search_term_string"}}],"inLanguage":"de"}]}},"_links":{"self":[{"href":"https:\/\/tablaoflamenco1911.com\/de\/wp-json\/wp\/v2\/pages\/3006","targetHints":{"allow":["GET"]}}],"collection":[{"href":"https:\/\/tablaoflamenco1911.com\/de\/wp-json\/wp\/v2\/pages"}],"about":[{"href":"https:\/\/tablaoflamenco1911.com\/de\/wp-json\/wp\/v2\/types\/page"}],"author":[{"embeddable":true,"href":"https:\/\/tablaoflamenco1911.com\/de\/wp-json\/wp\/v2\/users\/1"}],"replies":[{"embeddable":true,"href":"https:\/\/tablaoflamenco1911.com\/de\/wp-json\/wp\/v2\/comments?post=3006"}],"version-history":[{"count":127,"href":"https:\/\/tablaoflamenco1911.com\/de\/wp-json\/wp\/v2\/pages\/3006\/revisions"}],"predecessor-version":[{"id":54305,"href":"https:\/\/tablaoflamenco1911.com\/de\/wp-json\/wp\/v2\/pages\/3006\/revisions\/54305"}],"wp:attachment":[{"href":"https:\/\/tablaoflamenco1911.com\/de\/wp-json\/wp\/v2\/media?parent=3006"}],"curies":[{"name":"wp","href":"https:\/\/api.w.org\/{rel}","templated":true}]}}