{"id":2734,"date":"2022-06-28T08:30:02","date_gmt":"2022-06-28T08:30:02","guid":{"rendered":"https:\/\/tablaoflamenco1911.com\/?page_id=2734"},"modified":"2026-02-17T18:42:35","modified_gmt":"2026-02-17T17:42:35","slug":"show","status":"publish","type":"page","link":"https:\/\/tablaoflamenco1911.com\/de\/shows\/","title":{"rendered":"Flamenco-Shows in Madrid"},"content":{"rendered":"<p><\/p>\n<p class=\"\" data-start=\"155\" data-end=\"440\">Als Tempel des Flamenco in Madrid hat <strong data-start=\"193\" data-end=\"208\">Tablao 1911<\/strong> das Ziel, die Essenz der Flamenco-Feier zu bewahren. Seine Shows werden sowohl Anf\u00e4nger als auch Experten mit ihrer Qualit\u00e4t und Reinheit begeistern. <strong data-start=\"359\" data-end=\"367\">1911<\/strong> pr\u00e4sentiert sich erneut als die Kathedrale der Flamenco-Kunst in Madrid.<\/p>\n<p class=\"\" data-start=\"442\" data-end=\"715\">Cantaoren, Gitarristen und Musiker entlocken den klassischen St\u00fccken die Noten, w\u00e4hrend T\u00e4nzerinnen und T\u00e4nzer mit Pr\u00e4zision jeden Flamenco-Stil verk\u00f6rpern; Sole\u00e1, Buler\u00edas oder Tarantas; Abs\u00e4tze, Volants und Schleppe vermitteln die Essenz des Flamenco von Anfang bis Ende.<\/p>\n<p><\/p>","protected":false},"excerpt":{"rendered":"Als Tempel des Flamenco in Madrid hat Tablao 1911 das Ziel, die Essenz der Flamenco-Feier zu bewahren. Seine Shows werden sowohl Anf\u00e4nger als auch Experten mit ihrer Qualit\u00e4t und Reinheit begeistern. 1911 pr\u00e4sentiert sich erneut als die Kathedrale der Flamenco-Kunst in Madrid. Cantaoren, Gitarristen und Musiker entlocken den klassischen St\u00fccken die Noten, w\u00e4hrend T\u00e4nzerinnen und&#8230;","protected":false},"author":1,"featured_media":3411,"parent":0,"menu_order":2,"comment_status":"closed","ping_status":"closed","template":"templates\/shows.php","meta":{"_acf_changed":false,"inline_featured_image":false,"footnotes":""},"class_list":["post-2734","page","type-page","status-publish","has-post-thumbnail","hentry"],"acf":[],"yoast_head":"<!-- This site is optimized with the Yoast SEO plugin v27.4 - https:\/\/yoast.com\/product\/yoast-seo-wordpress\/ -->\n<title>Flamenco-Shows in Madrid | Tablao 1911<\/title>\n<meta name=\"description\" content=\"Entdecke die Magie des Flamenco im Tablao 1911 durch seine einzigartigen Auff\u00fchrungen. Leidenschaft, Authentizit\u00e4t und Tradition jeden Tag.\" \/>\n<meta name=\"robots\" content=\"index, follow, max-snippet:-1, max-image-preview:large, max-video-preview:-1\" \/>\n<link rel=\"canonical\" href=\"\/\" \/>\n<meta property=\"og:locale\" content=\"de_DE\" \/>\n<meta property=\"og:type\" content=\"article\" \/>\n<meta property=\"og:title\" content=\"Flamenco-Shows in Madrid | Tablao 1911\" \/>\n<meta property=\"og:description\" content=\"Entdecke die Magie des Flamenco im Tablao 1911 durch seine einzigartigen Auff\u00fchrungen. Leidenschaft, Authentizit\u00e4t und Tradition jeden Tag.\" \/>\n<meta property=\"og:url\" content=\"https:\/\/tablaoflamenco1911.com\/de\/espectaculos\/\" \/>\n<meta property=\"og:site_name\" content=\"Tablao Flamenco 1911\" \/>\n<meta property=\"article:modified_time\" content=\"2026-02-17T17:42:35+00:00\" \/>\n<meta property=\"og:image\" content=\"https:\/\/tablaoflamenco1911.com\/wp-content\/uploads\/2022\/09\/bailaor-iluminado-perfil.jpg\" \/>\n\t<meta property=\"og:image:width\" content=\"1400\" \/>\n\t<meta property=\"og:image:height\" content=\"500\" \/>\n\t<meta property=\"og:image:type\" content=\"image\/jpeg\" \/>\n<meta name=\"twitter:card\" content=\"summary_large_image\" \/>\n<meta name=\"twitter:label1\" content=\"Gesch\u00e4tzte Lesezeit\" \/>\n\t<meta name=\"twitter:data1\" content=\"1\u00a0Minute\" \/>\n<script type=\"application\/ld+json\" class=\"yoast-schema-graph\">{\"@context\":\"https:\\\/\\\/schema.org\",\"@graph\":[{\"@type\":\"WebPage\",\"@id\":\"https:\\\/\\\/tablaoflamenco1911.com\\\/de\\\/espectaculos\\\/\",\"url\":\"https:\\\/\\\/tablaoflamenco1911.com\\\/de\\\/espectaculos\\\/\",\"name\":\"Flamenco-Shows in Madrid | Tablao 1911\",\"isPartOf\":{\"@id\":\"https:\\\/\\\/tablaoflamenco1911.com\\\/de\\\/#website\"},\"primaryImageOfPage\":{\"@id\":\"https:\\\/\\\/tablaoflamenco1911.com\\\/de\\\/espectaculos\\\/#primaryimage\"},\"image\":{\"@id\":\"https:\\\/\\\/tablaoflamenco1911.com\\\/es\\\/espectaculos\\\/#primaryimage\"},\"thumbnailUrl\":\"https:\\\/\\\/tablaoflamenco1911.com\\\/wp-content\\\/uploads\\\/2022\\\/09\\\/bailaor-iluminado-perfil.jpg\",\"datePublished\":\"2022-06-28T08:30:02+00:00\",\"dateModified\":\"2026-02-17T17:42:35+00:00\",\"description\":\"Entdecke die Magie des Flamenco im Tablao 1911 durch seine einzigartigen Auff\u00fchrungen. Leidenschaft, Authentizit\u00e4t und Tradition jeden Tag.\",\"breadcrumb\":{\"@id\":\"https:\\\/\\\/tablaoflamenco1911.com\\\/de\\\/espectaculos\\\/#breadcrumb\"},\"inLanguage\":\"de\",\"potentialAction\":[{\"@type\":\"ReadAction\",\"target\":[[\"https:\\\/\\\/tablaoflamenco1911.com\\\/de\\\/espectaculos\\\/\"]]}]},{\"@type\":\"ImageObject\",\"inLanguage\":\"de\",\"@id\":\"https:\\\/\\\/tablaoflamenco1911.com\\\/de\\\/espectaculos\\\/#primaryimage\",\"url\":\"https:\\\/\\\/tablaoflamenco1911.com\\\/wp-content\\\/uploads\\\/2022\\\/09\\\/bailaor-iluminado-perfil.jpg\",\"contentUrl\":\"https:\\\/\\\/tablaoflamenco1911.com\\\/wp-content\\\/uploads\\\/2022\\\/09\\\/bailaor-iluminado-perfil.jpg\",\"width\":1400,\"height\":500,\"caption\":\"Bailaor iluminado de perfil\"},{\"@type\":\"BreadcrumbList\",\"@id\":\"https:\\\/\\\/tablaoflamenco1911.com\\\/de\\\/espectaculos\\\/#breadcrumb\",\"itemListElement\":[{\"@type\":\"ListItem\",\"position\":1,\"name\":\"Portada\",\"item\":\"https:\\\/\\\/tablaoflamenco1911.com\\\/de\\\/\"},{\"@type\":\"ListItem\",\"position\":2,\"name\":\"Shows de Flamenco en Madrid\"}]},{\"@type\":\"WebSite\",\"@id\":\"https:\\\/\\\/tablaoflamenco1911.com\\\/de\\\/#website\",\"url\":\"https:\\\/\\\/tablaoflamenco1911.com\\\/de\\\/\",\"name\":\"Tablao Flamenco 1911\",\"description\":\"La Catedral del Flamenco en Madrid\",\"potentialAction\":[{\"@type\":\"SearchAction\",\"target\":{\"@type\":\"EntryPoint\",\"urlTemplate\":\"https:\\\/\\\/tablaoflamenco1911.com\\\/de\\\/?s={search_term_string}\"},\"query-input\":{\"@type\":\"PropertyValueSpecification\",\"valueRequired\":true,\"valueName\":\"search_term_string\"}}],\"inLanguage\":\"de\"}]}<\/script>\n<!-- \/ Yoast SEO plugin. -->","yoast_head_json":{"title":"Flamenco-Shows in Madrid | Tablao 1911","description":"Entdecke die Magie des Flamenco im Tablao 1911 durch seine einzigartigen Auff\u00fchrungen. Leidenschaft, Authentizit\u00e4t und Tradition jeden Tag.","robots":{"index":"index","follow":"follow","max-snippet":"max-snippet:-1","max-image-preview":"max-image-preview:large","max-video-preview":"max-video-preview:-1"},"canonical":"\/","og_locale":"de_DE","og_type":"article","og_title":"Flamenco-Shows in Madrid | Tablao 1911","og_description":"Entdecke die Magie des Flamenco im Tablao 1911 durch seine einzigartigen Auff\u00fchrungen. Leidenschaft, Authentizit\u00e4t und Tradition jeden Tag.","og_url":"https:\/\/tablaoflamenco1911.com\/de\/espectaculos\/","og_site_name":"Tablao Flamenco 1911","article_modified_time":"2026-02-17T17:42:35+00:00","og_image":[{"width":1400,"height":500,"url":"https:\/\/tablaoflamenco1911.com\/wp-content\/uploads\/2022\/09\/bailaor-iluminado-perfil.jpg","type":"image\/jpeg"}],"twitter_card":"summary_large_image","twitter_misc":{"Gesch\u00e4tzte Lesezeit":"1\u00a0Minute"},"schema":{"@context":"https:\/\/schema.org","@graph":[{"@type":"WebPage","@id":"https:\/\/tablaoflamenco1911.com\/de\/espectaculos\/","url":"https:\/\/tablaoflamenco1911.com\/de\/espectaculos\/","name":"Flamenco-Shows in Madrid | Tablao 1911","isPartOf":{"@id":"https:\/\/tablaoflamenco1911.com\/de\/#website"},"primaryImageOfPage":{"@id":"https:\/\/tablaoflamenco1911.com\/de\/espectaculos\/#primaryimage"},"image":{"@id":"https:\/\/tablaoflamenco1911.com\/es\/espectaculos\/#primaryimage"},"thumbnailUrl":"https:\/\/tablaoflamenco1911.com\/wp-content\/uploads\/2022\/09\/bailaor-iluminado-perfil.jpg","datePublished":"2022-06-28T08:30:02+00:00","dateModified":"2026-02-17T17:42:35+00:00","description":"Entdecke die Magie des Flamenco im Tablao 1911 durch seine einzigartigen Auff\u00fchrungen. Leidenschaft, Authentizit\u00e4t und Tradition jeden Tag.","breadcrumb":{"@id":"https:\/\/tablaoflamenco1911.com\/de\/espectaculos\/#breadcrumb"},"inLanguage":"de","potentialAction":[{"@type":"ReadAction","target":[["https:\/\/tablaoflamenco1911.com\/de\/espectaculos\/"]]}]},{"@type":"ImageObject","inLanguage":"de","@id":"https:\/\/tablaoflamenco1911.com\/de\/espectaculos\/#primaryimage","url":"https:\/\/tablaoflamenco1911.com\/wp-content\/uploads\/2022\/09\/bailaor-iluminado-perfil.jpg","contentUrl":"https:\/\/tablaoflamenco1911.com\/wp-content\/uploads\/2022\/09\/bailaor-iluminado-perfil.jpg","width":1400,"height":500,"caption":"Bailaor iluminado de perfil"},{"@type":"BreadcrumbList","@id":"https:\/\/tablaoflamenco1911.com\/de\/espectaculos\/#breadcrumb","itemListElement":[{"@type":"ListItem","position":1,"name":"Portada","item":"https:\/\/tablaoflamenco1911.com\/de\/"},{"@type":"ListItem","position":2,"name":"Shows de Flamenco en Madrid"}]},{"@type":"WebSite","@id":"https:\/\/tablaoflamenco1911.com\/de\/#website","url":"https:\/\/tablaoflamenco1911.com\/de\/","name":"Tablao Flamenco 1911","description":"La Catedral del Flamenco en Madrid","potentialAction":[{"@type":"SearchAction","target":{"@type":"EntryPoint","urlTemplate":"https:\/\/tablaoflamenco1911.com\/de\/?s={search_term_string}"},"query-input":{"@type":"PropertyValueSpecification","valueRequired":true,"valueName":"search_term_string"}}],"inLanguage":"de"}]}},"_links":{"self":[{"href":"https:\/\/tablaoflamenco1911.com\/de\/wp-json\/wp\/v2\/pages\/2734","targetHints":{"allow":["GET"]}}],"collection":[{"href":"https:\/\/tablaoflamenco1911.com\/de\/wp-json\/wp\/v2\/pages"}],"about":[{"href":"https:\/\/tablaoflamenco1911.com\/de\/wp-json\/wp\/v2\/types\/page"}],"author":[{"embeddable":true,"href":"https:\/\/tablaoflamenco1911.com\/de\/wp-json\/wp\/v2\/users\/1"}],"replies":[{"embeddable":true,"href":"https:\/\/tablaoflamenco1911.com\/de\/wp-json\/wp\/v2\/comments?post=2734"}],"version-history":[{"count":43,"href":"https:\/\/tablaoflamenco1911.com\/de\/wp-json\/wp\/v2\/pages\/2734\/revisions"}],"predecessor-version":[{"id":54752,"href":"https:\/\/tablaoflamenco1911.com\/de\/wp-json\/wp\/v2\/pages\/2734\/revisions\/54752"}],"wp:featuredmedia":[{"embeddable":true,"href":"https:\/\/tablaoflamenco1911.com\/de\/wp-json\/wp\/v2\/media\/3411"}],"wp:attachment":[{"href":"https:\/\/tablaoflamenco1911.com\/de\/wp-json\/wp\/v2\/media?parent=2734"}],"curies":[{"name":"wp","href":"https:\/\/api.w.org\/{rel}","templated":true}]}}